{"id":985,"date":"2016-05-11T11:12:34","date_gmt":"2016-05-11T16:12:34","guid":{"rendered":"http:\/\/localhost\/?page_id=985"},"modified":"2016-05-15T08:57:45","modified_gmt":"2016-05-15T13:57:45","slug":"restez-connecte","status":"publish","type":"page","link":"http:\/\/www.lrc50clr.com\/?page_id=985","title":{"rendered":"Restez connect\u00e9"},"content":{"rendered":"<p>Nous sommes si heureux que vous \u00eates int\u00e9ress\u00e9s \u00e0 entendre parler <strong>des plans pour c\u00e9l\u00e9brer le 50e anniversaire du <\/strong>Coll\u00e8ge Louis-Riel.<\/p>\n<p>Nous esp\u00e9rons que vous partagerez certains <strong>informations-contact de base<\/strong> avec nous.\u00a0 Une fois que vous remplissez le questionnaire, vous devriez recevoir un <strong>courriel <\/strong>pour confirmer votre abonnement.\u00a0 <strong>Afin d\u2019\u00eatre ajout\u00e9 \u00e0 notre liste, <\/strong>veuillez suivre les instructions <strong>dans <\/strong>ce courriel et confirmer votre abonnement.<\/p>\n<p><strong>Les <\/strong>r\u00e8glements du gouvernement f\u00e9d\u00e9ral <strong>indique<\/strong> que nous ne pouvons pas vous contacter ou partager des informations via <strong>courriel<\/strong> sans votre permission. <strong>Ceci<\/strong> est <strong>diff\u00e9rent<\/strong> de toutes les autres\u00a0 r\u00e9unions.\u00a0 Si vous voulez rester \u00e0 jour, vous avez deux options:<\/p>\n<ul>\n<li>Surveillez les mises \u00e0 jour sur ce site d\u00e8s qu\u2019ils seront disponibles <strong>par<\/strong> visites r\u00e9p\u00e9t\u00e9es;<\/li>\n<\/ul>\n<ul>\n<li><strong>ou compl\u00e9tez<\/strong> les informations ci-dessous.Une fois que vous <strong>les <\/strong>avez soumis, vous recevrez un courriel pour confirmer votre abonnement pour recevoir de l\u2019information. Il suffit de cliquer sur le lien fourni et vous recevrez automatiquement <strong>des bulletins de mise \u00e0 jour lorsqu\u2019ils seront publi\u00e9s.<\/strong><\/li>\n<\/ul>\n<p>Veuillez noter les points suivants : certaines adresses <strong>courriel peuvent<\/strong> \u00eatre bloqu\u00e9 par vos administrateurs.\u00a0 Si vous rencontrez des probl\u00e8mes, essayez d\u2019utiliser <strong>une adresse courriel <\/strong>personnelle au lieu.\u00a0 Si vous vous inscrivez mais ne <strong>recevez pas un courriel <\/strong>de confirmation, vous avez peut-\u00eatre <strong>mal inscrit<\/strong> votre adresse <strong>courriel<\/strong> &#8211; veuillez r\u00e9essayer. Il est possible que la confirmation est <strong>all\u00e9e<\/strong> dans votre courrier ind\u00e9sirable &#8211; veuillez r\u00e9essayer.<\/p>\n<p>Abonnez-vous \u00e0 notre liste d\u2019envoi<\/p>\n<p>* <strong>indique<\/strong> les champs obligatoires.<\/p>\n<p>&nbsp;<\/p>\n<p><!-- Begin MailChimp Signup Form --><\/p>\n<div id=\"mc_embed_signup\">\n<form id=\"mc-embedded-subscribe-form\" class=\"validate\" action=\"\/\/lrc50clr.us13.list-manage.com\/subscribe\/post?u=fbbea9e0041c807a4ff806792&amp;id=3f3322905d\" method=\"post\" name=\"mc-embedded-subscribe-form\" novalidate=\"\" target=\"_blank\">\n<div id=\"mc_embed_signup_scroll\">\n<h4 class=\"Body\"><span lang=\"EN-US\">Abonnez-vous \u00e0 notre liste d\u2019envoi<\/span><\/h4>\n<div class=\"indicates-required\"><span class=\"asterisk\">*<\/span> Indique les champs obligatoires<\/div>\n<div class=\"indicates-required\"><\/div>\n<div class=\"mc-field-group\"><label for=\"mce-EMAIL\">Email Address E-mail <span class=\"asterisk\">*<\/span><br \/>\n<\/label><br \/>\n<input id=\"mce-EMAIL\" class=\"required email\" name=\"EMAIL\" type=\"email\" value=\"\" \/><\/div>\n<div class=\"mc-field-group\"><label for=\"mce-FNAME\">First Name \/ Pr\u00e9nom <span class=\"asterisk\">*<\/span><br \/>\n<\/label><br \/>\n<input id=\"mce-FNAME\" class=\"required\" name=\"FNAME\" type=\"text\" value=\"\" \/><\/div>\n<div class=\"mc-field-group\"><label for=\"mce-LNAME\">Last Name \/ Dernier nom <span class=\"asterisk\">*<\/span><br \/>\n<\/label><br \/>\n<input id=\"mce-LNAME\" class=\"required\" name=\"LNAME\" type=\"text\" value=\"\" \/><\/div>\n<div class=\"mc-field-group\"><label for=\"mce-MAIDEN\">Maiden \/ other name \/ autre nom \/ nom de fille <\/label><br \/>\n<input id=\"mce-MAIDEN\" class=\"\" name=\"MAIDEN\" type=\"text\" value=\"\" \/><\/div>\n<div class=\"mc-field-group size1of2\"><label for=\"mce-GRADYEAR\">Grad or Last Year \/ ou l&#8217;ann\u00e9e derni\u00e8re <span class=\"asterisk\">*<\/span><br \/>\n<\/label><br \/>\n<input id=\"mce-GRADYEAR\" class=\"required\" name=\"GRADYEAR\" type=\"number\" value=\"\" \/><\/div>\n<div class=\"mc-field-group\"><label for=\"mce-VOLUNTEER\">Can you \/ pouvez vous etre \/ volunteer? <span class=\"asterisk\">*<\/span><br \/>\n<\/label><br \/>\n<input id=\"mce-VOLUNTEER\" class=\"required\" name=\"VOLUNTEER\" type=\"text\" value=\"\" \/><\/div>\n<div class=\"mc-field-group\"><label for=\"mce-RESIDENT\">Resident of \/ de Winnipeg? <span class=\"asterisk\">*<\/span><br \/>\n<\/label><br \/>\n<input id=\"mce-RESIDENT\" class=\"required\" name=\"RESIDENT\" type=\"text\" value=\"\" \/><\/div>\n<div class=\"mc-field-group input-group\">\n<p><strong>Email Format <\/strong><\/p>\n<ul>\n<li><input id=\"mce-EMAILTYPE-0\" name=\"EMAILTYPE\" type=\"radio\" value=\"html\" \/><label for=\"mce-EMAILTYPE-0\">html<\/label><\/li>\n<li><input id=\"mce-EMAILTYPE-1\" name=\"EMAILTYPE\" type=\"radio\" value=\"text\" \/><label for=\"mce-EMAILTYPE-1\">text<\/label><\/li>\n<\/ul>\n<\/div>\n<div id=\"mce-responses\" class=\"clear\"><\/div>\n<p><!-- real people should not fill this in and expect good things - do not remove this or risk form bot signups--><\/p>\n<div style=\"position: absolute; left: -5000px;\"><input tabindex=\"-1\" name=\"b_fbbea9e0041c807a4ff806792_3f3322905d\" type=\"text\" value=\"\" \/><\/div>\n<div class=\"clear\"><input id=\"mc-embedded-subscribe\" class=\"button\" name=\"subscribe\" type=\"submit\" value=\"Subscribe\" \/><\/div>\n<\/div>\n<\/form>\n<\/div>\n<p><script src=\"\/\/s3.amazonaws.com\/downloads.mailchimp.com\/js\/mc-validate.js\" type=\"text\/javascript\"><\/script><script type=\"text\/javascript\">\/\/ <![CDATA[\n(function($) {window.fnames = new Array(); window.ftypes = new Array();fnames[0]='EMAIL';ftypes[0]='email';fnames[1]='FNAME';ftypes[1]='text';fnames[2]='LNAME';ftypes[2]='text';fnames[3]='MAIDEN';ftypes[3]='text';fnames[4]='GRADYEAR';ftypes[4]='number';fnames[5]='VOLUNTEER';ftypes[5]='text';fnames[6]='RESIDENT';ftypes[6]='text';}(jQuery));var $mcj = jQuery.noConflict(true);\n\/\/ ]]><\/script><br \/>\n<!--End mc_embed_signup--><\/p>\n","protected":false},"excerpt":{"rendered":"<p>Nous sommes si heureux que vous &ecirc;tes int&eacute;ress&eacute;s &agrave; entendre parler des plans pour c&eacute;l&eacute;brer le 50e anniversaire du Coll&egrave;ge Louis-Riel. Nous esp&eacute;rons que vous partagerez certains informations-contact de base avec nous.&nbsp; Une fois que vous remplissez le questionnaire, vous devriez recevoir un courriel pour confirmer votre abonnement.&nbsp; Afin d&rsquo;&ecirc;tre ajout&eacute; &agrave; notre liste, veuillez &hellip; <a href=\"http:\/\/www.lrc50clr.com\/?page_id=985\" class=\"more-link\">Continue reading <span class=\"screen-reader-text\">Restez connect\u00e9<\/span> <span class=\"meta-nav\">&rarr;<\/span><\/a><\/p>\n","protected":false},"author":1,"featured_media":0,"parent":0,"menu_order":0,"comment_status":"closed","ping_status":"closed","template":"","meta":{"footnotes":""},"class_list":["post-985","page","type-page","status-publish","hentry"],"yoast_head":"<!-- This site is optimized with the Yoast SEO plugin v24.3 - https:\/\/yoast.com\/wordpress\/plugins\/seo\/ -->\r\n<title>Restez connect\u00e9 - LRC50CLR<\/title>\r\n<meta name=\"robots\" content=\"noindex, follow, max-snippet:-1, max-image-preview:large, max-video-preview:-1\" \/>\r\n<meta property=\"og:locale\" content=\"en_US\" \/>\r\n<meta property=\"og:type\" content=\"article\" \/>\r\n<meta property=\"og:title\" content=\"Restez connect\u00e9 - LRC50CLR\" \/>\r\n<meta property=\"og:description\" content=\"Nous sommes si heureux que vous &ecirc;tes int&eacute;ress&eacute;s &agrave; entendre parler des plans pour c&eacute;l&eacute;brer le 50e anniversaire du Coll&egrave;ge Louis-Riel. Nous esp&eacute;rons que vous partagerez certains informations-contact de base avec nous.&nbsp; Une fois que vous remplissez le questionnaire, vous devriez recevoir un courriel pour confirmer votre abonnement.&nbsp; Afin d&rsquo;&ecirc;tre ajout&eacute; &agrave; notre liste, veuillez &hellip; Continue reading Restez connect\u00e9 &rarr;\" \/>\r\n<meta property=\"og:url\" content=\"http:\/\/www.lrc50clr.com\/?page_id=985\" \/>\r\n<meta property=\"og:site_name\" content=\"LRC50CLR\" \/>\r\n<meta property=\"article:modified_time\" content=\"2016-05-15T13:57:45+00:00\" \/>\r\n<meta name=\"twitter:card\" content=\"summary_large_image\" \/>\r\n<meta name=\"twitter:label1\" content=\"Est. reading time\" \/>\n\t<meta name=\"twitter:data1\" content=\"2 minutes\" \/>\r\n<script type=\"application\/ld+json\" class=\"yoast-schema-graph\">{\"@context\":\"https:\/\/schema.org\",\"@graph\":[{\"@type\":\"WebPage\",\"@id\":\"http:\/\/www.lrc50clr.com\/?page_id=985\",\"url\":\"http:\/\/www.lrc50clr.com\/?page_id=985\",\"name\":\"Restez connect\u00e9 - LRC50CLR\",\"isPartOf\":{\"@id\":\"http:\/\/www.lrc50clr.com\/#website\"},\"datePublished\":\"2016-05-11T16:12:34+00:00\",\"dateModified\":\"2016-05-15T13:57:45+00:00\",\"breadcrumb\":{\"@id\":\"http:\/\/www.lrc50clr.com\/?page_id=985#breadcrumb\"},\"inLanguage\":\"en-CA\",\"potentialAction\":[{\"@type\":\"ReadAction\",\"target\":[\"http:\/\/www.lrc50clr.com\/?page_id=985\"]}]},{\"@type\":\"BreadcrumbList\",\"@id\":\"http:\/\/www.lrc50clr.com\/?page_id=985#breadcrumb\",\"itemListElement\":[{\"@type\":\"ListItem\",\"position\":1,\"name\":\"Home\",\"item\":\"http:\/\/www.lrc50clr.com\/?lang=en\"},{\"@type\":\"ListItem\",\"position\":2,\"name\":\"Restez connect\u00e9\"}]},{\"@type\":\"WebSite\",\"@id\":\"http:\/\/www.lrc50clr.com\/#website\",\"url\":\"http:\/\/www.lrc50clr.com\/\",\"name\":\"LRC50CLR\",\"description\":\"Louis Riel Collegiate 50th\/e Coll\u00e8ge Louis Riel\",\"potentialAction\":[{\"@type\":\"SearchAction\",\"target\":{\"@type\":\"EntryPoint\",\"urlTemplate\":\"http:\/\/www.lrc50clr.com\/?s={search_term_string}\"},\"query-input\":{\"@type\":\"PropertyValueSpecification\",\"valueRequired\":true,\"valueName\":\"search_term_string\"}}],\"inLanguage\":\"en-CA\"}]}<\/script>\r\n<!-- \/ Yoast SEO plugin. -->","yoast_head_json":{"title":"Restez connect\u00e9 - LRC50CLR","robots":{"index":"noindex","follow":"follow","max-snippet":"max-snippet:-1","max-image-preview":"max-image-preview:large","max-video-preview":"max-video-preview:-1"},"og_locale":"en_US","og_type":"article","og_title":"Restez connect\u00e9 - LRC50CLR","og_description":"Nous sommes si heureux que vous &ecirc;tes int&eacute;ress&eacute;s &agrave; entendre parler des plans pour c&eacute;l&eacute;brer le 50e anniversaire du Coll&egrave;ge Louis-Riel. Nous esp&eacute;rons que vous partagerez certains informations-contact de base avec nous.&nbsp; Une fois que vous remplissez le questionnaire, vous devriez recevoir un courriel pour confirmer votre abonnement.&nbsp; Afin d&rsquo;&ecirc;tre ajout&eacute; &agrave; notre liste, veuillez &hellip; Continue reading Restez connect\u00e9 &rarr;","og_url":"http:\/\/www.lrc50clr.com\/?page_id=985","og_site_name":"LRC50CLR","article_modified_time":"2016-05-15T13:57:45+00:00","twitter_card":"summary_large_image","twitter_misc":{"Est. reading time":"2 minutes"},"schema":{"@context":"https:\/\/schema.org","@graph":[{"@type":"WebPage","@id":"http:\/\/www.lrc50clr.com\/?page_id=985","url":"http:\/\/www.lrc50clr.com\/?page_id=985","name":"Restez connect\u00e9 - LRC50CLR","isPartOf":{"@id":"http:\/\/www.lrc50clr.com\/#website"},"datePublished":"2016-05-11T16:12:34+00:00","dateModified":"2016-05-15T13:57:45+00:00","breadcrumb":{"@id":"http:\/\/www.lrc50clr.com\/?page_id=985#breadcrumb"},"inLanguage":"en-CA","potentialAction":[{"@type":"ReadAction","target":["http:\/\/www.lrc50clr.com\/?page_id=985"]}]},{"@type":"BreadcrumbList","@id":"http:\/\/www.lrc50clr.com\/?page_id=985#breadcrumb","itemListElement":[{"@type":"ListItem","position":1,"name":"Home","item":"http:\/\/www.lrc50clr.com\/?lang=en"},{"@type":"ListItem","position":2,"name":"Restez connect\u00e9"}]},{"@type":"WebSite","@id":"http:\/\/www.lrc50clr.com\/#website","url":"http:\/\/www.lrc50clr.com\/","name":"LRC50CLR","description":"Louis Riel Collegiate 50th\/e Coll\u00e8ge Louis Riel","potentialAction":[{"@type":"SearchAction","target":{"@type":"EntryPoint","urlTemplate":"http:\/\/www.lrc50clr.com\/?s={search_term_string}"},"query-input":{"@type":"PropertyValueSpecification","valueRequired":true,"valueName":"search_term_string"}}],"inLanguage":"en-CA"}]}},"_links":{"self":[{"href":"http:\/\/www.lrc50clr.com\/index.php?rest_route=\/wp\/v2\/pages\/985","targetHints":{"allow":["GET"]}}],"collection":[{"href":"http:\/\/www.lrc50clr.com\/index.php?rest_route=\/wp\/v2\/pages"}],"about":[{"href":"http:\/\/www.lrc50clr.com\/index.php?rest_route=\/wp\/v2\/types\/page"}],"author":[{"embeddable":true,"href":"http:\/\/www.lrc50clr.com\/index.php?rest_route=\/wp\/v2\/users\/1"}],"replies":[{"embeddable":true,"href":"http:\/\/www.lrc50clr.com\/index.php?rest_route=%2Fwp%2Fv2%2Fcomments&post=985"}],"version-history":[{"count":13,"href":"http:\/\/www.lrc50clr.com\/index.php?rest_route=\/wp\/v2\/pages\/985\/revisions"}],"predecessor-version":[{"id":1056,"href":"http:\/\/www.lrc50clr.com\/index.php?rest_route=\/wp\/v2\/pages\/985\/revisions\/1056"}],"wp:attachment":[{"href":"http:\/\/www.lrc50clr.com\/index.php?rest_route=%2Fwp%2Fv2%2Fmedia&parent=985"}],"curies":[{"name":"wp","href":"https:\/\/api.w.org\/{rel}","templated":true}]}}