{"id":960,"date":"2016-05-11T10:07:13","date_gmt":"2016-05-11T15:07:13","guid":{"rendered":"http:\/\/localhost\/?page_id=960"},"modified":"2017-04-12T12:08:55","modified_gmt":"2017-04-12T17:08:55","slug":"960-2","status":"publish","type":"page","link":"http:\/\/www.lrc50clr.com\/?page_id=960","title":{"rendered":"Winnipeg"},"content":{"rendered":"<h2>Quoi faire \u00e0 Winnipeg<\/h2>\n<p>En <a href=\"http:\/\/www.lrc50clr.com\/wp-content\/uploads\/2016\/05\/Winnipeg.jpg\"><img loading=\"lazy\" decoding=\"async\" class=\"size-medium wp-image-975 alignright\" src=\"http:\/\/www.lrc50clr.com\/wp-content\/uploads\/2016\/05\/Winnipeg-221x300.jpg\" alt=\"Winnipeg\" width=\"221\" height=\"300\" srcset=\"http:\/\/www.lrc50clr.com\/wp-content\/uploads\/2016\/05\/Winnipeg-221x300.jpg 221w, http:\/\/www.lrc50clr.com\/wp-content\/uploads\/2016\/05\/Winnipeg.jpg 274w\" sizes=\"auto, (max-width: 221px) 100vw, 221px\" \/><\/a>particulier pour ceux qui ont d\u00e9m\u00e9nag\u00e9, nous pensions que nous pourrions cr\u00e9er une liste de choses \u00e0 faire, les lieux \u00e0 visiter, des merveilles <strong>\u00e0<\/strong> voir.\u00a0 Mais d\u2019abord, assurez-vous de lire l\u2019article <strong>du<\/strong> National Geographic <strong>qui identifie<\/strong> Winnipeg comme \u201cun des meilleurs endroits \u00e0 visiter sur <strong>la<\/strong> terre\u201d.<\/p>\n<p class=\"Body\"><span lang=\"EN-US\">Veuillez <b>v\u00e9rifier<\/b> cette superbe vid\u00e9o de <b>photos <\/b>de vue <b>a\u00e9rienne <\/b>de Winnipeg <b>fournies <\/b>par le Winnipeg Free Press.<\/span><\/p>\n<p>&nbsp;<\/p>\n<h2>H\u00f4tels<\/h2>\n<ul>\n<li><a href=\"http:\/\/www.norwood-hotel.com\/\" target=\"_blank\">Norwood Hotel<\/a><\/li>\n<li><a href=\"http:\/\/www.canadinns.com\/stay\/club-regent-casino-hotel\/home\/\" target=\"_blank\">Canad Inns Club Regent<\/a><\/li>\n<li><a href=\"http:\/\/canadinns.com\/transcona\" target=\"_blank\">Canad Inns Transcona<\/a><\/li>\n<li><a title=\"link to the Four Points by Sheraton website\" href=\"http:\/\/www.starwoodhotels.com\/fourpoints\/property\/overview\/index.html?propertyID=3086\" target=\"_blank\">Four Points by Sheraton<\/a><\/li>\n<li><a title=\"link to the Holiday Inn South website\" href=\"http:\/\/www.ihg.com\/holidayinn\/hotels\/us\/en\/winnipeg\/ywgso\/hoteldetail\" target=\"_blank\">Holiday Inn South<\/a><\/li>\n<li><a title=\"link to the Best Western Pembina Inn &amp; Suites\" href=\"http:\/\/book.bestwestern.com\/bestwestern\/CA\/MB\/Winnipeg-hotels\/BEST-WESTERN-PLUS-Pembina-Inn---Suites\/Hotel-Overview.do?propertyCode=63012\" target=\"_blank\">Best Western Pembina Inn &amp; Suites<\/a><\/li>\n<li><a title=\"link to the Canad Inns Fort Garry website\" href=\"http:\/\/www.canadinns.com\/stay\/stay-main.php?entry_id=8568\" target=\"_blank\">Canad Inns Fort Garry<\/a> (<strong>anciennement le <\/strong>Ramada)<\/li>\n<li><a title=\"link to the Express by Canad Inns website\" href=\"http:\/\/www.canadinns.com\/stay\/stay-main.php?entry_id=8575\" target=\"_blank\">Express by Canad Inns<\/a> (<strong>anciennement le<\/strong> Norlander)<\/li>\n<li><a title=\"link to the Comfort Inn South website\" href=\"http:\/\/www.hotelsone.com\/winnipeg-hotels-ca\/comfort-inn-south.html?as=g&amp;aid=67525679078&amp;dsti=133406&amp;dstt=8&amp;label=ggehoeu-bh47622&amp;akw=comfort%20inn%20winnipeg%20south&amp;asrc=Search&amp;ast=&amp;gclid=CIfokfb45cUCFYZcfgodMLYAnw\" target=\"_blank\">Comfort Inn South<\/a><\/li>\n<li><a title=\"link to the Econo Lodge website\" href=\"http:\/\/www.reservation-desk.com\/hotel3\/422130\/?CID=PPC_bing_B-New+Additions+-+6-20-14_5231504619_+econo%2520+lodge%2520+winnipeg_b&amp;utm_source=bing&amp;utm_medium=cpc&amp;utm_term=+econo%2520+lodge%2520+winnipeg&amp;utm_content=5231504619&amp;utm_campaign=New+Additions+-+6-20-14&amp;mkwid=tvesn7f1_dc&amp;pcrid=5231504619&amp;muid=7FA756F7-2F89-4A79-8DE8-C7813DD31BFB\" target=\"_blank\">Econo Lodge<\/a> (<strong>anciennement le<\/strong> Dakota &amp; <strong>accepte les animaux de compagnie<\/strong>)<\/li>\n<li><a title=\"link to the Inn at the Forks website\" href=\"http:\/\/www.hotelsone.com\/winnipeg-hotels-ca\/inn-at-the-forks.html?as=b&amp;aid=1550900103&amp;dsti=221604&amp;dstt=8&amp;label=bing-bh221604&amp;akw=11500983557&amp;akwu=inn%20at%20the%20forks&amp;utm_source=bing&amp;utm_medium=cpc&amp;utm_term=inn%20at%20the%20forks&amp;utm_content=ca_bh221604&amp;utm_campaign=ca-Canada-Hotels-oe-en\" target=\"_blank\">Inn at the Forks<\/a><\/li>\n<li><a title=\"link to the Fort Garry Hotel website\" href=\"http:\/\/www.fortgarryhotel.com\/\" target=\"_blank\">Fort Garry Hotel<\/a><\/li>\n<li><a title=\"link to the Delta Hotel Winnipeg website\" href=\"https:\/\/www.deltahotels.com\/Hotels\/Delta-Winnipeg-Hotel\" target=\"_blank\">The Delta Hotel Winnipeg<\/a> (<strong>accepte les animaux de compagnie<\/strong>)<\/li>\n<li><a title=\"link to the Clarion Hotel &amp; Suites website\" href=\"http:\/\/www.choicehotels.ca\/en\/clarion-hotel-&amp;-suites-winnipeg-hotel-cn396?promo=ichcagooadsemchoien\" target=\"_blank\">The Clarion Hotel &amp; Suites<\/a> (<strong>accepte les animaux de compagnie<\/strong>)<\/li>\n<\/ul>\n<h2><strong>Magasinage<\/strong><\/h2>\n<ul>\n<li><a title=\"link to the Ikea Winnpeg webpage\" href=\"http:\/\/www.ikea.com\/ms\/en_CA\/locator\/winnipeg.html\" target=\"_blank\">Ikea<\/a><\/li>\n<li><a title=\"link to the St Vital Centre website\" href=\"http:\/\/www.stvitalcentre.com\/\" target=\"_blank\">Le Centre St Vital<\/a><\/li>\n<li><a title=\"link to the Polo Park Shopping Centre website\" href=\"http:\/\/www.polopark.ca\/en\/Pages\/default.aspx\" target=\"_blank\">Le Centre commercial Polo Park<\/a><\/li>\n<\/ul>\n<h2>Visites touristiques<\/h2>\n<ul>\n<li><a title=\"Link to the Canadian Museum for Human Rights website\" href=\"https:\/\/humanrights.ca\/home\" target=\"_blank\"><strong>Le Mus\u00e9e canadien pour les droits de la personne<\/strong><\/a><\/li>\n<li><a title=\"Link to The Forks website\" href=\"http:\/\/www.theforks.com\/\" target=\"_blank\">La <strong>Fourche<\/strong><\/a><\/li>\n<li><a title=\"link to the Manitoba Museum website\" href=\"http:\/\/www.manitobamuseum.ca\/\" target=\"_blank\"><strong>Le Mus\u00e9e du Manitoba<\/strong><\/a><\/li>\n<li><a title=\"link to the Assiniboine Park website\" href=\"http:\/\/www.assiniboinepark.ca\/\" target=\"_blank\">Le <strong>Parc Assiniboine<\/strong><\/a><\/li>\n<li><a title=\"link to the Prairie Dog Central website\" href=\"http:\/\/pdcrailway.com\/\" target=\"_blank\">Prairie Dog Central<\/a><\/li>\n<\/ul>\n<h2>Sports<\/h2>\n<ul>\n<li><a title=\"link to the Winnipeg Blue Bombers website\" href=\"http:\/\/www.bluebombers.com\/\" target=\"_blank\">Winnipeg Blue Bombers<\/a><\/li>\n<li><a title=\"link to the Winnipeg Jets website\" href=\"http:\/\/jets.nhl.com\/\" target=\"_blank\">Winnipeg Jets<\/a><\/li>\n<li><a title=\"link to the Manitoba Moose website\" href=\"http:\/\/www.moosehockey.com\/\" target=\"_blank\">Manitoba Moose<\/a><\/li>\n<li><a title=\"link to the Winnipeg Goldeyes website\" href=\"http:\/\/goldeyes.com\/\" target=\"_blank\">Winnipeg Goldeyes<\/a><\/li>\n<li><a title=\"link to the Assiniboia Downs website\" href=\"http:\/\/www.assiniboiadowns.com\/\" target=\"_blank\">Assiniboia Downs<\/a><\/li>\n<\/ul>\n<h2>Casinos<\/h2>\n<ul>\n<li><a title=\"link to the Club Regent Casino website\" href=\"http:\/\/www.clubregent.com\/\" target=\"_blank\"><strong>Le Casino <\/strong>Club Regent<\/a><\/li>\n<li><a title=\"link to the McPhillips Street Station website\" href=\"http:\/\/www.mcphillipsstation.com\/\" target=\"_blank\">McPhillips Street Station<\/a><\/li>\n<\/ul>\n<h2>Cin\u00e9mas<\/h2>\n<ul>\n<li><a title=\"link to the Cineplex Odeon McGillivray &amp; VIP website\" href=\"http:\/\/www.winnipegmovies.com\/silvercity-st-vital-showtimes\/\" target=\"_blank\">Cineplex Odeon McGillivray &amp; VIP<\/a><\/li>\n<li><a title=\"link to the Landmark Cinemas Grant Park\" href=\"http:\/\/www.landmarkcinemas.com\/winnipeg-grant-park\" target=\"_blank\">Landmark Cinemas Grant Park<\/a><\/li>\n<li><a title=\"link to the Silver City St Vital website\" href=\"http:\/\/www.winnipegmovies.com\/silvercity-st-vital-showtimes\/\" target=\"_blank\">Silver City St Vital<\/a><\/li>\n<\/ul>\n<h2>Restaurants<\/h2>\n<ul>\n<li><a title=\"link to the Applebees Pembina website\" href=\"http:\/\/www.applebeescanada.com\/restaurants\/information\/winnipeg-pembina\" target=\"_blank\">Applebees<\/a><\/li>\n<li><a title=\"link tothe Asia City website\" href=\"http:\/\/asiacitywinnipeg.com\/\" target=\"_blank\">Asia City<\/a><\/li>\n<li><a title=\"link to the Barley Brothers website\" href=\"http:\/\/www.barleybrothers.ca\/\" target=\"_blank\">Barley Brothers<\/a><\/li>\n<li><a title=\"link to the Boston Pizza website\" href=\"http:\/\/bostonpizza.com\/en\/\" target=\"_blank\">Boston Pizza<\/a><\/li>\n<li><a title=\"link to the Nicolinos website\" href=\"http:\/\/www.nicolinosrestaurant.com\/\" target=\"_blank\">Nicolinos<\/a><\/li>\n<li><a title=\"link to the North Garden website\" href=\"http:\/\/www.northgardenrestaurant.com\" target=\"_blank\">North Garden<\/a><\/li>\n<li><a title=\"link to the Pony Coral website\" href=\"http:\/\/www.ponycorral.ca\/\" target=\"_blank\">Pony Corral<\/a><\/li>\n<li><a title=\"link to the Saigon Jon's website\" href=\"http:\/\/saigonjonswinnipeg.com\/\" target=\"_blank\">Saigon Jon&#8217;s<\/a><\/li>\n<li><a title=\"link to the Smittys website\" href=\"http:\/\/smittysmb.ca\/2835-pembina-south\/\" target=\"_blank\">Smitty&#8217;s Pembina South<\/a><\/li>\n<\/ul>\n<h2>Les avions, les trains et les automobiles<\/h2>\n<ul>\n<li><a title=\"link to the Winnipeg Airports Authority Arrivals &amp; Departures website\" href=\"http:\/\/www.waa.ca\/flights\/arrivals\/\" target=\"_blank\">L<strong>\u2019a\u00e9roport de <\/strong>Winnipeg <strong>Arriv\u00e9es\/Departs<\/strong> Arrivals\/Departures<\/a><\/li>\n<li><a title=\"link to the list of airlines that fly through Winnipeg\" href=\"http:\/\/www.waa.ca\/flights\/airlines\" target=\"_blank\"><strong>Les compagnies a\u00e9riennes qui d\u00e9servent <\/strong>Winnipeg<\/a><\/li>\n<li><a title=\"link to the Grey Hound Bus Lines\" href=\"https:\/\/www.greyhound.ca\/default.aspx\" target=\"_blank\"><strong>Le service d\u2019autocar <\/strong>Greyhound<\/a><\/li>\n<li><a title=\"link to the Via Rail website\" href=\"http:\/\/www.viarail.ca\/en\/explore-our-destinations\/stations\/prairies-and-northern-manitoba\/winnipeg\" target=\"_blank\">Via Rail<\/a><\/li>\n<li><a title=\"link to the Unicity Taxi website\" href=\"http:\/\/www.unicitytaxi.mb.ca\/\" target=\"_blank\">Unicity Taxi<\/a><\/li>\n<li><a title=\"link to the Duffy's Taxi website\" href=\"http:\/\/duffystaxi.com\/\" target=\"_blank\">Duffy&#8217;s Taxi<\/a><\/li>\n<li><a title=\"link to the Executive Limousine Service website\" href=\"http:\/\/www.winnipegexecutivelimo.ca\/\" target=\"_blank\">Executive Limousine Service<\/a><\/li>\n<li><a title=\"link to the London Limos website\" href=\"http:\/\/londonlimos.ca\/\" target=\"_blank\">London Limos<\/a><\/li>\n<li><a title=\"link to the list of Car Rental Agencies at the Winnipeg Airport\" href=\"http:\/\/www.waa.ca\/location\/carrentals\" target=\"_blank\"><strong>Les agences de location de voiture \u00e0 <\/strong>Winnipeg <strong>et \u00e0 l\u2019a\u00e9roport<\/strong> <\/a><\/li>\n<\/ul>\n","protected":false},"excerpt":{"rendered":"<p>Quoi faire &agrave; Winnipeg En particulier pour ceux qui ont d&eacute;m&eacute;nag&eacute;, nous pensions que nous pourrions cr&eacute;er une liste de choses &agrave; faire, les lieux &agrave; visiter, des merveilles &agrave; voir.&nbsp; Mais d&rsquo;abord, assurez-vous de lire l&rsquo;article du National Geographic qui identifie Winnipeg comme &ldquo;un des meilleurs endroits &agrave; visiter sur la terre&rdquo;. Veuillez v&eacute;rifier &hellip; <a href=\"http:\/\/www.lrc50clr.com\/?page_id=960\" class=\"more-link\">Continue reading <span class=\"screen-reader-text\">Winnipeg<\/span> <span class=\"meta-nav\">&rarr;<\/span><\/a><\/p>\n","protected":false},"author":1,"featured_media":0,"parent":0,"menu_order":0,"comment_status":"closed","ping_status":"closed","template":"","meta":{"footnotes":""},"class_list":["post-960","page","type-page","status-publish","hentry"],"yoast_head":"<!-- This site is optimized with the Yoast SEO plugin v24.3 - https:\/\/yoast.com\/wordpress\/plugins\/seo\/ -->\r\n<title>Winnipeg - LRC50CLR<\/title>\r\n<meta name=\"robots\" content=\"noindex, follow, max-snippet:-1, max-image-preview:large, max-video-preview:-1\" \/>\r\n<meta property=\"og:locale\" content=\"en_US\" \/>\r\n<meta property=\"og:type\" content=\"article\" \/>\r\n<meta property=\"og:title\" content=\"Winnipeg - LRC50CLR\" \/>\r\n<meta property=\"og:description\" content=\"Quoi faire &agrave; Winnipeg En particulier pour ceux qui ont d&eacute;m&eacute;nag&eacute;, nous pensions que nous pourrions cr&eacute;er une liste de choses &agrave; faire, les lieux &agrave; visiter, des merveilles &agrave; voir.&nbsp; Mais d&rsquo;abord, assurez-vous de lire l&rsquo;article du National Geographic qui identifie Winnipeg comme &ldquo;un des meilleurs endroits &agrave; visiter sur la terre&rdquo;. Veuillez v&eacute;rifier &hellip; Continue reading Winnipeg &rarr;\" \/>\r\n<meta property=\"og:url\" content=\"http:\/\/www.lrc50clr.com\/?page_id=960\" \/>\r\n<meta property=\"og:site_name\" content=\"LRC50CLR\" \/>\r\n<meta property=\"article:modified_time\" content=\"2017-04-12T17:08:55+00:00\" \/>\r\n<meta property=\"og:image\" content=\"http:\/\/www.lrc50clr.com\/wp-content\/uploads\/2016\/05\/Winnipeg-221x300.jpg\" \/>\r\n<meta name=\"twitter:card\" content=\"summary_large_image\" \/>\r\n<meta name=\"twitter:label1\" content=\"Est. reading time\" \/>\n\t<meta name=\"twitter:data1\" content=\"1 minute\" \/>\r\n<script type=\"application\/ld+json\" class=\"yoast-schema-graph\">{\"@context\":\"https:\/\/schema.org\",\"@graph\":[{\"@type\":\"WebPage\",\"@id\":\"http:\/\/www.lrc50clr.com\/?page_id=960\",\"url\":\"http:\/\/www.lrc50clr.com\/?page_id=960\",\"name\":\"Winnipeg - LRC50CLR\",\"isPartOf\":{\"@id\":\"http:\/\/www.lrc50clr.com\/#website\"},\"primaryImageOfPage\":{\"@id\":\"http:\/\/www.lrc50clr.com\/?page_id=960#primaryimage\"},\"image\":{\"@id\":\"http:\/\/www.lrc50clr.com\/?page_id=960#primaryimage\"},\"thumbnailUrl\":\"http:\/\/www.lrc50clr.com\/wp-content\/uploads\/2016\/05\/Winnipeg-221x300.jpg\",\"datePublished\":\"2016-05-11T15:07:13+00:00\",\"dateModified\":\"2017-04-12T17:08:55+00:00\",\"breadcrumb\":{\"@id\":\"http:\/\/www.lrc50clr.com\/?page_id=960#breadcrumb\"},\"inLanguage\":\"en-CA\",\"potentialAction\":[{\"@type\":\"ReadAction\",\"target\":[\"http:\/\/www.lrc50clr.com\/?page_id=960\"]}]},{\"@type\":\"ImageObject\",\"inLanguage\":\"en-CA\",\"@id\":\"http:\/\/www.lrc50clr.com\/?page_id=960#primaryimage\",\"url\":\"http:\/\/www.lrc50clr.com\/wp-content\/uploads\/2016\/05\/Winnipeg.jpg\",\"contentUrl\":\"http:\/\/www.lrc50clr.com\/wp-content\/uploads\/2016\/05\/Winnipeg.jpg\",\"width\":274,\"height\":372},{\"@type\":\"BreadcrumbList\",\"@id\":\"http:\/\/www.lrc50clr.com\/?page_id=960#breadcrumb\",\"itemListElement\":[{\"@type\":\"ListItem\",\"position\":1,\"name\":\"Home\",\"item\":\"http:\/\/www.lrc50clr.com\/?lang=en\"},{\"@type\":\"ListItem\",\"position\":2,\"name\":\"Winnipeg\"}]},{\"@type\":\"WebSite\",\"@id\":\"http:\/\/www.lrc50clr.com\/#website\",\"url\":\"http:\/\/www.lrc50clr.com\/\",\"name\":\"LRC50CLR\",\"description\":\"Louis Riel Collegiate 50th\/e Coll\u00e8ge Louis Riel\",\"potentialAction\":[{\"@type\":\"SearchAction\",\"target\":{\"@type\":\"EntryPoint\",\"urlTemplate\":\"http:\/\/www.lrc50clr.com\/?s={search_term_string}\"},\"query-input\":{\"@type\":\"PropertyValueSpecification\",\"valueRequired\":true,\"valueName\":\"search_term_string\"}}],\"inLanguage\":\"en-CA\"}]}<\/script>\r\n<!-- \/ Yoast SEO plugin. -->","yoast_head_json":{"title":"Winnipeg - LRC50CLR","robots":{"index":"noindex","follow":"follow","max-snippet":"max-snippet:-1","max-image-preview":"max-image-preview:large","max-video-preview":"max-video-preview:-1"},"og_locale":"en_US","og_type":"article","og_title":"Winnipeg - LRC50CLR","og_description":"Quoi faire &agrave; Winnipeg En particulier pour ceux qui ont d&eacute;m&eacute;nag&eacute;, nous pensions que nous pourrions cr&eacute;er une liste de choses &agrave; faire, les lieux &agrave; visiter, des merveilles &agrave; voir.&nbsp; Mais d&rsquo;abord, assurez-vous de lire l&rsquo;article du National Geographic qui identifie Winnipeg comme &ldquo;un des meilleurs endroits &agrave; visiter sur la terre&rdquo;. Veuillez v&eacute;rifier &hellip; Continue reading Winnipeg &rarr;","og_url":"http:\/\/www.lrc50clr.com\/?page_id=960","og_site_name":"LRC50CLR","article_modified_time":"2017-04-12T17:08:55+00:00","og_image":[{"url":"http:\/\/www.lrc50clr.com\/wp-content\/uploads\/2016\/05\/Winnipeg-221x300.jpg","type":"","width":"","height":""}],"twitter_card":"summary_large_image","twitter_misc":{"Est. reading time":"1 minute"},"schema":{"@context":"https:\/\/schema.org","@graph":[{"@type":"WebPage","@id":"http:\/\/www.lrc50clr.com\/?page_id=960","url":"http:\/\/www.lrc50clr.com\/?page_id=960","name":"Winnipeg - LRC50CLR","isPartOf":{"@id":"http:\/\/www.lrc50clr.com\/#website"},"primaryImageOfPage":{"@id":"http:\/\/www.lrc50clr.com\/?page_id=960#primaryimage"},"image":{"@id":"http:\/\/www.lrc50clr.com\/?page_id=960#primaryimage"},"thumbnailUrl":"http:\/\/www.lrc50clr.com\/wp-content\/uploads\/2016\/05\/Winnipeg-221x300.jpg","datePublished":"2016-05-11T15:07:13+00:00","dateModified":"2017-04-12T17:08:55+00:00","breadcrumb":{"@id":"http:\/\/www.lrc50clr.com\/?page_id=960#breadcrumb"},"inLanguage":"en-CA","potentialAction":[{"@type":"ReadAction","target":["http:\/\/www.lrc50clr.com\/?page_id=960"]}]},{"@type":"ImageObject","inLanguage":"en-CA","@id":"http:\/\/www.lrc50clr.com\/?page_id=960#primaryimage","url":"http:\/\/www.lrc50clr.com\/wp-content\/uploads\/2016\/05\/Winnipeg.jpg","contentUrl":"http:\/\/www.lrc50clr.com\/wp-content\/uploads\/2016\/05\/Winnipeg.jpg","width":274,"height":372},{"@type":"BreadcrumbList","@id":"http:\/\/www.lrc50clr.com\/?page_id=960#breadcrumb","itemListElement":[{"@type":"ListItem","position":1,"name":"Home","item":"http:\/\/www.lrc50clr.com\/?lang=en"},{"@type":"ListItem","position":2,"name":"Winnipeg"}]},{"@type":"WebSite","@id":"http:\/\/www.lrc50clr.com\/#website","url":"http:\/\/www.lrc50clr.com\/","name":"LRC50CLR","description":"Louis Riel Collegiate 50th\/e Coll\u00e8ge Louis Riel","potentialAction":[{"@type":"SearchAction","target":{"@type":"EntryPoint","urlTemplate":"http:\/\/www.lrc50clr.com\/?s={search_term_string}"},"query-input":{"@type":"PropertyValueSpecification","valueRequired":true,"valueName":"search_term_string"}}],"inLanguage":"en-CA"}]}},"_links":{"self":[{"href":"http:\/\/www.lrc50clr.com\/index.php?rest_route=\/wp\/v2\/pages\/960","targetHints":{"allow":["GET"]}}],"collection":[{"href":"http:\/\/www.lrc50clr.com\/index.php?rest_route=\/wp\/v2\/pages"}],"about":[{"href":"http:\/\/www.lrc50clr.com\/index.php?rest_route=\/wp\/v2\/types\/page"}],"author":[{"embeddable":true,"href":"http:\/\/www.lrc50clr.com\/index.php?rest_route=\/wp\/v2\/users\/1"}],"replies":[{"embeddable":true,"href":"http:\/\/www.lrc50clr.com\/index.php?rest_route=%2Fwp%2Fv2%2Fcomments&post=960"}],"version-history":[{"count":11,"href":"http:\/\/www.lrc50clr.com\/index.php?rest_route=\/wp\/v2\/pages\/960\/revisions"}],"predecessor-version":[{"id":1732,"href":"http:\/\/www.lrc50clr.com\/index.php?rest_route=\/wp\/v2\/pages\/960\/revisions\/1732"}],"wp:attachment":[{"href":"http:\/\/www.lrc50clr.com\/index.php?rest_route=%2Fwp%2Fv2%2Fmedia&parent=960"}],"curies":[{"name":"wp","href":"https:\/\/api.w.org\/{rel}","templated":true}]}}