{"id":891,"date":"2016-05-09T22:54:03","date_gmt":"2016-05-10T03:54:03","guid":{"rendered":"http:\/\/localhost\/?page_id=891"},"modified":"2016-12-18T10:27:32","modified_gmt":"2016-12-18T16:27:32","slug":"louis-riel","status":"publish","type":"page","link":"http:\/\/www.lrc50clr.com\/?page_id=891","title":{"rendered":"Louis Riel"},"content":{"rendered":"<p><a href=\"http:\/\/www.lrc50clr.com\/wp-content\/uploads\/2015\/08\/Louis_Riel_A.jpg\"><img loading=\"lazy\" decoding=\"async\" class=\"size-medium wp-image-696 alignright\" src=\"http:\/\/www.lrc50clr.com\/wp-content\/uploads\/2015\/08\/Louis_Riel_A-200x300.jpg\" alt=\"Louis_Riel_A\" width=\"200\" height=\"300\" srcset=\"http:\/\/www.lrc50clr.com\/wp-content\/uploads\/2015\/08\/Louis_Riel_A-200x300.jpg 200w, http:\/\/www.lrc50clr.com\/wp-content\/uploads\/2015\/08\/Louis_Riel_A-683x1024.jpg 683w, http:\/\/www.lrc50clr.com\/wp-content\/uploads\/2015\/08\/Louis_Riel_A.jpg 1200w\" sizes=\"auto, (max-width: 200px) 100vw, 200px\" \/><\/a><\/p>\n<p>Photo et texte tels que publi\u00e9s dans le premier annuaire de l&#8217;Institut Coll\u00e9giale\u00a0Louis-Riel de 1968.<\/p>\n<p>Louis Riel naquit le 22 octobre 1844 \u00e0 la Colonie de la Rivi\u00e8re Rouge. Ce fut en 1868, apr\u00e8s huit ann\u00e9es d&#8217;\u00e9tudes au coll\u00e8ge que son \u00e9toile commen\u00e7a \u00e0 poindre. Auparavant un jeune homme sans avenir apparent dans la Rivi\u00e8re Rouge, it devint en six mois le chef du seul gouvernement de la colonie. Il \u00e9tait pr\u00eat \u00e0 mettre son id\u00e9e \u00e0 l&#8217;ex\u00e9cution: n\u00e9gotier les termes qui verraient l&#8217;entr\u00e9e de la Rivi\u00e8re Rouge dans la Conf\u00e9d\u00e9ration canadienne.<\/p>\n<p>Riel \u00e9tait un novice dans le monde de la politique: cependant il avait rempli son r\u00f4le avec \u00e9nergie.<\/p>\n<p>Il avait r\u00e9alis\u00e9 presque tout ce qu\u2019il s\u2019\u00e9tait propos\u00e9. Louis Riel jouissait de l&#8217;adoration de ses partisans et du respect de la plupart de ses adversaires. Le 24 juin 1870 il r\u00e9alisa la naissance d\u2019une nouvelle province, celle du Manitoba.<\/p>\n<p>En 1885 il \u00e9tait \u00e0 la t\u00eate d&#8217;une r\u00e9bellion mal organis\u00e9e; apr\u00e8s quoi il fut condamn\u00e9 \u00e0 mort. Il fut pendu pour trahison \u00e0 Regina le 16 novembre 1885. Mais, nous, les \u00e9tudiants de LOUIS RIEL, souvenons-nous de lui comme le fondateur de notre province, le chef de son peuple, et de I &#8216;homme pour qui la race, la religion et le pays n&#8217;\u00e9taient jamais loin de ses pr\u00e9occupation.<\/p>\n","protected":false},"excerpt":{"rendered":"<p>Photo et texte tels que publi&eacute;s dans le premier annuaire de l&rsquo;Institut Coll&eacute;giale&nbsp;Louis-Riel de 1968. Louis Riel naquit le 22 octobre 1844 &agrave; la Colonie de la Rivi&egrave;re Rouge. Ce fut en 1868, apr&egrave;s huit ann&eacute;es d&rsquo;&eacute;tudes au coll&egrave;ge que son &eacute;toile commen&ccedil;a &agrave; poindre. Auparavant un jeune homme sans avenir apparent dans la Rivi&egrave;re &hellip; <a href=\"http:\/\/www.lrc50clr.com\/?page_id=891\" class=\"more-link\">Continue reading <span class=\"screen-reader-text\">Louis Riel<\/span> <span class=\"meta-nav\">&rarr;<\/span><\/a><\/p>\n","protected":false},"author":1,"featured_media":0,"parent":851,"menu_order":30,"comment_status":"closed","ping_status":"closed","template":"","meta":{"footnotes":""},"class_list":["post-891","page","type-page","status-publish","hentry"],"yoast_head":"<!-- This site is optimized with the Yoast SEO plugin v24.3 - https:\/\/yoast.com\/wordpress\/plugins\/seo\/ -->\r\n<title>Louis Riel - LRC50CLR<\/title>\r\n<meta name=\"robots\" content=\"noindex, follow, max-snippet:-1, max-image-preview:large, max-video-preview:-1\" \/>\r\n<meta property=\"og:locale\" content=\"en_US\" \/>\r\n<meta property=\"og:type\" content=\"article\" \/>\r\n<meta property=\"og:title\" content=\"Louis Riel - LRC50CLR\" \/>\r\n<meta property=\"og:description\" content=\"Photo et texte tels que publi&eacute;s dans le premier annuaire de l&rsquo;Institut Coll&eacute;giale&nbsp;Louis-Riel de 1968. Louis Riel naquit le 22 octobre 1844 &agrave; la Colonie de la Rivi&egrave;re Rouge. Ce fut en 1868, apr&egrave;s huit ann&eacute;es d&rsquo;&eacute;tudes au coll&egrave;ge que son &eacute;toile commen&ccedil;a &agrave; poindre. Auparavant un jeune homme sans avenir apparent dans la Rivi&egrave;re &hellip; Continue reading Louis Riel &rarr;\" \/>\r\n<meta property=\"og:url\" content=\"http:\/\/www.lrc50clr.com\/?page_id=891\" \/>\r\n<meta property=\"og:site_name\" content=\"LRC50CLR\" \/>\r\n<meta property=\"article:modified_time\" content=\"2016-12-18T16:27:32+00:00\" \/>\r\n<meta property=\"og:image\" content=\"http:\/\/www.lrc50clr.com\/wp-content\/uploads\/2015\/08\/Louis_Riel_A-200x300.jpg\" \/>\r\n<meta name=\"twitter:card\" content=\"summary_large_image\" \/>\r\n<meta name=\"twitter:label1\" content=\"Est. reading time\" \/>\n\t<meta name=\"twitter:data1\" content=\"1 minute\" \/>\r\n<script type=\"application\/ld+json\" class=\"yoast-schema-graph\">{\"@context\":\"https:\/\/schema.org\",\"@graph\":[{\"@type\":\"WebPage\",\"@id\":\"http:\/\/www.lrc50clr.com\/?page_id=891\",\"url\":\"http:\/\/www.lrc50clr.com\/?page_id=891\",\"name\":\"Louis Riel - LRC50CLR\",\"isPartOf\":{\"@id\":\"http:\/\/www.lrc50clr.com\/#website\"},\"primaryImageOfPage\":{\"@id\":\"http:\/\/www.lrc50clr.com\/?page_id=891#primaryimage\"},\"image\":{\"@id\":\"http:\/\/www.lrc50clr.com\/?page_id=891#primaryimage\"},\"thumbnailUrl\":\"http:\/\/www.lrc50clr.com\/wp-content\/uploads\/2015\/08\/Louis_Riel_A-200x300.jpg\",\"datePublished\":\"2016-05-10T03:54:03+00:00\",\"dateModified\":\"2016-12-18T16:27:32+00:00\",\"breadcrumb\":{\"@id\":\"http:\/\/www.lrc50clr.com\/?page_id=891#breadcrumb\"},\"inLanguage\":\"en-CA\",\"potentialAction\":[{\"@type\":\"ReadAction\",\"target\":[\"http:\/\/www.lrc50clr.com\/?page_id=891\"]}]},{\"@type\":\"ImageObject\",\"inLanguage\":\"en-CA\",\"@id\":\"http:\/\/www.lrc50clr.com\/?page_id=891#primaryimage\",\"url\":\"http:\/\/www.lrc50clr.com\/wp-content\/uploads\/2015\/08\/Louis_Riel_A.jpg\",\"contentUrl\":\"http:\/\/www.lrc50clr.com\/wp-content\/uploads\/2015\/08\/Louis_Riel_A.jpg\",\"width\":1200,\"height\":1800},{\"@type\":\"BreadcrumbList\",\"@id\":\"http:\/\/www.lrc50clr.com\/?page_id=891#breadcrumb\",\"itemListElement\":[{\"@type\":\"ListItem\",\"position\":1,\"name\":\"Home\",\"item\":\"http:\/\/www.lrc50clr.com\/?lang=en\"},{\"@type\":\"ListItem\",\"position\":2,\"name\":\"\u00c0 Propos\",\"item\":\"http:\/\/www.lrc50clr.com\/?page_id=851\"},{\"@type\":\"ListItem\",\"position\":3,\"name\":\"Louis Riel\"}]},{\"@type\":\"WebSite\",\"@id\":\"http:\/\/www.lrc50clr.com\/#website\",\"url\":\"http:\/\/www.lrc50clr.com\/\",\"name\":\"LRC50CLR\",\"description\":\"Louis Riel Collegiate 50th\/e Coll\u00e8ge Louis Riel\",\"potentialAction\":[{\"@type\":\"SearchAction\",\"target\":{\"@type\":\"EntryPoint\",\"urlTemplate\":\"http:\/\/www.lrc50clr.com\/?s={search_term_string}\"},\"query-input\":{\"@type\":\"PropertyValueSpecification\",\"valueRequired\":true,\"valueName\":\"search_term_string\"}}],\"inLanguage\":\"en-CA\"}]}<\/script>\r\n<!-- \/ Yoast SEO plugin. -->","yoast_head_json":{"title":"Louis Riel - LRC50CLR","robots":{"index":"noindex","follow":"follow","max-snippet":"max-snippet:-1","max-image-preview":"max-image-preview:large","max-video-preview":"max-video-preview:-1"},"og_locale":"en_US","og_type":"article","og_title":"Louis Riel - LRC50CLR","og_description":"Photo et texte tels que publi&eacute;s dans le premier annuaire de l&rsquo;Institut Coll&eacute;giale&nbsp;Louis-Riel de 1968. Louis Riel naquit le 22 octobre 1844 &agrave; la Colonie de la Rivi&egrave;re Rouge. Ce fut en 1868, apr&egrave;s huit ann&eacute;es d&rsquo;&eacute;tudes au coll&egrave;ge que son &eacute;toile commen&ccedil;a &agrave; poindre. Auparavant un jeune homme sans avenir apparent dans la Rivi&egrave;re &hellip; Continue reading Louis Riel &rarr;","og_url":"http:\/\/www.lrc50clr.com\/?page_id=891","og_site_name":"LRC50CLR","article_modified_time":"2016-12-18T16:27:32+00:00","og_image":[{"url":"http:\/\/www.lrc50clr.com\/wp-content\/uploads\/2015\/08\/Louis_Riel_A-200x300.jpg","type":"","width":"","height":""}],"twitter_card":"summary_large_image","twitter_misc":{"Est. reading time":"1 minute"},"schema":{"@context":"https:\/\/schema.org","@graph":[{"@type":"WebPage","@id":"http:\/\/www.lrc50clr.com\/?page_id=891","url":"http:\/\/www.lrc50clr.com\/?page_id=891","name":"Louis Riel - LRC50CLR","isPartOf":{"@id":"http:\/\/www.lrc50clr.com\/#website"},"primaryImageOfPage":{"@id":"http:\/\/www.lrc50clr.com\/?page_id=891#primaryimage"},"image":{"@id":"http:\/\/www.lrc50clr.com\/?page_id=891#primaryimage"},"thumbnailUrl":"http:\/\/www.lrc50clr.com\/wp-content\/uploads\/2015\/08\/Louis_Riel_A-200x300.jpg","datePublished":"2016-05-10T03:54:03+00:00","dateModified":"2016-12-18T16:27:32+00:00","breadcrumb":{"@id":"http:\/\/www.lrc50clr.com\/?page_id=891#breadcrumb"},"inLanguage":"en-CA","potentialAction":[{"@type":"ReadAction","target":["http:\/\/www.lrc50clr.com\/?page_id=891"]}]},{"@type":"ImageObject","inLanguage":"en-CA","@id":"http:\/\/www.lrc50clr.com\/?page_id=891#primaryimage","url":"http:\/\/www.lrc50clr.com\/wp-content\/uploads\/2015\/08\/Louis_Riel_A.jpg","contentUrl":"http:\/\/www.lrc50clr.com\/wp-content\/uploads\/2015\/08\/Louis_Riel_A.jpg","width":1200,"height":1800},{"@type":"BreadcrumbList","@id":"http:\/\/www.lrc50clr.com\/?page_id=891#breadcrumb","itemListElement":[{"@type":"ListItem","position":1,"name":"Home","item":"http:\/\/www.lrc50clr.com\/?lang=en"},{"@type":"ListItem","position":2,"name":"\u00c0 Propos","item":"http:\/\/www.lrc50clr.com\/?page_id=851"},{"@type":"ListItem","position":3,"name":"Louis Riel"}]},{"@type":"WebSite","@id":"http:\/\/www.lrc50clr.com\/#website","url":"http:\/\/www.lrc50clr.com\/","name":"LRC50CLR","description":"Louis Riel Collegiate 50th\/e Coll\u00e8ge Louis Riel","potentialAction":[{"@type":"SearchAction","target":{"@type":"EntryPoint","urlTemplate":"http:\/\/www.lrc50clr.com\/?s={search_term_string}"},"query-input":{"@type":"PropertyValueSpecification","valueRequired":true,"valueName":"search_term_string"}}],"inLanguage":"en-CA"}]}},"_links":{"self":[{"href":"http:\/\/www.lrc50clr.com\/index.php?rest_route=\/wp\/v2\/pages\/891","targetHints":{"allow":["GET"]}}],"collection":[{"href":"http:\/\/www.lrc50clr.com\/index.php?rest_route=\/wp\/v2\/pages"}],"about":[{"href":"http:\/\/www.lrc50clr.com\/index.php?rest_route=\/wp\/v2\/types\/page"}],"author":[{"embeddable":true,"href":"http:\/\/www.lrc50clr.com\/index.php?rest_route=\/wp\/v2\/users\/1"}],"replies":[{"embeddable":true,"href":"http:\/\/www.lrc50clr.com\/index.php?rest_route=%2Fwp%2Fv2%2Fcomments&post=891"}],"version-history":[{"count":3,"href":"http:\/\/www.lrc50clr.com\/index.php?rest_route=\/wp\/v2\/pages\/891\/revisions"}],"predecessor-version":[{"id":980,"href":"http:\/\/www.lrc50clr.com\/index.php?rest_route=\/wp\/v2\/pages\/891\/revisions\/980"}],"up":[{"embeddable":true,"href":"http:\/\/www.lrc50clr.com\/index.php?rest_route=\/wp\/v2\/pages\/851"}],"wp:attachment":[{"href":"http:\/\/www.lrc50clr.com\/index.php?rest_route=%2Fwp%2Fv2%2Fmedia&parent=891"}],"curies":[{"name":"wp","href":"https:\/\/api.w.org\/{rel}","templated":true}]}}