{"id":884,"date":"2016-05-09T22:41:49","date_gmt":"2016-05-10T03:41:49","guid":{"rendered":"http:\/\/localhost\/?page_id=884"},"modified":"2017-05-17T19:17:29","modified_gmt":"2017-05-18T00:17:29","slug":"memorabilia-souvenirs","status":"publish","type":"page","link":"http:\/\/www.lrc50clr.com\/?page_id=884","title":{"rendered":"EN MEMOIRE"},"content":{"rendered":"<p><strong>Cliquez sur ce lien pour voir les badges d&#8217;\u00e9v\u00e9nements pour les \u00e9tudiants et le personnel qui ne sont plus avec nous &#8230;.<\/strong><\/p>\n<h1 style=\"text-align: center;\"><a href=\"http:\/\/www.lrc50clr.com\/wp-content\/uploads\/2017\/05\/4-x-3-name-badges-merged-doc.-to-April-17-Memoriams_v03.pdf\" target=\"_blank\">En memoire<\/a><\/h1>\n","protected":false},"excerpt":{"rendered":"<p>Cliquez sur ce lien pour voir les badges d&rsquo;&eacute;v&eacute;nements pour les &eacute;tudiants et le personnel qui ne sont plus avec nous &hellip;. En memoire<\/p>\n","protected":false},"author":1,"featured_media":0,"parent":0,"menu_order":70,"comment_status":"closed","ping_status":"closed","template":"","meta":{"footnotes":""},"class_list":["post-884","page","type-page","status-publish","hentry"],"yoast_head":"<!-- This site is optimized with the Yoast SEO plugin v24.3 - https:\/\/yoast.com\/wordpress\/plugins\/seo\/ -->\r\n<title>EN MEMOIRE - LRC50CLR<\/title>\r\n<meta name=\"robots\" content=\"noindex, follow, max-snippet:-1, max-image-preview:large, max-video-preview:-1\" \/>\r\n<meta property=\"og:locale\" content=\"en_US\" \/>\r\n<meta property=\"og:type\" content=\"article\" \/>\r\n<meta property=\"og:title\" content=\"EN MEMOIRE - LRC50CLR\" \/>\r\n<meta property=\"og:description\" content=\"Cliquez sur ce lien pour voir les badges d&rsquo;&eacute;v&eacute;nements pour les &eacute;tudiants et le personnel qui ne sont plus avec nous &hellip;. En memoire\" \/>\r\n<meta property=\"og:url\" content=\"http:\/\/www.lrc50clr.com\/?page_id=884\" \/>\r\n<meta property=\"og:site_name\" content=\"LRC50CLR\" \/>\r\n<meta property=\"article:modified_time\" content=\"2017-05-18T00:17:29+00:00\" \/>\r\n<meta name=\"twitter:card\" content=\"summary_large_image\" \/>\r\n<script type=\"application\/ld+json\" class=\"yoast-schema-graph\">{\"@context\":\"https:\/\/schema.org\",\"@graph\":[{\"@type\":\"WebPage\",\"@id\":\"http:\/\/www.lrc50clr.com\/?page_id=884\",\"url\":\"http:\/\/www.lrc50clr.com\/?page_id=884\",\"name\":\"EN MEMOIRE - LRC50CLR\",\"isPartOf\":{\"@id\":\"http:\/\/www.lrc50clr.com\/#website\"},\"datePublished\":\"2016-05-10T03:41:49+00:00\",\"dateModified\":\"2017-05-18T00:17:29+00:00\",\"breadcrumb\":{\"@id\":\"http:\/\/www.lrc50clr.com\/?page_id=884#breadcrumb\"},\"inLanguage\":\"en-CA\",\"potentialAction\":[{\"@type\":\"ReadAction\",\"target\":[\"http:\/\/www.lrc50clr.com\/?page_id=884\"]}]},{\"@type\":\"BreadcrumbList\",\"@id\":\"http:\/\/www.lrc50clr.com\/?page_id=884#breadcrumb\",\"itemListElement\":[{\"@type\":\"ListItem\",\"position\":1,\"name\":\"Home\",\"item\":\"http:\/\/www.lrc50clr.com\/?lang=en\"},{\"@type\":\"ListItem\",\"position\":2,\"name\":\"EN MEMOIRE\"}]},{\"@type\":\"WebSite\",\"@id\":\"http:\/\/www.lrc50clr.com\/#website\",\"url\":\"http:\/\/www.lrc50clr.com\/\",\"name\":\"LRC50CLR\",\"description\":\"Louis Riel Collegiate 50th\/e Coll\u00e8ge Louis Riel\",\"potentialAction\":[{\"@type\":\"SearchAction\",\"target\":{\"@type\":\"EntryPoint\",\"urlTemplate\":\"http:\/\/www.lrc50clr.com\/?s={search_term_string}\"},\"query-input\":{\"@type\":\"PropertyValueSpecification\",\"valueRequired\":true,\"valueName\":\"search_term_string\"}}],\"inLanguage\":\"en-CA\"}]}<\/script>\r\n<!-- \/ Yoast SEO plugin. -->","yoast_head_json":{"title":"EN MEMOIRE - LRC50CLR","robots":{"index":"noindex","follow":"follow","max-snippet":"max-snippet:-1","max-image-preview":"max-image-preview:large","max-video-preview":"max-video-preview:-1"},"og_locale":"en_US","og_type":"article","og_title":"EN MEMOIRE - LRC50CLR","og_description":"Cliquez sur ce lien pour voir les badges d&rsquo;&eacute;v&eacute;nements pour les &eacute;tudiants et le personnel qui ne sont plus avec nous &hellip;. En memoire","og_url":"http:\/\/www.lrc50clr.com\/?page_id=884","og_site_name":"LRC50CLR","article_modified_time":"2017-05-18T00:17:29+00:00","twitter_card":"summary_large_image","schema":{"@context":"https:\/\/schema.org","@graph":[{"@type":"WebPage","@id":"http:\/\/www.lrc50clr.com\/?page_id=884","url":"http:\/\/www.lrc50clr.com\/?page_id=884","name":"EN MEMOIRE - LRC50CLR","isPartOf":{"@id":"http:\/\/www.lrc50clr.com\/#website"},"datePublished":"2016-05-10T03:41:49+00:00","dateModified":"2017-05-18T00:17:29+00:00","breadcrumb":{"@id":"http:\/\/www.lrc50clr.com\/?page_id=884#breadcrumb"},"inLanguage":"en-CA","potentialAction":[{"@type":"ReadAction","target":["http:\/\/www.lrc50clr.com\/?page_id=884"]}]},{"@type":"BreadcrumbList","@id":"http:\/\/www.lrc50clr.com\/?page_id=884#breadcrumb","itemListElement":[{"@type":"ListItem","position":1,"name":"Home","item":"http:\/\/www.lrc50clr.com\/?lang=en"},{"@type":"ListItem","position":2,"name":"EN MEMOIRE"}]},{"@type":"WebSite","@id":"http:\/\/www.lrc50clr.com\/#website","url":"http:\/\/www.lrc50clr.com\/","name":"LRC50CLR","description":"Louis Riel Collegiate 50th\/e Coll\u00e8ge Louis Riel","potentialAction":[{"@type":"SearchAction","target":{"@type":"EntryPoint","urlTemplate":"http:\/\/www.lrc50clr.com\/?s={search_term_string}"},"query-input":{"@type":"PropertyValueSpecification","valueRequired":true,"valueName":"search_term_string"}}],"inLanguage":"en-CA"}]}},"_links":{"self":[{"href":"http:\/\/www.lrc50clr.com\/index.php?rest_route=\/wp\/v2\/pages\/884","targetHints":{"allow":["GET"]}}],"collection":[{"href":"http:\/\/www.lrc50clr.com\/index.php?rest_route=\/wp\/v2\/pages"}],"about":[{"href":"http:\/\/www.lrc50clr.com\/index.php?rest_route=\/wp\/v2\/types\/page"}],"author":[{"embeddable":true,"href":"http:\/\/www.lrc50clr.com\/index.php?rest_route=\/wp\/v2\/users\/1"}],"replies":[{"embeddable":true,"href":"http:\/\/www.lrc50clr.com\/index.php?rest_route=%2Fwp%2Fv2%2Fcomments&post=884"}],"version-history":[{"count":7,"href":"http:\/\/www.lrc50clr.com\/index.php?rest_route=\/wp\/v2\/pages\/884\/revisions"}],"predecessor-version":[{"id":1867,"href":"http:\/\/www.lrc50clr.com\/index.php?rest_route=\/wp\/v2\/pages\/884\/revisions\/1867"}],"wp:attachment":[{"href":"http:\/\/www.lrc50clr.com\/index.php?rest_route=%2Fwp%2Fv2%2Fmedia&parent=884"}],"curies":[{"name":"wp","href":"https:\/\/api.w.org\/{rel}","templated":true}]}}