{"id":873,"date":"2016-05-09T22:35:50","date_gmt":"2016-05-10T03:35:50","guid":{"rendered":"http:\/\/localhost\/?page_id=873"},"modified":"2016-05-15T09:14:56","modified_gmt":"2016-05-15T14:14:56","slug":"2015-03-10-survey-enquete","status":"publish","type":"page","link":"http:\/\/www.lrc50clr.com\/?page_id=873","title":{"rendered":"2015.03.10 Enqu\u00eate"},"content":{"rendered":"<p>Bonjour \u00e0 tous : Pour nos aider \u00e0 <strong>pr\u00e9parer l\u2019\u00e9v\u00e8nement<\/strong>, s\u2019il vous plait <strong>acc\u00e9dez et remplissez<\/strong> ce questionnaire.<\/p>\n<p>S\u2019il vous plait <strong>transmettez<\/strong> ce message \u00e0 quiconque <strong>serait int\u00e9ress\u00e9 <\/strong>\u00e0 l\u2019anniversaire.<\/p>\n<p><a href=\"https:\/\/www.surveymonkey.com\/s\/JC3FDBY\" target=\"_blank\" rel=\"nofollow\">https:\/\/www.surveymonkey.com\/s\/JC3FDBY<\/a><\/p>\n","protected":false},"excerpt":{"rendered":"<p>Bonjour &agrave; tous : Pour nos aider &agrave; pr&eacute;parer l&rsquo;&eacute;v&egrave;nement, s&rsquo;il vous plait acc&eacute;dez et remplissez ce questionnaire. S&rsquo;il vous plait transmettez ce message &agrave; quiconque serait int&eacute;ress&eacute; &agrave; l&rsquo;anniversaire. https:\/\/www.surveymonkey.com\/s\/JC3FDBY<\/p>\n","protected":false},"author":1,"featured_media":0,"parent":854,"menu_order":100,"comment_status":"closed","ping_status":"closed","template":"","meta":{"footnotes":""},"class_list":["post-873","page","type-page","status-publish","hentry"],"yoast_head":"<!-- This site is optimized with the Yoast SEO plugin v24.3 - https:\/\/yoast.com\/wordpress\/plugins\/seo\/ -->\r\n<title>2015.03.10 Enqu\u00eate - LRC50CLR<\/title>\r\n<meta name=\"robots\" content=\"noindex, follow, max-snippet:-1, max-image-preview:large, max-video-preview:-1\" \/>\r\n<meta property=\"og:locale\" content=\"en_US\" \/>\r\n<meta property=\"og:type\" content=\"article\" \/>\r\n<meta property=\"og:title\" content=\"2015.03.10 Enqu\u00eate - LRC50CLR\" \/>\r\n<meta property=\"og:description\" content=\"Bonjour &agrave; tous : Pour nos aider &agrave; pr&eacute;parer l&rsquo;&eacute;v&egrave;nement, s&rsquo;il vous plait acc&eacute;dez et remplissez ce questionnaire. S&rsquo;il vous plait transmettez ce message &agrave; quiconque serait int&eacute;ress&eacute; &agrave; l&rsquo;anniversaire. https:\/\/www.surveymonkey.com\/s\/JC3FDBY\" \/>\r\n<meta property=\"og:url\" content=\"http:\/\/www.lrc50clr.com\/?page_id=873\" \/>\r\n<meta property=\"og:site_name\" content=\"LRC50CLR\" \/>\r\n<meta property=\"article:modified_time\" content=\"2016-05-15T14:14:56+00:00\" \/>\r\n<meta name=\"twitter:card\" content=\"summary_large_image\" \/>\r\n<script type=\"application\/ld+json\" class=\"yoast-schema-graph\">{\"@context\":\"https:\/\/schema.org\",\"@graph\":[{\"@type\":\"WebPage\",\"@id\":\"http:\/\/www.lrc50clr.com\/?page_id=873\",\"url\":\"http:\/\/www.lrc50clr.com\/?page_id=873\",\"name\":\"2015.03.10 Enqu\u00eate - LRC50CLR\",\"isPartOf\":{\"@id\":\"http:\/\/www.lrc50clr.com\/#website\"},\"datePublished\":\"2016-05-10T03:35:50+00:00\",\"dateModified\":\"2016-05-15T14:14:56+00:00\",\"breadcrumb\":{\"@id\":\"http:\/\/www.lrc50clr.com\/?page_id=873#breadcrumb\"},\"inLanguage\":\"en-CA\",\"potentialAction\":[{\"@type\":\"ReadAction\",\"target\":[\"http:\/\/www.lrc50clr.com\/?page_id=873\"]}]},{\"@type\":\"BreadcrumbList\",\"@id\":\"http:\/\/www.lrc50clr.com\/?page_id=873#breadcrumb\",\"itemListElement\":[{\"@type\":\"ListItem\",\"position\":1,\"name\":\"Home\",\"item\":\"http:\/\/www.lrc50clr.com\/?lang=en\"},{\"@type\":\"ListItem\",\"position\":2,\"name\":\"Nouvelles\",\"item\":\"http:\/\/www.lrc50clr.com\/?page_id=854\"},{\"@type\":\"ListItem\",\"position\":3,\"name\":\"2015.03.10 Enqu\u00eate\"}]},{\"@type\":\"WebSite\",\"@id\":\"http:\/\/www.lrc50clr.com\/#website\",\"url\":\"http:\/\/www.lrc50clr.com\/\",\"name\":\"LRC50CLR\",\"description\":\"Louis Riel Collegiate 50th\/e Coll\u00e8ge Louis Riel\",\"potentialAction\":[{\"@type\":\"SearchAction\",\"target\":{\"@type\":\"EntryPoint\",\"urlTemplate\":\"http:\/\/www.lrc50clr.com\/?s={search_term_string}\"},\"query-input\":{\"@type\":\"PropertyValueSpecification\",\"valueRequired\":true,\"valueName\":\"search_term_string\"}}],\"inLanguage\":\"en-CA\"}]}<\/script>\r\n<!-- \/ Yoast SEO plugin. -->","yoast_head_json":{"title":"2015.03.10 Enqu\u00eate - LRC50CLR","robots":{"index":"noindex","follow":"follow","max-snippet":"max-snippet:-1","max-image-preview":"max-image-preview:large","max-video-preview":"max-video-preview:-1"},"og_locale":"en_US","og_type":"article","og_title":"2015.03.10 Enqu\u00eate - LRC50CLR","og_description":"Bonjour &agrave; tous : Pour nos aider &agrave; pr&eacute;parer l&rsquo;&eacute;v&egrave;nement, s&rsquo;il vous plait acc&eacute;dez et remplissez ce questionnaire. S&rsquo;il vous plait transmettez ce message &agrave; quiconque serait int&eacute;ress&eacute; &agrave; l&rsquo;anniversaire. https:\/\/www.surveymonkey.com\/s\/JC3FDBY","og_url":"http:\/\/www.lrc50clr.com\/?page_id=873","og_site_name":"LRC50CLR","article_modified_time":"2016-05-15T14:14:56+00:00","twitter_card":"summary_large_image","schema":{"@context":"https:\/\/schema.org","@graph":[{"@type":"WebPage","@id":"http:\/\/www.lrc50clr.com\/?page_id=873","url":"http:\/\/www.lrc50clr.com\/?page_id=873","name":"2015.03.10 Enqu\u00eate - LRC50CLR","isPartOf":{"@id":"http:\/\/www.lrc50clr.com\/#website"},"datePublished":"2016-05-10T03:35:50+00:00","dateModified":"2016-05-15T14:14:56+00:00","breadcrumb":{"@id":"http:\/\/www.lrc50clr.com\/?page_id=873#breadcrumb"},"inLanguage":"en-CA","potentialAction":[{"@type":"ReadAction","target":["http:\/\/www.lrc50clr.com\/?page_id=873"]}]},{"@type":"BreadcrumbList","@id":"http:\/\/www.lrc50clr.com\/?page_id=873#breadcrumb","itemListElement":[{"@type":"ListItem","position":1,"name":"Home","item":"http:\/\/www.lrc50clr.com\/?lang=en"},{"@type":"ListItem","position":2,"name":"Nouvelles","item":"http:\/\/www.lrc50clr.com\/?page_id=854"},{"@type":"ListItem","position":3,"name":"2015.03.10 Enqu\u00eate"}]},{"@type":"WebSite","@id":"http:\/\/www.lrc50clr.com\/#website","url":"http:\/\/www.lrc50clr.com\/","name":"LRC50CLR","description":"Louis Riel Collegiate 50th\/e Coll\u00e8ge Louis Riel","potentialAction":[{"@type":"SearchAction","target":{"@type":"EntryPoint","urlTemplate":"http:\/\/www.lrc50clr.com\/?s={search_term_string}"},"query-input":{"@type":"PropertyValueSpecification","valueRequired":true,"valueName":"search_term_string"}}],"inLanguage":"en-CA"}]}},"_links":{"self":[{"href":"http:\/\/www.lrc50clr.com\/index.php?rest_route=\/wp\/v2\/pages\/873","targetHints":{"allow":["GET"]}}],"collection":[{"href":"http:\/\/www.lrc50clr.com\/index.php?rest_route=\/wp\/v2\/pages"}],"about":[{"href":"http:\/\/www.lrc50clr.com\/index.php?rest_route=\/wp\/v2\/types\/page"}],"author":[{"embeddable":true,"href":"http:\/\/www.lrc50clr.com\/index.php?rest_route=\/wp\/v2\/users\/1"}],"replies":[{"embeddable":true,"href":"http:\/\/www.lrc50clr.com\/index.php?rest_route=%2Fwp%2Fv2%2Fcomments&post=873"}],"version-history":[{"count":4,"href":"http:\/\/www.lrc50clr.com\/index.php?rest_route=\/wp\/v2\/pages\/873\/revisions"}],"predecessor-version":[{"id":1062,"href":"http:\/\/www.lrc50clr.com\/index.php?rest_route=\/wp\/v2\/pages\/873\/revisions\/1062"}],"up":[{"embeddable":true,"href":"http:\/\/www.lrc50clr.com\/index.php?rest_route=\/wp\/v2\/pages\/854"}],"wp:attachment":[{"href":"http:\/\/www.lrc50clr.com\/index.php?rest_route=%2Fwp%2Fv2%2Fmedia&parent=873"}],"curies":[{"name":"wp","href":"https:\/\/api.w.org\/{rel}","templated":true}]}}