{"id":864,"date":"2016-05-09T22:31:51","date_gmt":"2016-05-10T03:31:51","guid":{"rendered":"http:\/\/localhost\/?page_id=864"},"modified":"2017-02-03T19:37:17","modified_gmt":"2017-02-04T01:37:17","slug":"2015-10-13-our-notre-logo","status":"publish","type":"page","link":"http:\/\/www.lrc50clr.com\/?page_id=864","title":{"rendered":"Notre Logo"},"content":{"rendered":"<p style=\"text-align: center;\">2015.10.13<\/p>\n<p style=\"text-align: center;\"><a href=\"http:\/\/www.lrc50clr.com\/wp-content\/uploads\/2015\/10\/logo-50e_v04b.png\"><img loading=\"lazy\" decoding=\"async\" class=\"wp-image-740 alignright\" src=\"http:\/\/www.lrc50clr.com\/wp-content\/uploads\/2015\/10\/logo-50e_v04b-300x178.png\" alt=\"logo-50e_v04b\" width=\"296\" height=\"176\" srcset=\"http:\/\/www.lrc50clr.com\/wp-content\/uploads\/2015\/10\/logo-50e_v04b-300x178.png 300w, http:\/\/www.lrc50clr.com\/wp-content\/uploads\/2015\/10\/logo-50e_v04b.png 800w\" sizes=\"auto, (max-width: 296px) 100vw, 296px\" \/><\/a>Design, r\u00e9alisation et graphisme gr\u00e2ce \u00e0 Lynn Valde (Pelletier) et son fils, Kieran Valde, les deux des anciens.<\/p>\n<hr \/>\n<h5 style=\"text-align: center;\"><a href=\"http:\/\/www.lrc50clr.com\/wp-content\/uploads\/2015\/10\/1968_LRC_v03.png\"><img loading=\"lazy\" decoding=\"async\" class=\" wp-image-736 aligncenter\" src=\"http:\/\/www.lrc50clr.com\/wp-content\/uploads\/2015\/10\/1968_LRC_v03.png\" alt=\"1968_LRC_v03\" width=\"85\" height=\"79\" \/><\/a><\/h5>\n<h5 style=\"text-align: center;\"><strong>Les premi\u00e8res ann\u00e9es (1967 \u00e0 1983)<\/strong><\/h5>\n<p style=\"text-align: left;\">Ceci est la couverture de l\u2019annuaire pour 1967-1968. Le logo inclut le globe terrestre en arri\u00e8re plan, le bison du Manitoba, une lampe symbole du savoir et le logo symbole du centenaire du Canada en 1967, l\u2019ann\u00e9e o\u00f9 l\u2019Institut coll\u00e9giale Louis-Riel s\u2019est ouvert. Ce logo fut utilis\u00e9 pour la derni\u00e8re fois en 1982.<\/p>\n<p>En ce qui a trait au pourquoi et comment ces symboles furent choisis, il n\u2019y a pas d\u2019explication. On pourrait dire que nous sommes des apprenants dans une communaut\u00e9 en expansion constante (provinciale, nationale, internationale).<\/p>\n<hr \/>\n<p style=\"text-align: center;\"><a href=\"http:\/\/www.lrc50clr.com\/wp-content\/uploads\/2015\/10\/1967_v01.png\"><img loading=\"lazy\" decoding=\"async\" class=\"alignnone wp-image-735\" src=\"http:\/\/www.lrc50clr.com\/wp-content\/uploads\/2015\/10\/1967_v01.png\" alt=\"1967_v01\" width=\"48\" height=\"57\" \/><\/a><\/p>\n<p style=\"text-align: left;\">Le logo des c\u00e9l\u00e9brations du centenaire du Canada en 1967, par Stuart Ash.<\/p>\n<hr \/>\n<p style=\"text-align: center;\"><a href=\"http:\/\/www.lrc50clr.com\/wp-content\/uploads\/2015\/10\/1970_v01.jpg\"><img loading=\"lazy\" decoding=\"async\" class=\"alignnone wp-image-737\" src=\"http:\/\/www.lrc50clr.com\/wp-content\/uploads\/2015\/10\/1970_v01.jpg\" alt=\"1970_v01\" width=\"99\" height=\"63\" \/><\/a><\/p>\n<p>La lampe symbole du savoir &#8211; Le symbole de la lampe \u00e0 l\u2019huile est un symbole classique de connaissance et sagesse. La lumi\u00e8re symbolise la connaissance et la noirceur symbolise l\u2019ignorance. La connaissance \u00e9limine l\u2019ignorance comme la lumi\u00e8re \u00e9limine la noirceur.<\/p>\n<hr \/>\n<p><a href=\"http:\/\/www.lrc50clr.com\/wp-content\/uploads\/2015\/10\/LRC_Background_v01.jpg\"><img loading=\"lazy\" decoding=\"async\" class=\" wp-image-747 aligncenter\" src=\"http:\/\/www.lrc50clr.com\/wp-content\/uploads\/2015\/10\/LRC_Background_v01-247x300.jpg\" alt=\"LRC_Background_v01\" width=\"139\" height=\"169\" srcset=\"http:\/\/www.lrc50clr.com\/wp-content\/uploads\/2015\/10\/LRC_Background_v01-247x300.jpg 247w, http:\/\/www.lrc50clr.com\/wp-content\/uploads\/2015\/10\/LRC_Background_v01.jpg 655w\" sizes=\"auto, (max-width: 139px) 100vw, 139px\" \/><\/a><\/p>\n<p>Cette page prise de l\u2019annuaire de 1968 d\u00e9crit l\u2019importance de notre homonyme, Louis Riel, le fondateur de notre province, le Manitoba.<\/p>\n<p>Les \u00e9quipes sportives de l\u2019\u00e9cole au cours des premi\u00e8res ann\u00e9es \u00e9taient les Rebels.<\/p>\n<hr \/>\n<h5 style=\"text-align: center;\"><strong>Les ann\u00e9es interm\u00e9diaires (1983 \u00e0 2011)<\/strong><\/h5>\n<p><a href=\"http:\/\/www.lrc50clr.com\/wp-content\/uploads\/2015\/10\/1983_v01.png\"><img loading=\"lazy\" decoding=\"async\" class=\" wp-image-738 aligncenter\" src=\"http:\/\/www.lrc50clr.com\/wp-content\/uploads\/2015\/10\/1983_v01-238x300.png\" alt=\"1983_v01\" width=\"125\" height=\"158\" srcset=\"http:\/\/www.lrc50clr.com\/wp-content\/uploads\/2015\/10\/1983_v01-238x300.png 238w, http:\/\/www.lrc50clr.com\/wp-content\/uploads\/2015\/10\/1983_v01.png 400w\" sizes=\"auto, (max-width: 125px) 100vw, 125px\" \/><\/a>Ce logo stylis\u00e9 et plus r\u00e9cent de Louis Riel \u00e9taient le logo du Coll\u00e8ge Louis-Riel du temps qu\u2019il \u00e9tait associ\u00e9 avec le Coll\u00e8ge secondaire de Saint-Boniface et durant la transition \u00e0 la DSFM en 1994. Les \u00e9quipes sportives de l\u2019\u00e9cole \u00e9taient les Voyageurs.<\/p>\n<hr \/>\n<h5 style=\"text-align: center;\"><strong>\u00a0Le Pr\u00e9sent<\/strong><\/h5>\n<p style=\"text-align: center;\"><a href=\"http:\/\/www.lrc50clr.com\/wp-content\/uploads\/2015\/10\/2012_v01.jpg\"><img loading=\"lazy\" decoding=\"async\" class=\"alignnone size-full wp-image-739\" src=\"http:\/\/www.lrc50clr.com\/wp-content\/uploads\/2015\/10\/2012_v01.jpg\" alt=\"2012_v01\" width=\"70\" height=\"128\" \/><\/a><\/p>\n<p>En septembre 2012, le CL-R s\u2019est dot\u00e9 d\u2019un nouveau logo. Le choix d\u2019un nouveau logo \u00e9tait un des projets collaboratifs entam\u00e9s avec le Comit\u00e9 scolaire de l\u2019\u00e9cole. Avec l\u2019appui d\u2019un graphiste professionnel, le comit\u00e9 de travail a pu cerner les images et les recommandations soumises et moderniser le logo de l\u2019\u00e9cole. De plus, ce travail a pu int\u00e9grer les id\u00e9es des \u00e9l\u00e8ves dans la refonte du logo officiel. Ci-dessous, vous trouverez la raison d\u2019\u00eatre des diff\u00e9rents \u00e9l\u00e9ments du logo :<\/p>\n<ul>\n<li>la ceinture fl\u00e9ch\u00e9e stylis\u00e9e relie la culture m\u00e9tisse (son lien avec Louis Riel) avec la modernit\u00e9 qu\u2019on trouve dans le style contemporain et abstrait du logo;<\/li>\n<li>les couleurs sont les m\u00eames que celles du drapeau franco-manitobain et le vert est pr\u00e9dominant puisque c\u2019est la couleur de l\u2019\u00e9cole;<\/li>\n<li>le tissage repr\u00e9sente la proximit\u00e9 et la force de la communaut\u00e9; l\u2019\u00e9l\u00e8ve qui \u00e9merge de la ceinture symbolise le fait que la communaut\u00e9 se rallie pour soutenir et \u00e9duquer l\u2019\u00e9l\u00e8ve;<\/li>\n<li>les bras de l\u2019\u00e9l\u00e8ve qui s\u2019\u00e9l\u00e8vent montrent qu\u2019il est fier d\u2019\u00eatre au CL-R et d&#8217;\u00eatre un membre de la communaut\u00e9.<\/li>\n<\/ul>\n","protected":false},"excerpt":{"rendered":"<p>2015.10.13 Design, r&eacute;alisation et graphisme gr&acirc;ce &agrave; Lynn Valde (Pelletier) et son fils, Kieran Valde, les deux des anciens. Les premi&egrave;res ann&eacute;es (1967 &agrave; 1983) Ceci est la couverture de l&rsquo;annuaire pour 1967-1968. Le logo inclut le globe terrestre en arri&egrave;re plan, le bison du Manitoba, une lampe symbole du savoir et le logo symbole &hellip; <a href=\"http:\/\/www.lrc50clr.com\/?page_id=864\" class=\"more-link\">Continue reading <span class=\"screen-reader-text\">Notre Logo<\/span> <span class=\"meta-nav\">&rarr;<\/span><\/a><\/p>\n","protected":false},"author":1,"featured_media":0,"parent":851,"menu_order":40,"comment_status":"closed","ping_status":"closed","template":"","meta":{"footnotes":""},"class_list":["post-864","page","type-page","status-publish","hentry"],"yoast_head":"<!-- This site is optimized with the Yoast SEO plugin v24.3 - https:\/\/yoast.com\/wordpress\/plugins\/seo\/ -->\r\n<title>Notre Logo - LRC50CLR<\/title>\r\n<meta name=\"robots\" content=\"noindex, follow, max-snippet:-1, max-image-preview:large, max-video-preview:-1\" \/>\r\n<meta property=\"og:locale\" content=\"en_US\" \/>\r\n<meta property=\"og:type\" content=\"article\" \/>\r\n<meta property=\"og:title\" content=\"Notre Logo - LRC50CLR\" \/>\r\n<meta property=\"og:description\" content=\"2015.10.13 Design, r&eacute;alisation et graphisme gr&acirc;ce &agrave; Lynn Valde (Pelletier) et son fils, Kieran Valde, les deux des anciens. Les premi&egrave;res ann&eacute;es (1967 &agrave; 1983) Ceci est la couverture de l&rsquo;annuaire pour 1967-1968. Le logo inclut le globe terrestre en arri&egrave;re plan, le bison du Manitoba, une lampe symbole du savoir et le logo symbole &hellip; Continue reading Notre Logo &rarr;\" \/>\r\n<meta property=\"og:url\" content=\"http:\/\/www.lrc50clr.com\/?page_id=864\" \/>\r\n<meta property=\"og:site_name\" content=\"LRC50CLR\" \/>\r\n<meta property=\"article:modified_time\" content=\"2017-02-04T01:37:17+00:00\" \/>\r\n<meta property=\"og:image\" content=\"http:\/\/www.lrc50clr.com\/wp-content\/uploads\/2015\/10\/logo-50e_v04b-300x178.png\" \/>\r\n<meta name=\"twitter:card\" content=\"summary_large_image\" \/>\r\n<meta name=\"twitter:label1\" content=\"Est. reading time\" \/>\n\t<meta name=\"twitter:data1\" content=\"2 minutes\" \/>\r\n<script type=\"application\/ld+json\" class=\"yoast-schema-graph\">{\"@context\":\"https:\/\/schema.org\",\"@graph\":[{\"@type\":\"WebPage\",\"@id\":\"http:\/\/www.lrc50clr.com\/?page_id=864\",\"url\":\"http:\/\/www.lrc50clr.com\/?page_id=864\",\"name\":\"Notre Logo - LRC50CLR\",\"isPartOf\":{\"@id\":\"http:\/\/www.lrc50clr.com\/#website\"},\"primaryImageOfPage\":{\"@id\":\"http:\/\/www.lrc50clr.com\/?page_id=864#primaryimage\"},\"image\":{\"@id\":\"http:\/\/www.lrc50clr.com\/?page_id=864#primaryimage\"},\"thumbnailUrl\":\"http:\/\/www.lrc50clr.com\/wp-content\/uploads\/2015\/10\/logo-50e_v04b-300x178.png\",\"datePublished\":\"2016-05-10T03:31:51+00:00\",\"dateModified\":\"2017-02-04T01:37:17+00:00\",\"breadcrumb\":{\"@id\":\"http:\/\/www.lrc50clr.com\/?page_id=864#breadcrumb\"},\"inLanguage\":\"en-CA\",\"potentialAction\":[{\"@type\":\"ReadAction\",\"target\":[\"http:\/\/www.lrc50clr.com\/?page_id=864\"]}]},{\"@type\":\"ImageObject\",\"inLanguage\":\"en-CA\",\"@id\":\"http:\/\/www.lrc50clr.com\/?page_id=864#primaryimage\",\"url\":\"http:\/\/www.lrc50clr.com\/wp-content\/uploads\/2015\/10\/logo-50e_v04b.png\",\"contentUrl\":\"http:\/\/www.lrc50clr.com\/wp-content\/uploads\/2015\/10\/logo-50e_v04b.png\",\"width\":800,\"height\":475},{\"@type\":\"BreadcrumbList\",\"@id\":\"http:\/\/www.lrc50clr.com\/?page_id=864#breadcrumb\",\"itemListElement\":[{\"@type\":\"ListItem\",\"position\":1,\"name\":\"Home\",\"item\":\"http:\/\/www.lrc50clr.com\/?lang=en\"},{\"@type\":\"ListItem\",\"position\":2,\"name\":\"\u00c0 Propos\",\"item\":\"http:\/\/www.lrc50clr.com\/?page_id=851\"},{\"@type\":\"ListItem\",\"position\":3,\"name\":\"Notre Logo\"}]},{\"@type\":\"WebSite\",\"@id\":\"http:\/\/www.lrc50clr.com\/#website\",\"url\":\"http:\/\/www.lrc50clr.com\/\",\"name\":\"LRC50CLR\",\"description\":\"Louis Riel Collegiate 50th\/e Coll\u00e8ge Louis Riel\",\"potentialAction\":[{\"@type\":\"SearchAction\",\"target\":{\"@type\":\"EntryPoint\",\"urlTemplate\":\"http:\/\/www.lrc50clr.com\/?s={search_term_string}\"},\"query-input\":{\"@type\":\"PropertyValueSpecification\",\"valueRequired\":true,\"valueName\":\"search_term_string\"}}],\"inLanguage\":\"en-CA\"}]}<\/script>\r\n<!-- \/ Yoast SEO plugin. -->","yoast_head_json":{"title":"Notre Logo - LRC50CLR","robots":{"index":"noindex","follow":"follow","max-snippet":"max-snippet:-1","max-image-preview":"max-image-preview:large","max-video-preview":"max-video-preview:-1"},"og_locale":"en_US","og_type":"article","og_title":"Notre Logo - LRC50CLR","og_description":"2015.10.13 Design, r&eacute;alisation et graphisme gr&acirc;ce &agrave; Lynn Valde (Pelletier) et son fils, Kieran Valde, les deux des anciens. Les premi&egrave;res ann&eacute;es (1967 &agrave; 1983) Ceci est la couverture de l&rsquo;annuaire pour 1967-1968. Le logo inclut le globe terrestre en arri&egrave;re plan, le bison du Manitoba, une lampe symbole du savoir et le logo symbole &hellip; Continue reading Notre Logo &rarr;","og_url":"http:\/\/www.lrc50clr.com\/?page_id=864","og_site_name":"LRC50CLR","article_modified_time":"2017-02-04T01:37:17+00:00","og_image":[{"url":"http:\/\/www.lrc50clr.com\/wp-content\/uploads\/2015\/10\/logo-50e_v04b-300x178.png","type":"","width":"","height":""}],"twitter_card":"summary_large_image","twitter_misc":{"Est. reading time":"2 minutes"},"schema":{"@context":"https:\/\/schema.org","@graph":[{"@type":"WebPage","@id":"http:\/\/www.lrc50clr.com\/?page_id=864","url":"http:\/\/www.lrc50clr.com\/?page_id=864","name":"Notre Logo - LRC50CLR","isPartOf":{"@id":"http:\/\/www.lrc50clr.com\/#website"},"primaryImageOfPage":{"@id":"http:\/\/www.lrc50clr.com\/?page_id=864#primaryimage"},"image":{"@id":"http:\/\/www.lrc50clr.com\/?page_id=864#primaryimage"},"thumbnailUrl":"http:\/\/www.lrc50clr.com\/wp-content\/uploads\/2015\/10\/logo-50e_v04b-300x178.png","datePublished":"2016-05-10T03:31:51+00:00","dateModified":"2017-02-04T01:37:17+00:00","breadcrumb":{"@id":"http:\/\/www.lrc50clr.com\/?page_id=864#breadcrumb"},"inLanguage":"en-CA","potentialAction":[{"@type":"ReadAction","target":["http:\/\/www.lrc50clr.com\/?page_id=864"]}]},{"@type":"ImageObject","inLanguage":"en-CA","@id":"http:\/\/www.lrc50clr.com\/?page_id=864#primaryimage","url":"http:\/\/www.lrc50clr.com\/wp-content\/uploads\/2015\/10\/logo-50e_v04b.png","contentUrl":"http:\/\/www.lrc50clr.com\/wp-content\/uploads\/2015\/10\/logo-50e_v04b.png","width":800,"height":475},{"@type":"BreadcrumbList","@id":"http:\/\/www.lrc50clr.com\/?page_id=864#breadcrumb","itemListElement":[{"@type":"ListItem","position":1,"name":"Home","item":"http:\/\/www.lrc50clr.com\/?lang=en"},{"@type":"ListItem","position":2,"name":"\u00c0 Propos","item":"http:\/\/www.lrc50clr.com\/?page_id=851"},{"@type":"ListItem","position":3,"name":"Notre Logo"}]},{"@type":"WebSite","@id":"http:\/\/www.lrc50clr.com\/#website","url":"http:\/\/www.lrc50clr.com\/","name":"LRC50CLR","description":"Louis Riel Collegiate 50th\/e Coll\u00e8ge Louis Riel","potentialAction":[{"@type":"SearchAction","target":{"@type":"EntryPoint","urlTemplate":"http:\/\/www.lrc50clr.com\/?s={search_term_string}"},"query-input":{"@type":"PropertyValueSpecification","valueRequired":true,"valueName":"search_term_string"}}],"inLanguage":"en-CA"}]}},"_links":{"self":[{"href":"http:\/\/www.lrc50clr.com\/index.php?rest_route=\/wp\/v2\/pages\/864","targetHints":{"allow":["GET"]}}],"collection":[{"href":"http:\/\/www.lrc50clr.com\/index.php?rest_route=\/wp\/v2\/pages"}],"about":[{"href":"http:\/\/www.lrc50clr.com\/index.php?rest_route=\/wp\/v2\/types\/page"}],"author":[{"embeddable":true,"href":"http:\/\/www.lrc50clr.com\/index.php?rest_route=\/wp\/v2\/users\/1"}],"replies":[{"embeddable":true,"href":"http:\/\/www.lrc50clr.com\/index.php?rest_route=%2Fwp%2Fv2%2Fcomments&post=864"}],"version-history":[{"count":7,"href":"http:\/\/www.lrc50clr.com\/index.php?rest_route=\/wp\/v2\/pages\/864\/revisions"}],"predecessor-version":[{"id":1375,"href":"http:\/\/www.lrc50clr.com\/index.php?rest_route=\/wp\/v2\/pages\/864\/revisions\/1375"}],"up":[{"embeddable":true,"href":"http:\/\/www.lrc50clr.com\/index.php?rest_route=\/wp\/v2\/pages\/851"}],"wp:attachment":[{"href":"http:\/\/www.lrc50clr.com\/index.php?rest_route=%2Fwp%2Fv2%2Fmedia&parent=864"}],"curies":[{"name":"wp","href":"https:\/\/api.w.org\/{rel}","templated":true}]}}