{"id":854,"date":"2016-05-09T22:11:39","date_gmt":"2016-05-10T03:11:39","guid":{"rendered":"http:\/\/localhost\/?page_id=854"},"modified":"2017-05-10T16:50:19","modified_gmt":"2017-05-10T21:50:19","slug":"nouvelles","status":"publish","type":"page","link":"http:\/\/www.lrc50clr.com\/?page_id=854","title":{"rendered":"Nouvelles"},"content":{"rendered":"<h4><span id=\"result_box\" class=\"short_text\" lang=\"fr\"><span class=\"\">Date<\/span> <\/span>de la prochaine r\u00e9union de planification dans la biblioth\u00e8que de l&#8217;\u00e9cole : mardi 9 mai, 19:00.<\/h4>\n<h4><a href=\"http:\/\/www.lrc50clr.com\/?page_id=1848\">2017.05.10 Mise \u00e0 jour des \u00e9v\u00e9nements<\/a><\/h4>\n<h4><a href=\"http:\/\/www.lrc50clr.com\/?page_id=1812\">2017.05.04 Ramassage des \u00e9tiquettes et vente de billets<\/a><\/h4>\n<h4>2017.01.14 Appel aux volontaires<\/h4>\n<h5>Si vous \u00eates int\u00e9ress\u00e9 \u00e0 faire du b\u00e9n\u00e9volat pendant 1 heure le vendredi ou le samedi, veuillez communiquez avec Roger Laurin \u00e0<br \/>\n<a href=\"mailto:rlaurin@localhost\">rlaurin@localhost<\/a>. Nous avons besoin de volontaires dans tous les domaines, veuillez indiquer la journ\u00e9e\u00a0o\u00f9 vous souhaitez faire du b\u00e9n\u00e9volat et Roger vous r\u00e9pondra avec plus de d\u00e9tails.<\/h5>\n<h4><a href=\"http:\/\/www.lrc50clr.com\/?page_id=744\">2015.10.13 Notre Logo<\/a><\/h4>\n<h4><a href=\"http:\/\/www.lrc50clr.com\/?page_id=728\">2015.03.10 Enqu\u00eate<\/a><\/h4>\n","protected":false},"excerpt":{"rendered":"<p>Date de la prochaine r&eacute;union de planification dans la biblioth&egrave;que de l&rsquo;&eacute;cole : mardi 9 mai, 19:00. 2017.05.10 Mise &agrave; jour des &eacute;v&eacute;nements 2017.05.04 Ramassage des &eacute;tiquettes et vente de billets 2017.01.14 Appel aux volontaires Si vous &ecirc;tes int&eacute;ress&eacute; &agrave; faire du b&eacute;n&eacute;volat pendant 1 heure le vendredi ou le samedi, veuillez communiquez avec Roger &hellip; <a href=\"http:\/\/www.lrc50clr.com\/?page_id=854\" class=\"more-link\">Continue reading <span class=\"screen-reader-text\">Nouvelles<\/span> <span class=\"meta-nav\">&rarr;<\/span><\/a><\/p>\n","protected":false},"author":1,"featured_media":0,"parent":0,"menu_order":20,"comment_status":"closed","ping_status":"closed","template":"","meta":{"footnotes":""},"class_list":["post-854","page","type-page","status-publish","hentry"],"yoast_head":"<!-- This site is optimized with the Yoast SEO plugin v24.3 - https:\/\/yoast.com\/wordpress\/plugins\/seo\/ -->\r\n<title>Nouvelles - LRC50CLR<\/title>\r\n<meta name=\"robots\" content=\"noindex, follow, max-snippet:-1, max-image-preview:large, max-video-preview:-1\" \/>\r\n<meta property=\"og:locale\" content=\"en_US\" \/>\r\n<meta property=\"og:type\" content=\"article\" \/>\r\n<meta property=\"og:title\" content=\"Nouvelles - LRC50CLR\" \/>\r\n<meta property=\"og:description\" content=\"Date de la prochaine r&eacute;union de planification dans la biblioth&egrave;que de l&rsquo;&eacute;cole : mardi 9 mai, 19:00. 2017.05.10 Mise &agrave; jour des &eacute;v&eacute;nements 2017.05.04 Ramassage des &eacute;tiquettes et vente de billets 2017.01.14 Appel aux volontaires Si vous &ecirc;tes int&eacute;ress&eacute; &agrave; faire du b&eacute;n&eacute;volat pendant 1 heure le vendredi ou le samedi, veuillez communiquez avec Roger &hellip; Continue reading Nouvelles &rarr;\" \/>\r\n<meta property=\"og:url\" content=\"http:\/\/www.lrc50clr.com\/?page_id=854\" \/>\r\n<meta property=\"og:site_name\" content=\"LRC50CLR\" \/>\r\n<meta property=\"article:modified_time\" content=\"2017-05-10T21:50:19+00:00\" \/>\r\n<meta name=\"twitter:card\" content=\"summary_large_image\" \/>\r\n<script type=\"application\/ld+json\" class=\"yoast-schema-graph\">{\"@context\":\"https:\/\/schema.org\",\"@graph\":[{\"@type\":\"WebPage\",\"@id\":\"http:\/\/www.lrc50clr.com\/?page_id=854\",\"url\":\"http:\/\/www.lrc50clr.com\/?page_id=854\",\"name\":\"Nouvelles - LRC50CLR\",\"isPartOf\":{\"@id\":\"http:\/\/www.lrc50clr.com\/#website\"},\"datePublished\":\"2016-05-10T03:11:39+00:00\",\"dateModified\":\"2017-05-10T21:50:19+00:00\",\"breadcrumb\":{\"@id\":\"http:\/\/www.lrc50clr.com\/?page_id=854#breadcrumb\"},\"inLanguage\":\"en-CA\",\"potentialAction\":[{\"@type\":\"ReadAction\",\"target\":[\"http:\/\/www.lrc50clr.com\/?page_id=854\"]}]},{\"@type\":\"BreadcrumbList\",\"@id\":\"http:\/\/www.lrc50clr.com\/?page_id=854#breadcrumb\",\"itemListElement\":[{\"@type\":\"ListItem\",\"position\":1,\"name\":\"Home\",\"item\":\"http:\/\/www.lrc50clr.com\/?lang=en\"},{\"@type\":\"ListItem\",\"position\":2,\"name\":\"Nouvelles\"}]},{\"@type\":\"WebSite\",\"@id\":\"http:\/\/www.lrc50clr.com\/#website\",\"url\":\"http:\/\/www.lrc50clr.com\/\",\"name\":\"LRC50CLR\",\"description\":\"Louis Riel Collegiate 50th\/e Coll\u00e8ge Louis Riel\",\"potentialAction\":[{\"@type\":\"SearchAction\",\"target\":{\"@type\":\"EntryPoint\",\"urlTemplate\":\"http:\/\/www.lrc50clr.com\/?s={search_term_string}\"},\"query-input\":{\"@type\":\"PropertyValueSpecification\",\"valueRequired\":true,\"valueName\":\"search_term_string\"}}],\"inLanguage\":\"en-CA\"}]}<\/script>\r\n<!-- \/ Yoast SEO plugin. -->","yoast_head_json":{"title":"Nouvelles - LRC50CLR","robots":{"index":"noindex","follow":"follow","max-snippet":"max-snippet:-1","max-image-preview":"max-image-preview:large","max-video-preview":"max-video-preview:-1"},"og_locale":"en_US","og_type":"article","og_title":"Nouvelles - LRC50CLR","og_description":"Date de la prochaine r&eacute;union de planification dans la biblioth&egrave;que de l&rsquo;&eacute;cole : mardi 9 mai, 19:00. 2017.05.10 Mise &agrave; jour des &eacute;v&eacute;nements 2017.05.04 Ramassage des &eacute;tiquettes et vente de billets 2017.01.14 Appel aux volontaires Si vous &ecirc;tes int&eacute;ress&eacute; &agrave; faire du b&eacute;n&eacute;volat pendant 1 heure le vendredi ou le samedi, veuillez communiquez avec Roger &hellip; Continue reading Nouvelles &rarr;","og_url":"http:\/\/www.lrc50clr.com\/?page_id=854","og_site_name":"LRC50CLR","article_modified_time":"2017-05-10T21:50:19+00:00","twitter_card":"summary_large_image","schema":{"@context":"https:\/\/schema.org","@graph":[{"@type":"WebPage","@id":"http:\/\/www.lrc50clr.com\/?page_id=854","url":"http:\/\/www.lrc50clr.com\/?page_id=854","name":"Nouvelles - LRC50CLR","isPartOf":{"@id":"http:\/\/www.lrc50clr.com\/#website"},"datePublished":"2016-05-10T03:11:39+00:00","dateModified":"2017-05-10T21:50:19+00:00","breadcrumb":{"@id":"http:\/\/www.lrc50clr.com\/?page_id=854#breadcrumb"},"inLanguage":"en-CA","potentialAction":[{"@type":"ReadAction","target":["http:\/\/www.lrc50clr.com\/?page_id=854"]}]},{"@type":"BreadcrumbList","@id":"http:\/\/www.lrc50clr.com\/?page_id=854#breadcrumb","itemListElement":[{"@type":"ListItem","position":1,"name":"Home","item":"http:\/\/www.lrc50clr.com\/?lang=en"},{"@type":"ListItem","position":2,"name":"Nouvelles"}]},{"@type":"WebSite","@id":"http:\/\/www.lrc50clr.com\/#website","url":"http:\/\/www.lrc50clr.com\/","name":"LRC50CLR","description":"Louis Riel Collegiate 50th\/e Coll\u00e8ge Louis Riel","potentialAction":[{"@type":"SearchAction","target":{"@type":"EntryPoint","urlTemplate":"http:\/\/www.lrc50clr.com\/?s={search_term_string}"},"query-input":{"@type":"PropertyValueSpecification","valueRequired":true,"valueName":"search_term_string"}}],"inLanguage":"en-CA"}]}},"_links":{"self":[{"href":"http:\/\/www.lrc50clr.com\/index.php?rest_route=\/wp\/v2\/pages\/854","targetHints":{"allow":["GET"]}}],"collection":[{"href":"http:\/\/www.lrc50clr.com\/index.php?rest_route=\/wp\/v2\/pages"}],"about":[{"href":"http:\/\/www.lrc50clr.com\/index.php?rest_route=\/wp\/v2\/types\/page"}],"author":[{"embeddable":true,"href":"http:\/\/www.lrc50clr.com\/index.php?rest_route=\/wp\/v2\/users\/1"}],"replies":[{"embeddable":true,"href":"http:\/\/www.lrc50clr.com\/index.php?rest_route=%2Fwp%2Fv2%2Fcomments&post=854"}],"version-history":[{"count":23,"href":"http:\/\/www.lrc50clr.com\/index.php?rest_route=\/wp\/v2\/pages\/854\/revisions"}],"predecessor-version":[{"id":1850,"href":"http:\/\/www.lrc50clr.com\/index.php?rest_route=\/wp\/v2\/pages\/854\/revisions\/1850"}],"wp:attachment":[{"href":"http:\/\/www.lrc50clr.com\/index.php?rest_route=%2Fwp%2Fv2%2Fmedia&parent=854"}],"curies":[{"name":"wp","href":"https:\/\/api.w.org\/{rel}","templated":true}]}}