{"id":1812,"date":"2017-05-05T13:21:02","date_gmt":"2017-05-05T18:21:02","guid":{"rendered":"http:\/\/localhost\/?page_id=1812"},"modified":"2017-05-09T21:24:06","modified_gmt":"2017-05-10T02:24:06","slug":"2017-05-04-etiquette","status":"publish","type":"page","link":"http:\/\/www.lrc50clr.com\/?page_id=1812","title":{"rendered":"2017.05.04 Ramassage des \u00e9tiquettes et vente des billets"},"content":{"rendered":"<p>(Mis \u00e0 jour le mardi 9 mai)<\/p>\n<p>Bonjour \u00e0 tous: Nous pr\u00e9voyons une ouverture fr\u00e9n\u00e9tique le vendredi soir 12 mai \u00e0 18h30. Pour att\u00e9nuer la course folle et la confusion, nous avons pr\u00e9vu des b\u00e9n\u00e9voles \u00e0 l&#8217;entr\u00e9e principale (St-Jean-Baptiste) du Coll\u00e8ge Louis-Riel.<\/p>\n<p>Cela se produira la semaine avant la Soir\u00e9e d&#8217;accueil. Les gens pourront ramasser l&#8217;\u00e9tiquette avec leur nom et acheter des billets (esp\u00e8ces seulement) pour l&#8217;\u00e9v\u00e9nement de leur choix. Voici le calendrier:<\/p>\n<p>Lundi,\u00a0 mercredi, vendredi (8, 10 et 12 mai) de 11 h \u00e0 14 h<br \/>\nMardi, jeudi\u00a0\u00a0 (9, 11 mai)\u00a0\u00a0 de 16 h \u00e0 19 h<\/p>\n<p>Ceux d&#8217;entre vous qui ont achet\u00e9 des billets seront en mesure de collecter l\u2019\u00e9tiquette avec votre nom en avance. Le vendredi soir, vous montrez simplement votre billet et vous recevrez 1 billet de boisson et un billet de prix de pr\u00e9sence, et vous pourrez entrer \u00e0 votre gr\u00e9.<\/p>\n<p>Veuillez noter que les ventes en ligne de billet finiront le jeudi 11 mai 23:30.<\/p>\n<p>Les billets seront disponibles \u00e0 la porte (<span style=\"text-decoration: underline;\"><em><strong>vendredit soir seulement<\/strong><\/em><\/span>), uniquement en esp\u00e8ces. Si n\u00e9cessaire, un guichet automatique sera disponible.<\/p>\n","protected":false},"excerpt":{"rendered":"<p>(Mis &agrave; jour le mardi 9 mai) Bonjour &agrave; tous: Nous pr&eacute;voyons une ouverture fr&eacute;n&eacute;tique le vendredi soir 12 mai &agrave; 18h30. Pour att&eacute;nuer la course folle et la confusion, nous avons pr&eacute;vu des b&eacute;n&eacute;voles &agrave; l&rsquo;entr&eacute;e principale (St-Jean-Baptiste) du Coll&egrave;ge Louis-Riel. Cela se produira la semaine avant la Soir&eacute;e d&rsquo;accueil. Les gens pourront ramasser &hellip; <a href=\"http:\/\/www.lrc50clr.com\/?page_id=1812\" class=\"more-link\">Continue reading <span class=\"screen-reader-text\">2017.05.04 Ramassage des \u00e9tiquettes et vente des billets<\/span> <span class=\"meta-nav\">&rarr;<\/span><\/a><\/p>\n","protected":false},"author":1,"featured_media":0,"parent":854,"menu_order":150,"comment_status":"closed","ping_status":"closed","template":"","meta":{"footnotes":""},"class_list":["post-1812","page","type-page","status-publish","hentry"],"yoast_head":"<!-- This site is optimized with the Yoast SEO plugin v24.3 - https:\/\/yoast.com\/wordpress\/plugins\/seo\/ -->\r\n<title>2017.05.04 Ramassage des \u00e9tiquettes et vente des billets - LRC50CLR<\/title>\r\n<meta name=\"robots\" content=\"noindex, follow, max-snippet:-1, max-image-preview:large, max-video-preview:-1\" \/>\r\n<meta property=\"og:locale\" content=\"en_US\" \/>\r\n<meta property=\"og:type\" content=\"article\" \/>\r\n<meta property=\"og:title\" content=\"2017.05.04 Ramassage des \u00e9tiquettes et vente des billets - LRC50CLR\" \/>\r\n<meta property=\"og:description\" content=\"(Mis &agrave; jour le mardi 9 mai) Bonjour &agrave; tous: Nous pr&eacute;voyons une ouverture fr&eacute;n&eacute;tique le vendredi soir 12 mai &agrave; 18h30. Pour att&eacute;nuer la course folle et la confusion, nous avons pr&eacute;vu des b&eacute;n&eacute;voles &agrave; l&rsquo;entr&eacute;e principale (St-Jean-Baptiste) du Coll&egrave;ge Louis-Riel. Cela se produira la semaine avant la Soir&eacute;e d&rsquo;accueil. Les gens pourront ramasser &hellip; Continue reading 2017.05.04 Ramassage des \u00e9tiquettes et vente des billets &rarr;\" \/>\r\n<meta property=\"og:url\" content=\"http:\/\/www.lrc50clr.com\/?page_id=1812\" \/>\r\n<meta property=\"og:site_name\" content=\"LRC50CLR\" \/>\r\n<meta property=\"article:modified_time\" content=\"2017-05-10T02:24:06+00:00\" \/>\r\n<meta name=\"twitter:card\" content=\"summary_large_image\" \/>\r\n<meta name=\"twitter:label1\" content=\"Est. reading time\" \/>\n\t<meta name=\"twitter:data1\" content=\"1 minute\" \/>\r\n<script type=\"application\/ld+json\" class=\"yoast-schema-graph\">{\"@context\":\"https:\/\/schema.org\",\"@graph\":[{\"@type\":\"WebPage\",\"@id\":\"http:\/\/www.lrc50clr.com\/?page_id=1812\",\"url\":\"http:\/\/www.lrc50clr.com\/?page_id=1812\",\"name\":\"2017.05.04 Ramassage des \u00e9tiquettes et vente des billets - LRC50CLR\",\"isPartOf\":{\"@id\":\"http:\/\/www.lrc50clr.com\/#website\"},\"datePublished\":\"2017-05-05T18:21:02+00:00\",\"dateModified\":\"2017-05-10T02:24:06+00:00\",\"breadcrumb\":{\"@id\":\"http:\/\/www.lrc50clr.com\/?page_id=1812#breadcrumb\"},\"inLanguage\":\"en-CA\",\"potentialAction\":[{\"@type\":\"ReadAction\",\"target\":[\"http:\/\/www.lrc50clr.com\/?page_id=1812\"]}]},{\"@type\":\"BreadcrumbList\",\"@id\":\"http:\/\/www.lrc50clr.com\/?page_id=1812#breadcrumb\",\"itemListElement\":[{\"@type\":\"ListItem\",\"position\":1,\"name\":\"Home\",\"item\":\"http:\/\/www.lrc50clr.com\/?lang=en\"},{\"@type\":\"ListItem\",\"position\":2,\"name\":\"Nouvelles\",\"item\":\"http:\/\/www.lrc50clr.com\/?page_id=854\"},{\"@type\":\"ListItem\",\"position\":3,\"name\":\"2017.05.04 Ramassage des \u00e9tiquettes et vente des billets\"}]},{\"@type\":\"WebSite\",\"@id\":\"http:\/\/www.lrc50clr.com\/#website\",\"url\":\"http:\/\/www.lrc50clr.com\/\",\"name\":\"LRC50CLR\",\"description\":\"Louis Riel Collegiate 50th\/e Coll\u00e8ge Louis Riel\",\"potentialAction\":[{\"@type\":\"SearchAction\",\"target\":{\"@type\":\"EntryPoint\",\"urlTemplate\":\"http:\/\/www.lrc50clr.com\/?s={search_term_string}\"},\"query-input\":{\"@type\":\"PropertyValueSpecification\",\"valueRequired\":true,\"valueName\":\"search_term_string\"}}],\"inLanguage\":\"en-CA\"}]}<\/script>\r\n<!-- \/ Yoast SEO plugin. -->","yoast_head_json":{"title":"2017.05.04 Ramassage des \u00e9tiquettes et vente des billets - LRC50CLR","robots":{"index":"noindex","follow":"follow","max-snippet":"max-snippet:-1","max-image-preview":"max-image-preview:large","max-video-preview":"max-video-preview:-1"},"og_locale":"en_US","og_type":"article","og_title":"2017.05.04 Ramassage des \u00e9tiquettes et vente des billets - LRC50CLR","og_description":"(Mis &agrave; jour le mardi 9 mai) Bonjour &agrave; tous: Nous pr&eacute;voyons une ouverture fr&eacute;n&eacute;tique le vendredi soir 12 mai &agrave; 18h30. Pour att&eacute;nuer la course folle et la confusion, nous avons pr&eacute;vu des b&eacute;n&eacute;voles &agrave; l&rsquo;entr&eacute;e principale (St-Jean-Baptiste) du Coll&egrave;ge Louis-Riel. Cela se produira la semaine avant la Soir&eacute;e d&rsquo;accueil. Les gens pourront ramasser &hellip; Continue reading 2017.05.04 Ramassage des \u00e9tiquettes et vente des billets &rarr;","og_url":"http:\/\/www.lrc50clr.com\/?page_id=1812","og_site_name":"LRC50CLR","article_modified_time":"2017-05-10T02:24:06+00:00","twitter_card":"summary_large_image","twitter_misc":{"Est. reading time":"1 minute"},"schema":{"@context":"https:\/\/schema.org","@graph":[{"@type":"WebPage","@id":"http:\/\/www.lrc50clr.com\/?page_id=1812","url":"http:\/\/www.lrc50clr.com\/?page_id=1812","name":"2017.05.04 Ramassage des \u00e9tiquettes et vente des billets - LRC50CLR","isPartOf":{"@id":"http:\/\/www.lrc50clr.com\/#website"},"datePublished":"2017-05-05T18:21:02+00:00","dateModified":"2017-05-10T02:24:06+00:00","breadcrumb":{"@id":"http:\/\/www.lrc50clr.com\/?page_id=1812#breadcrumb"},"inLanguage":"en-CA","potentialAction":[{"@type":"ReadAction","target":["http:\/\/www.lrc50clr.com\/?page_id=1812"]}]},{"@type":"BreadcrumbList","@id":"http:\/\/www.lrc50clr.com\/?page_id=1812#breadcrumb","itemListElement":[{"@type":"ListItem","position":1,"name":"Home","item":"http:\/\/www.lrc50clr.com\/?lang=en"},{"@type":"ListItem","position":2,"name":"Nouvelles","item":"http:\/\/www.lrc50clr.com\/?page_id=854"},{"@type":"ListItem","position":3,"name":"2017.05.04 Ramassage des \u00e9tiquettes et vente des billets"}]},{"@type":"WebSite","@id":"http:\/\/www.lrc50clr.com\/#website","url":"http:\/\/www.lrc50clr.com\/","name":"LRC50CLR","description":"Louis Riel Collegiate 50th\/e Coll\u00e8ge Louis Riel","potentialAction":[{"@type":"SearchAction","target":{"@type":"EntryPoint","urlTemplate":"http:\/\/www.lrc50clr.com\/?s={search_term_string}"},"query-input":{"@type":"PropertyValueSpecification","valueRequired":true,"valueName":"search_term_string"}}],"inLanguage":"en-CA"}]}},"_links":{"self":[{"href":"http:\/\/www.lrc50clr.com\/index.php?rest_route=\/wp\/v2\/pages\/1812","targetHints":{"allow":["GET"]}}],"collection":[{"href":"http:\/\/www.lrc50clr.com\/index.php?rest_route=\/wp\/v2\/pages"}],"about":[{"href":"http:\/\/www.lrc50clr.com\/index.php?rest_route=\/wp\/v2\/types\/page"}],"author":[{"embeddable":true,"href":"http:\/\/www.lrc50clr.com\/index.php?rest_route=\/wp\/v2\/users\/1"}],"replies":[{"embeddable":true,"href":"http:\/\/www.lrc50clr.com\/index.php?rest_route=%2Fwp%2Fv2%2Fcomments&post=1812"}],"version-history":[{"count":5,"href":"http:\/\/www.lrc50clr.com\/index.php?rest_route=\/wp\/v2\/pages\/1812\/revisions"}],"predecessor-version":[{"id":1839,"href":"http:\/\/www.lrc50clr.com\/index.php?rest_route=\/wp\/v2\/pages\/1812\/revisions\/1839"}],"up":[{"embeddable":true,"href":"http:\/\/www.lrc50clr.com\/index.php?rest_route=\/wp\/v2\/pages\/854"}],"wp:attachment":[{"href":"http:\/\/www.lrc50clr.com\/index.php?rest_route=%2Fwp%2Fv2%2Fmedia&parent=1812"}],"curies":[{"name":"wp","href":"https:\/\/api.w.org\/{rel}","templated":true}]}}