{"id":1657,"date":"2017-04-04T15:34:14","date_gmt":"2017-04-04T20:34:14","guid":{"rendered":"http:\/\/localhost\/?page_id=1657"},"modified":"2017-04-04T15:58:24","modified_gmt":"2017-04-04T20:58:24","slug":"ray-martin-band","status":"publish","type":"page","link":"http:\/\/www.lrc50clr.com\/?page_id=1657","title":{"rendered":"Ray Martin Band"},"content":{"rendered":"<p style=\"text-align: center;\"><span style=\"font-family: comic sans ms,sans-serif; font-size: 18pt;\">Ray Martin Band<\/span><\/p>\n<p><span style=\"font-family: comic sans ms,sans-serif; font-size: 14pt;\">La passion de Ray pour la musique a fa\u00e7onn\u00e9 toute sa vie.<\/span><\/p>\n<p><span style=\"font-family: comic sans ms,sans-serif; font-size: 14pt;\">Ray Martin est n\u00e9 \u00e0 Radville en Saskatchewan. Son p\u00e8re \u00e9tait un boucher et sa m\u00e8re a travaill\u00e9 dans <a href=\"http:\/\/www.lrc50clr.com\/wp-content\/uploads\/2017\/03\/Ray_Martin.jpeg\"><img loading=\"lazy\" decoding=\"async\" class=\"size-medium wp-image-1527 alignright\" src=\"http:\/\/www.lrc50clr.com\/wp-content\/uploads\/2017\/03\/Ray_Martin-199x300.jpeg\" alt=\"Ray_Martin\" width=\"199\" height=\"300\" srcset=\"http:\/\/www.lrc50clr.com\/wp-content\/uploads\/2017\/03\/Ray_Martin-199x300.jpeg 199w, http:\/\/www.lrc50clr.com\/wp-content\/uploads\/2017\/03\/Ray_Martin-678x1024.jpeg 678w, http:\/\/www.lrc50clr.com\/wp-content\/uploads\/2017\/03\/Ray_Martin.jpeg 720w\" sizes=\"auto, (max-width: 199px) 100vw, 199px\" \/><\/a>de nombreux boulots pour survivre. \u00a0Quand Ray \u00e9tait un b\u00e9b\u00e9, ils ont d\u00e9m\u00e9nag\u00e9 avec son fr\u00e8re a\u00een\u00e9 Noel et sa soeur Georgette \u00e0 St-Jean-Baptiste dans le sud du Manitoba. Ils se sont finalement install\u00e9s \u00e0 Winnipeg, o\u00f9 son p\u00e8re ouvrit une petite \u00e9picerie. Un samedi matin, le p\u00e8re de Ray l&#8217;a r\u00e9veill\u00e9 et a dit: \u201cNous allons faire du magasinage.\u201d Ils ont visit\u00e9 quelques boutiques de pr\u00eateurs de gage et sont revenus avec une guitare, un violon et un banjo. Le p\u00e8re de Ray avait l&#8217;espoir que son plus jeune apprendrait \u00e0 jouer l&#8217;un d&#8217;eux.<\/span><\/p>\n<p><span style=\"font-family: comic sans ms,sans-serif; font-size: 14pt;\">Ray a \u00e9t\u00e9 appel\u00e9 l&#8217;un des \u201csecrets les mieux gard\u00e9s\u201d du <a href=\"http:\/\/www.lrc50clr.com\/wp-content\/uploads\/2017\/03\/Ray_Martin_band.jpeg\"><img loading=\"lazy\" decoding=\"async\" class=\"size-medium wp-image-1528 alignleft\" src=\"http:\/\/www.lrc50clr.com\/wp-content\/uploads\/2017\/03\/Ray_Martin_band-300x131.jpeg\" alt=\"Ray_Martin_band\" width=\"300\" height=\"131\" srcset=\"http:\/\/www.lrc50clr.com\/wp-content\/uploads\/2017\/03\/Ray_Martin_band-300x131.jpeg 300w, http:\/\/www.lrc50clr.com\/wp-content\/uploads\/2017\/03\/Ray_Martin_band.jpeg 720w\" sizes=\"auto, (max-width: 300px) 100vw, 300px\" \/><\/a>Manitoba lorsqu&#8217;il s&#8217;agit de l&#8217;art de composer des chansons. Ray et son co-r\u00e9dacteur partenaire Lyle Foster ont remport\u00e9 d&#8217;innombrables prix de l&#8217;industrie de la musique ayant form\u00e9 un partenariat dans le Foster Martin Band pendant 19 ans.<\/span><\/p>\n<p><span style=\"font-family: comic sans ms,sans-serif; font-size: 14pt;\">Une chanson intitul\u00e9e \u201cThank You Lord For The Sun\u201d est ce qui les a aid\u00e9s \u00e0 p\u00e9n\u00e9trer dans la sc\u00e8ne de compositeur de chansons \u00e0 Nashville, ayant co-publi\u00e9 la chanson avec Famous Music appartenant \u00e0 Paramount Studios en Californie. C&#8217;est \u00e0 cette \u00e9poque que Ray et Lyle ont eu la chance d&#8217;\u00e9crire avec Big Kenny Alphin du c\u00e9l\u00e8bre duo &#8220;Big &amp; Rich&#8221;. Ray a depuis compos\u00e9 des chansons avec les compositeurs de Nashville Gilles Godard et Willie Mack, et les compositeurs de chansons \u00e0 succ\u00e8s du Manitoba, Diamond Doug Keith, Harvey Levy, Chris Freeman, Eddie Birkett et Chad Leitold.<\/span><\/p>\n<p><span style=\"font-family: comic sans ms,sans-serif; font-size: 14pt;\">Site Web: <a href=\"http:\/\/raymartin.ca\" target=\"_blank\">raymartin.ca<\/a><\/span><\/p>\n<p><span style=\"font-family: comic sans ms,sans-serif; font-size: 14pt;\">:: Intronis\u00e9 au Temple de la renomm\u00e9e musicale du Manitoba, 2015<\/span><\/p>\n<p><span style=\"font-family: comic sans ms,sans-serif; font-size: 14pt;\">:: Gagnant de &#8220;Best Uptempo Country&#8221; (Papa Joe) Recherche de Chansons de Nashville<\/span><\/p>\n<p><span style=\"font-family: comic sans ms,sans-serif; font-size: 14pt;\">:: Gagnant de &#8220;Best Country Ballad&#8221; (Duct Taped Bible) Concours Unisong<\/span><\/p>\n<p><span style=\"font-family: comic sans ms,sans-serif; font-size: 14pt;\">:: Mention d&#8217;honneur pour le concours de chansons NSAI (Papa Joe &amp; The Miracle)<\/span><\/p>\n<p><span style=\"font-family: comic sans ms,sans-serif; font-size: 14pt;\">:: Gagnant de 35 prix MCMA (Foster Martin Band)<\/span><\/p>\n<p><span style=\"font-family: comic sans ms,sans-serif; font-size: 14pt;\">:: 3 fois nomination \u00e0 la CCMA (FMB)<\/span><\/p>\n<p><span style=\"font-family: comic sans ms,sans-serif; font-size: 14pt;\">:: 2 fois nomination WCMA (FMB)<\/span><\/p>\n","protected":false},"excerpt":{"rendered":"<p>Ray Martin Band La passion de Ray pour la musique a fa&ccedil;onn&eacute; toute sa vie. Ray Martin est n&eacute; &agrave; Radville en Saskatchewan. Son p&egrave;re &eacute;tait un boucher et sa m&egrave;re a travaill&eacute; dans de nombreux boulots pour survivre. &nbsp;Quand Ray &eacute;tait un b&eacute;b&eacute;, ils ont d&eacute;m&eacute;nag&eacute; avec son fr&egrave;re a&icirc;n&eacute; Noel et sa soeur &hellip; <a href=\"http:\/\/www.lrc50clr.com\/?page_id=1657\" class=\"more-link\">Continue reading <span class=\"screen-reader-text\">Ray Martin Band<\/span> <span class=\"meta-nav\">&rarr;<\/span><\/a><\/p>\n","protected":false},"author":1,"featured_media":0,"parent":1525,"menu_order":0,"comment_status":"closed","ping_status":"closed","template":"","meta":{"footnotes":""},"class_list":["post-1657","page","type-page","status-publish","hentry"],"yoast_head":"<!-- This site is optimized with the Yoast SEO plugin v24.3 - https:\/\/yoast.com\/wordpress\/plugins\/seo\/ -->\r\n<title>Ray Martin Band - LRC50CLR<\/title>\r\n<meta name=\"robots\" content=\"noindex, follow, max-snippet:-1, max-image-preview:large, max-video-preview:-1\" \/>\r\n<meta property=\"og:locale\" content=\"en_US\" \/>\r\n<meta property=\"og:type\" content=\"article\" \/>\r\n<meta property=\"og:title\" content=\"Ray Martin Band - LRC50CLR\" \/>\r\n<meta property=\"og:description\" content=\"Ray Martin Band La passion de Ray pour la musique a fa&ccedil;onn&eacute; toute sa vie. Ray Martin est n&eacute; &agrave; Radville en Saskatchewan. Son p&egrave;re &eacute;tait un boucher et sa m&egrave;re a travaill&eacute; dans de nombreux boulots pour survivre. &nbsp;Quand Ray &eacute;tait un b&eacute;b&eacute;, ils ont d&eacute;m&eacute;nag&eacute; avec son fr&egrave;re a&icirc;n&eacute; Noel et sa soeur &hellip; Continue reading Ray Martin Band &rarr;\" \/>\r\n<meta property=\"og:url\" content=\"http:\/\/www.lrc50clr.com\/?page_id=1657\" \/>\r\n<meta property=\"og:site_name\" content=\"LRC50CLR\" \/>\r\n<meta property=\"article:modified_time\" content=\"2017-04-04T20:58:24+00:00\" \/>\r\n<meta property=\"og:image\" content=\"http:\/\/www.lrc50clr.com\/wp-content\/uploads\/2017\/03\/Ray_Martin-199x300.jpeg\" \/>\r\n<meta name=\"twitter:card\" content=\"summary_large_image\" \/>\r\n<meta name=\"twitter:label1\" content=\"Est. reading time\" \/>\n\t<meta name=\"twitter:data1\" content=\"2 minutes\" \/>\r\n<script type=\"application\/ld+json\" class=\"yoast-schema-graph\">{\"@context\":\"https:\/\/schema.org\",\"@graph\":[{\"@type\":\"WebPage\",\"@id\":\"http:\/\/www.lrc50clr.com\/?page_id=1657\",\"url\":\"http:\/\/www.lrc50clr.com\/?page_id=1657\",\"name\":\"Ray Martin Band - LRC50CLR\",\"isPartOf\":{\"@id\":\"http:\/\/www.lrc50clr.com\/#website\"},\"primaryImageOfPage\":{\"@id\":\"http:\/\/www.lrc50clr.com\/?page_id=1657#primaryimage\"},\"image\":{\"@id\":\"http:\/\/www.lrc50clr.com\/?page_id=1657#primaryimage\"},\"thumbnailUrl\":\"http:\/\/www.lrc50clr.com\/wp-content\/uploads\/2017\/03\/Ray_Martin-199x300.jpeg\",\"datePublished\":\"2017-04-04T20:34:14+00:00\",\"dateModified\":\"2017-04-04T20:58:24+00:00\",\"breadcrumb\":{\"@id\":\"http:\/\/www.lrc50clr.com\/?page_id=1657#breadcrumb\"},\"inLanguage\":\"en-CA\",\"potentialAction\":[{\"@type\":\"ReadAction\",\"target\":[\"http:\/\/www.lrc50clr.com\/?page_id=1657\"]}]},{\"@type\":\"ImageObject\",\"inLanguage\":\"en-CA\",\"@id\":\"http:\/\/www.lrc50clr.com\/?page_id=1657#primaryimage\",\"url\":\"http:\/\/www.lrc50clr.com\/wp-content\/uploads\/2017\/03\/Ray_Martin.jpeg\",\"contentUrl\":\"http:\/\/www.lrc50clr.com\/wp-content\/uploads\/2017\/03\/Ray_Martin.jpeg\",\"width\":720,\"height\":1087},{\"@type\":\"BreadcrumbList\",\"@id\":\"http:\/\/www.lrc50clr.com\/?page_id=1657#breadcrumb\",\"itemListElement\":[{\"@type\":\"ListItem\",\"position\":1,\"name\":\"Home\",\"item\":\"http:\/\/www.lrc50clr.com\/?lang=en\"},{\"@type\":\"ListItem\",\"position\":2,\"name\":\"Bo\u00eete \u00e0 Chansons\",\"item\":\"http:\/\/www.lrc50clr.com\/?page_id=1525\"},{\"@type\":\"ListItem\",\"position\":3,\"name\":\"Ray Martin Band\"}]},{\"@type\":\"WebSite\",\"@id\":\"http:\/\/www.lrc50clr.com\/#website\",\"url\":\"http:\/\/www.lrc50clr.com\/\",\"name\":\"LRC50CLR\",\"description\":\"Louis Riel Collegiate 50th\/e Coll\u00e8ge Louis Riel\",\"potentialAction\":[{\"@type\":\"SearchAction\",\"target\":{\"@type\":\"EntryPoint\",\"urlTemplate\":\"http:\/\/www.lrc50clr.com\/?s={search_term_string}\"},\"query-input\":{\"@type\":\"PropertyValueSpecification\",\"valueRequired\":true,\"valueName\":\"search_term_string\"}}],\"inLanguage\":\"en-CA\"}]}<\/script>\r\n<!-- \/ Yoast SEO plugin. -->","yoast_head_json":{"title":"Ray Martin Band - LRC50CLR","robots":{"index":"noindex","follow":"follow","max-snippet":"max-snippet:-1","max-image-preview":"max-image-preview:large","max-video-preview":"max-video-preview:-1"},"og_locale":"en_US","og_type":"article","og_title":"Ray Martin Band - LRC50CLR","og_description":"Ray Martin Band La passion de Ray pour la musique a fa&ccedil;onn&eacute; toute sa vie. Ray Martin est n&eacute; &agrave; Radville en Saskatchewan. Son p&egrave;re &eacute;tait un boucher et sa m&egrave;re a travaill&eacute; dans de nombreux boulots pour survivre. &nbsp;Quand Ray &eacute;tait un b&eacute;b&eacute;, ils ont d&eacute;m&eacute;nag&eacute; avec son fr&egrave;re a&icirc;n&eacute; Noel et sa soeur &hellip; Continue reading Ray Martin Band &rarr;","og_url":"http:\/\/www.lrc50clr.com\/?page_id=1657","og_site_name":"LRC50CLR","article_modified_time":"2017-04-04T20:58:24+00:00","og_image":[{"url":"http:\/\/www.lrc50clr.com\/wp-content\/uploads\/2017\/03\/Ray_Martin-199x300.jpeg","type":"","width":"","height":""}],"twitter_card":"summary_large_image","twitter_misc":{"Est. reading time":"2 minutes"},"schema":{"@context":"https:\/\/schema.org","@graph":[{"@type":"WebPage","@id":"http:\/\/www.lrc50clr.com\/?page_id=1657","url":"http:\/\/www.lrc50clr.com\/?page_id=1657","name":"Ray Martin Band - LRC50CLR","isPartOf":{"@id":"http:\/\/www.lrc50clr.com\/#website"},"primaryImageOfPage":{"@id":"http:\/\/www.lrc50clr.com\/?page_id=1657#primaryimage"},"image":{"@id":"http:\/\/www.lrc50clr.com\/?page_id=1657#primaryimage"},"thumbnailUrl":"http:\/\/www.lrc50clr.com\/wp-content\/uploads\/2017\/03\/Ray_Martin-199x300.jpeg","datePublished":"2017-04-04T20:34:14+00:00","dateModified":"2017-04-04T20:58:24+00:00","breadcrumb":{"@id":"http:\/\/www.lrc50clr.com\/?page_id=1657#breadcrumb"},"inLanguage":"en-CA","potentialAction":[{"@type":"ReadAction","target":["http:\/\/www.lrc50clr.com\/?page_id=1657"]}]},{"@type":"ImageObject","inLanguage":"en-CA","@id":"http:\/\/www.lrc50clr.com\/?page_id=1657#primaryimage","url":"http:\/\/www.lrc50clr.com\/wp-content\/uploads\/2017\/03\/Ray_Martin.jpeg","contentUrl":"http:\/\/www.lrc50clr.com\/wp-content\/uploads\/2017\/03\/Ray_Martin.jpeg","width":720,"height":1087},{"@type":"BreadcrumbList","@id":"http:\/\/www.lrc50clr.com\/?page_id=1657#breadcrumb","itemListElement":[{"@type":"ListItem","position":1,"name":"Home","item":"http:\/\/www.lrc50clr.com\/?lang=en"},{"@type":"ListItem","position":2,"name":"Bo\u00eete \u00e0 Chansons","item":"http:\/\/www.lrc50clr.com\/?page_id=1525"},{"@type":"ListItem","position":3,"name":"Ray Martin Band"}]},{"@type":"WebSite","@id":"http:\/\/www.lrc50clr.com\/#website","url":"http:\/\/www.lrc50clr.com\/","name":"LRC50CLR","description":"Louis Riel Collegiate 50th\/e Coll\u00e8ge Louis Riel","potentialAction":[{"@type":"SearchAction","target":{"@type":"EntryPoint","urlTemplate":"http:\/\/www.lrc50clr.com\/?s={search_term_string}"},"query-input":{"@type":"PropertyValueSpecification","valueRequired":true,"valueName":"search_term_string"}}],"inLanguage":"en-CA"}]}},"_links":{"self":[{"href":"http:\/\/www.lrc50clr.com\/index.php?rest_route=\/wp\/v2\/pages\/1657","targetHints":{"allow":["GET"]}}],"collection":[{"href":"http:\/\/www.lrc50clr.com\/index.php?rest_route=\/wp\/v2\/pages"}],"about":[{"href":"http:\/\/www.lrc50clr.com\/index.php?rest_route=\/wp\/v2\/types\/page"}],"author":[{"embeddable":true,"href":"http:\/\/www.lrc50clr.com\/index.php?rest_route=\/wp\/v2\/users\/1"}],"replies":[{"embeddable":true,"href":"http:\/\/www.lrc50clr.com\/index.php?rest_route=%2Fwp%2Fv2%2Fcomments&post=1657"}],"version-history":[{"count":6,"href":"http:\/\/www.lrc50clr.com\/index.php?rest_route=\/wp\/v2\/pages\/1657\/revisions"}],"predecessor-version":[{"id":1671,"href":"http:\/\/www.lrc50clr.com\/index.php?rest_route=\/wp\/v2\/pages\/1657\/revisions\/1671"}],"up":[{"embeddable":true,"href":"http:\/\/www.lrc50clr.com\/index.php?rest_route=\/wp\/v2\/pages\/1525"}],"wp:attachment":[{"href":"http:\/\/www.lrc50clr.com\/index.php?rest_route=%2Fwp%2Fv2%2Fmedia&parent=1657"}],"curies":[{"name":"wp","href":"https:\/\/api.w.org\/{rel}","templated":true}]}}