{"id":1654,"date":"2017-04-04T15:23:24","date_gmt":"2017-04-04T20:23:24","guid":{"rendered":"http:\/\/localhost\/?page_id=1654"},"modified":"2017-04-04T15:23:24","modified_gmt":"2017-04-04T20:23:24","slug":"vincent-dureault","status":"publish","type":"page","link":"http:\/\/www.lrc50clr.com\/?page_id=1654","title":{"rendered":"Vincent Dureault"},"content":{"rendered":"<p style=\"text-align: center;\"><span style=\"font-size: 18pt;\"><strong>Vincent Dureault<\/strong><\/span><\/p>\n<p><span style=\"font-family: comic sans ms,sans-serif; font-size: 14pt;\">\u00a0Vincent Dureault a fr\u00e9quent\u00e9 l\u2019ICLR de 1969 \u00e0 1974\u2026 apr\u00e8s quoi il a \u00e9tudi\u00e9 \u00e0 l&#8217;Universit\u00e9 de Saint-Boniface et est devenu professeur.<\/span><\/p>\n<p><span style=\"font-family: comic sans ms,sans-serif; font-size: 14pt;\">Vincent a enseign\u00e9 pendant 4 ans, puis a continu\u00e9 \u00e0 faire d&#8217;autres choses dans l&#8217;industrie du divertissement.<\/span><\/p>\n<p><span style=\"font-family: comic sans ms,sans-serif; font-size: 14pt;\">En 1988, il a commenc\u00e9 sa carri\u00e8re comme annonceur de radio pour CKSB \u00e0 Radio-Canada.<\/span><\/p>\n<p><span style=\"font-size: 14pt; font-family: comic sans ms,sans-serif;\">Vincent a pris sa retraite de l\u00e0 en 2016 mais est toujours tr\u00e8s actif dans l&#8217;industrie du divertissement comme h\u00f4te d\u2019\u00e9v\u00e9nements majeurs comme celui-ci et parfois en jouant au Cercle Moli\u00e8re, pour ne nommer que quelques-uns.<\/span><\/p>\n","protected":false},"excerpt":{"rendered":"<p>Vincent Dureault &nbsp;Vincent Dureault a fr&eacute;quent&eacute; l&rsquo;ICLR de 1969 &agrave; 1974&hellip; apr&egrave;s quoi il a &eacute;tudi&eacute; &agrave; l&rsquo;Universit&eacute; de Saint-Boniface et est devenu professeur. Vincent a enseign&eacute; pendant 4 ans, puis a continu&eacute; &agrave; faire d&rsquo;autres choses dans l&rsquo;industrie du divertissement. En 1988, il a commenc&eacute; sa carri&egrave;re comme annonceur de radio pour CKSB &agrave; &hellip; <a href=\"http:\/\/www.lrc50clr.com\/?page_id=1654\" class=\"more-link\">Continue reading <span class=\"screen-reader-text\">Vincent Dureault<\/span> <span class=\"meta-nav\">&rarr;<\/span><\/a><\/p>\n","protected":false},"author":1,"featured_media":0,"parent":1525,"menu_order":0,"comment_status":"closed","ping_status":"closed","template":"","meta":{"footnotes":""},"class_list":["post-1654","page","type-page","status-publish","hentry"],"yoast_head":"<!-- This site is optimized with the Yoast SEO plugin v24.3 - https:\/\/yoast.com\/wordpress\/plugins\/seo\/ -->\r\n<title>Vincent Dureault - LRC50CLR<\/title>\r\n<meta name=\"robots\" content=\"noindex, follow, max-snippet:-1, max-image-preview:large, max-video-preview:-1\" \/>\r\n<meta property=\"og:locale\" content=\"en_US\" \/>\r\n<meta property=\"og:type\" content=\"article\" \/>\r\n<meta property=\"og:title\" content=\"Vincent Dureault - LRC50CLR\" \/>\r\n<meta property=\"og:description\" content=\"Vincent Dureault &nbsp;Vincent Dureault a fr&eacute;quent&eacute; l&rsquo;ICLR de 1969 &agrave; 1974&hellip; apr&egrave;s quoi il a &eacute;tudi&eacute; &agrave; l&rsquo;Universit&eacute; de Saint-Boniface et est devenu professeur. Vincent a enseign&eacute; pendant 4 ans, puis a continu&eacute; &agrave; faire d&rsquo;autres choses dans l&rsquo;industrie du divertissement. En 1988, il a commenc&eacute; sa carri&egrave;re comme annonceur de radio pour CKSB &agrave; &hellip; Continue reading Vincent Dureault &rarr;\" \/>\r\n<meta property=\"og:url\" content=\"http:\/\/www.lrc50clr.com\/?page_id=1654\" \/>\r\n<meta property=\"og:site_name\" content=\"LRC50CLR\" \/>\r\n<meta name=\"twitter:card\" content=\"summary_large_image\" \/>\r\n<script type=\"application\/ld+json\" class=\"yoast-schema-graph\">{\"@context\":\"https:\/\/schema.org\",\"@graph\":[{\"@type\":\"WebPage\",\"@id\":\"http:\/\/www.lrc50clr.com\/?page_id=1654\",\"url\":\"http:\/\/www.lrc50clr.com\/?page_id=1654\",\"name\":\"Vincent Dureault - LRC50CLR\",\"isPartOf\":{\"@id\":\"http:\/\/www.lrc50clr.com\/#website\"},\"datePublished\":\"2017-04-04T20:23:24+00:00\",\"dateModified\":\"2017-04-04T20:23:24+00:00\",\"breadcrumb\":{\"@id\":\"http:\/\/www.lrc50clr.com\/?page_id=1654#breadcrumb\"},\"inLanguage\":\"en-CA\",\"potentialAction\":[{\"@type\":\"ReadAction\",\"target\":[\"http:\/\/www.lrc50clr.com\/?page_id=1654\"]}]},{\"@type\":\"BreadcrumbList\",\"@id\":\"http:\/\/www.lrc50clr.com\/?page_id=1654#breadcrumb\",\"itemListElement\":[{\"@type\":\"ListItem\",\"position\":1,\"name\":\"Home\",\"item\":\"http:\/\/www.lrc50clr.com\/?lang=en\"},{\"@type\":\"ListItem\",\"position\":2,\"name\":\"Bo\u00eete \u00e0 Chansons\",\"item\":\"http:\/\/www.lrc50clr.com\/?page_id=1525\"},{\"@type\":\"ListItem\",\"position\":3,\"name\":\"Vincent Dureault\"}]},{\"@type\":\"WebSite\",\"@id\":\"http:\/\/www.lrc50clr.com\/#website\",\"url\":\"http:\/\/www.lrc50clr.com\/\",\"name\":\"LRC50CLR\",\"description\":\"Louis Riel Collegiate 50th\/e Coll\u00e8ge Louis Riel\",\"potentialAction\":[{\"@type\":\"SearchAction\",\"target\":{\"@type\":\"EntryPoint\",\"urlTemplate\":\"http:\/\/www.lrc50clr.com\/?s={search_term_string}\"},\"query-input\":{\"@type\":\"PropertyValueSpecification\",\"valueRequired\":true,\"valueName\":\"search_term_string\"}}],\"inLanguage\":\"en-CA\"}]}<\/script>\r\n<!-- \/ Yoast SEO plugin. -->","yoast_head_json":{"title":"Vincent Dureault - LRC50CLR","robots":{"index":"noindex","follow":"follow","max-snippet":"max-snippet:-1","max-image-preview":"max-image-preview:large","max-video-preview":"max-video-preview:-1"},"og_locale":"en_US","og_type":"article","og_title":"Vincent Dureault - LRC50CLR","og_description":"Vincent Dureault &nbsp;Vincent Dureault a fr&eacute;quent&eacute; l&rsquo;ICLR de 1969 &agrave; 1974&hellip; apr&egrave;s quoi il a &eacute;tudi&eacute; &agrave; l&rsquo;Universit&eacute; de Saint-Boniface et est devenu professeur. Vincent a enseign&eacute; pendant 4 ans, puis a continu&eacute; &agrave; faire d&rsquo;autres choses dans l&rsquo;industrie du divertissement. En 1988, il a commenc&eacute; sa carri&egrave;re comme annonceur de radio pour CKSB &agrave; &hellip; Continue reading Vincent Dureault &rarr;","og_url":"http:\/\/www.lrc50clr.com\/?page_id=1654","og_site_name":"LRC50CLR","twitter_card":"summary_large_image","schema":{"@context":"https:\/\/schema.org","@graph":[{"@type":"WebPage","@id":"http:\/\/www.lrc50clr.com\/?page_id=1654","url":"http:\/\/www.lrc50clr.com\/?page_id=1654","name":"Vincent Dureault - LRC50CLR","isPartOf":{"@id":"http:\/\/www.lrc50clr.com\/#website"},"datePublished":"2017-04-04T20:23:24+00:00","dateModified":"2017-04-04T20:23:24+00:00","breadcrumb":{"@id":"http:\/\/www.lrc50clr.com\/?page_id=1654#breadcrumb"},"inLanguage":"en-CA","potentialAction":[{"@type":"ReadAction","target":["http:\/\/www.lrc50clr.com\/?page_id=1654"]}]},{"@type":"BreadcrumbList","@id":"http:\/\/www.lrc50clr.com\/?page_id=1654#breadcrumb","itemListElement":[{"@type":"ListItem","position":1,"name":"Home","item":"http:\/\/www.lrc50clr.com\/?lang=en"},{"@type":"ListItem","position":2,"name":"Bo\u00eete \u00e0 Chansons","item":"http:\/\/www.lrc50clr.com\/?page_id=1525"},{"@type":"ListItem","position":3,"name":"Vincent Dureault"}]},{"@type":"WebSite","@id":"http:\/\/www.lrc50clr.com\/#website","url":"http:\/\/www.lrc50clr.com\/","name":"LRC50CLR","description":"Louis Riel Collegiate 50th\/e Coll\u00e8ge Louis Riel","potentialAction":[{"@type":"SearchAction","target":{"@type":"EntryPoint","urlTemplate":"http:\/\/www.lrc50clr.com\/?s={search_term_string}"},"query-input":{"@type":"PropertyValueSpecification","valueRequired":true,"valueName":"search_term_string"}}],"inLanguage":"en-CA"}]}},"_links":{"self":[{"href":"http:\/\/www.lrc50clr.com\/index.php?rest_route=\/wp\/v2\/pages\/1654","targetHints":{"allow":["GET"]}}],"collection":[{"href":"http:\/\/www.lrc50clr.com\/index.php?rest_route=\/wp\/v2\/pages"}],"about":[{"href":"http:\/\/www.lrc50clr.com\/index.php?rest_route=\/wp\/v2\/types\/page"}],"author":[{"embeddable":true,"href":"http:\/\/www.lrc50clr.com\/index.php?rest_route=\/wp\/v2\/users\/1"}],"replies":[{"embeddable":true,"href":"http:\/\/www.lrc50clr.com\/index.php?rest_route=%2Fwp%2Fv2%2Fcomments&post=1654"}],"version-history":[{"count":1,"href":"http:\/\/www.lrc50clr.com\/index.php?rest_route=\/wp\/v2\/pages\/1654\/revisions"}],"predecessor-version":[{"id":1655,"href":"http:\/\/www.lrc50clr.com\/index.php?rest_route=\/wp\/v2\/pages\/1654\/revisions\/1655"}],"up":[{"embeddable":true,"href":"http:\/\/www.lrc50clr.com\/index.php?rest_route=\/wp\/v2\/pages\/1525"}],"wp:attachment":[{"href":"http:\/\/www.lrc50clr.com\/index.php?rest_route=%2Fwp%2Fv2%2Fmedia&parent=1654"}],"curies":[{"name":"wp","href":"https:\/\/api.w.org\/{rel}","templated":true}]}}