{"id":1650,"date":"2017-04-04T15:17:49","date_gmt":"2017-04-04T20:17:49","guid":{"rendered":"http:\/\/localhost\/?page_id=1650"},"modified":"2017-04-04T15:19:21","modified_gmt":"2017-04-04T20:19:21","slug":"rice-and-beans-the-band","status":"publish","type":"page","link":"http:\/\/www.lrc50clr.com\/?page_id=1650","title":{"rendered":"Rice and Beans, The Band"},"content":{"rendered":"<p style=\"text-align: center;\"><span style=\"font-family: comic sans ms,sans-serif; font-size: 18pt;\">Rice and Beans, The Band<\/span><\/p>\n<p><span style=\"font-family: comic sans ms,sans-serif; font-size: 14pt;\">En vacances \u00e0 Cuba, Raymond St. Hilaire a pris<a href=\"http:\/\/www.lrc50clr.com\/wp-content\/uploads\/2017\/03\/Pine-Falls-Legion.jpg\"><img loading=\"lazy\" decoding=\"async\" class=\"size-medium wp-image-1502 alignright\" src=\"http:\/\/www.lrc50clr.com\/wp-content\/uploads\/2017\/03\/Pine-Falls-Legion-300x225.jpg\" alt=\"Pine Falls Legion\" width=\"300\" height=\"225\" srcset=\"http:\/\/www.lrc50clr.com\/wp-content\/uploads\/2017\/03\/Pine-Falls-Legion-300x225.jpg 300w, http:\/\/www.lrc50clr.com\/wp-content\/uploads\/2017\/03\/Pine-Falls-Legion-768x576.jpg 768w, http:\/\/www.lrc50clr.com\/wp-content\/uploads\/2017\/03\/Pine-Falls-Legion.jpg 960w\" sizes=\"auto, (max-width: 300px) 100vw, 300px\" \/><\/a>connaissance d\u2019un groupe appel\u00e9 \u201cRice and Beans\u201d. \u00a0C&#8217;\u00e9tait un nom si \u201ccool\u201d. \u00a0En pensant que le groupe ne seraient pas offusqu\u00e9 qu\u2019il se sert d\u2019une version semblable du nom plusieurs miles \u00e0 travers l&#8217;oc\u00e9an, \u201cRice and Beans, The Band\u201d a \u00e9t\u00e9 cr\u00e9\u00e9. \u00a0Il avait le nom de son groupe mais devait maintenant trouver quelques bons musiciens. \u00a0Il ne fallut pas longtemps \u00e0 <a href=\"http:\/\/www.lrc50clr.com\/wp-content\/uploads\/2017\/03\/Dave-Al-Ray.jpg\"><img loading=\"lazy\" decoding=\"async\" class=\"size-medium wp-image-1523 alignleft\" src=\"http:\/\/www.lrc50clr.com\/wp-content\/uploads\/2017\/03\/Dave-Al-Ray-300x225.jpg\" alt=\"Dave-Al-Ray\" width=\"300\" height=\"225\" srcset=\"http:\/\/www.lrc50clr.com\/wp-content\/uploads\/2017\/03\/Dave-Al-Ray-300x225.jpg 300w, http:\/\/www.lrc50clr.com\/wp-content\/uploads\/2017\/03\/Dave-Al-Ray-768x576.jpg 768w, http:\/\/www.lrc50clr.com\/wp-content\/uploads\/2017\/03\/Dave-Al-Ray-1024x768.jpg 1024w\" sizes=\"auto, (max-width: 300px) 100vw, 300px\" \/><\/a>Raymond pour assembler un nouveau groupe.\u00a0 Raymond vivait sur la rue Marion, dans une maison pas loin du Patio des Cara\u00efbes Deens. Ken, le propri\u00e9taire, l&#8217;a entendu jouer sa guitare et lui a demand\u00e9 s&#8217;il aimerait jouer les fins de semaine sur son Patio. Quel opportunit\u00e9&#8230; juste devant sa porte! \u00a0C&#8217;\u00e9tait il y a 15 ans. Nous sommes plus ou moins le groupe-maison m\u00eame \u00e0 ce jour. Nous jouons le rock classique, le blues et un peu de country (la musique avec lequel nous avons grandi). \u00a0Bien chevronn\u00e9, mais pas trop vieux, des musiciens jouant du fond du c\u0153ur.<\/span><\/p>\n<p><span style=\"font-family: comic sans ms,sans-serif; font-size: 14pt;\">NOUS VOUS OFFRIRONS TOUT UN SPECTACLE \u00c0 LA R\u00c9UNION DE LOUIS RIEL.<\/span><\/p>\n<p style=\"text-align: center;\"><strong><span style=\"font-family: comic sans ms,sans-serif; font-size: 14pt;\">Raymond Saint-Hilaire<\/span><\/strong><\/p>\n<p><span style=\"font-family: comic sans ms,sans-serif; font-size: 14pt;\">J&#8217;ai commenc\u00e9 \u00e0 jouer avec mon bon ami Alan McDonald quand nous avions tous les deux 13 ans. \u00a052 ans plus tard, nous voici! \u00a0Un de nos premiers concerts a \u00e9t\u00e9 \u00e0 une soir\u00e9e de vari\u00e9t\u00e9 \u00e0 Louis Riel, avec le P\u00e8re Ouellette en charge de production. Ernie Bruneau \u00e9tait \u00e0 la guitare principale et Gerry Drolet \u00e0 la batterie. Je crois que nous avons jou\u00e9 \u201cMy Girl\u201d, \u201cA Day in the Life\u201d des Beatles et une chanson de Tom Jones. Puis la vie a continu\u00e9, je me suis mari\u00e9 et j\u2019ai perdu le fil pour un certain temps. Plusieurs ann\u00e9es plus tard, \u00e0 l&#8217;H\u00f4tel Marion, Alan jouait avec son groupe, Fine Line. \u00a0Ils sonnaient tr\u00e8s bien, et bient\u00f4t j&#8217;\u00e9tais membre du groupe. \u00a0Nous avons jouer ensemble pour une longue p\u00e9riode de temps. \u00a0La vie s&#8217;est r\u00e9p\u00e9t\u00e9e et j\u2019ai perdu contact. \u00a0Nous nous sommes retrouv\u00e9s dans \u201cRice and Beans, The Band\u201d avec un autre \u00e9l\u00e8ve de Louis Riel, Dave LaBossi\u00e8re, jouant du rock classique, du blues et un peu de country. J\u2019esp\u00e8re que vous aimerez le groupe. J\u2019ai h\u00e2te de jouer pour vous tous encore.<\/span><\/p>\n<p style=\"text-align: center;\"><strong><span style=\"font-family: comic sans ms,sans-serif; font-size: 14pt;\">Dave LaBossi\u00e8re<\/span><\/strong><\/p>\n<p><span style=\"font-family: comic sans ms,sans-serif; font-size: 14pt;\">Un de mes premiers moments sur sc\u00e8ne \u00e9tait \u00e0 une soir\u00e9e de vari\u00e9t\u00e9 \u00e0 Louis Riel, en jouant de la guitare dans mon premier groupe, appel\u00e9 The King&#8217;s Court \u2026. Puis l&#8217;ann\u00e9e suivante, j&#8217;ai jou\u00e9 dans la soir\u00e9e de vari\u00e9t\u00e9 de Louis Riel dans le groupe-maison avec des amis , Denis Tellier, Roger Cloutier et d\u2019autres. Nous avons jou\u00e9 pour de nombreux spectacles, y compris L\u00e9o Dufault qui chantait \u201cGloria\u201d, et on a \u00e9galement jou\u00e9 un certain nombre de chansons entre les spectacles. J&#8217;\u00e9tais dans un groupe appel\u00e9 The Sect, qui s\u2019est dissous quand je me suis mari\u00e9 \u00e0 mon amie de coeur de Louis Riel, Jackey Savage. Survivant et avec deux enfants si t\u00f4t, j&#8217;ai vendu tout mon \u00e9quipement musical, pi\u00e8ce par pi\u00e8ce pour survivre. (Tr\u00e8s heureux, pr\u00e9sentement presque 47 ans de mariage). Jackey m&#8217;a achet\u00e9 une guitare Ovation 14 ans plus tard, que j&#8217;ai encore, et j&#8217;ai aussi achet\u00e9 une guitare Fender \u00e0 douze cordes \u2026. Ma vie a \u00e9t\u00e9 45 ans en affaires, \u00e9lever des enfants, puis \u00e0 la retraite en 2013. \u00a0Raymond, un voisin au chalet, avait besoin d&#8217;un rempla\u00e7ant pour son groupe quand un des musiciens, Bob, n\u2019\u00e9tait pas disponible pour un spectacle. \u00a0Je me suis entrain\u00e9 pendant deux semaines et j&#8217;avais tellement de plaisir \u00e0 remplacer&#8230; \u00a0L&#8217;ann\u00e9e d\u2019apr\u00e8s, j&#8217;ai joint \u201cRice and Beans\u201d et j\u2019ai beaucoup de plaisir\u2026\u00a0 Dans un groupe, avant ma vie adulte,,, et de retour dans un groupe dans ma vie de retrait\u00e9\u2026<\/span><\/p>\n<p>&nbsp;<\/p>\n","protected":false},"excerpt":{"rendered":"<p>Rice and Beans, The Band En vacances &agrave; Cuba, Raymond St. Hilaire a prisconnaissance d&rsquo;un groupe appel&eacute; &ldquo;Rice and Beans&rdquo;. &nbsp;C&rsquo;&eacute;tait un nom si &ldquo;cool&rdquo;. &nbsp;En pensant que le groupe ne seraient pas offusqu&eacute; qu&rsquo;il se sert d&rsquo;une version semblable du nom plusieurs miles &agrave; travers l&rsquo;oc&eacute;an, &ldquo;Rice and Beans, The Band&rdquo; a &eacute;t&eacute; cr&eacute;&eacute;. &hellip; <a href=\"http:\/\/www.lrc50clr.com\/?page_id=1650\" class=\"more-link\">Continue reading <span class=\"screen-reader-text\">Rice and Beans, The Band<\/span> <span class=\"meta-nav\">&rarr;<\/span><\/a><\/p>\n","protected":false},"author":1,"featured_media":0,"parent":1525,"menu_order":0,"comment_status":"closed","ping_status":"closed","template":"","meta":{"footnotes":""},"class_list":["post-1650","page","type-page","status-publish","hentry"],"yoast_head":"<!-- This site is optimized with the Yoast SEO plugin v24.3 - https:\/\/yoast.com\/wordpress\/plugins\/seo\/ -->\r\n<title>Rice and Beans, The Band - LRC50CLR<\/title>\r\n<meta name=\"robots\" content=\"noindex, follow, max-snippet:-1, max-image-preview:large, max-video-preview:-1\" \/>\r\n<meta property=\"og:locale\" content=\"en_US\" \/>\r\n<meta property=\"og:type\" content=\"article\" \/>\r\n<meta property=\"og:title\" content=\"Rice and Beans, The Band - LRC50CLR\" \/>\r\n<meta property=\"og:description\" content=\"Rice and Beans, The Band En vacances &agrave; Cuba, Raymond St. Hilaire a prisconnaissance d&rsquo;un groupe appel&eacute; &ldquo;Rice and Beans&rdquo;. &nbsp;C&rsquo;&eacute;tait un nom si &ldquo;cool&rdquo;. &nbsp;En pensant que le groupe ne seraient pas offusqu&eacute; qu&rsquo;il se sert d&rsquo;une version semblable du nom plusieurs miles &agrave; travers l&rsquo;oc&eacute;an, &ldquo;Rice and Beans, The Band&rdquo; a &eacute;t&eacute; cr&eacute;&eacute;. &hellip; Continue reading Rice and Beans, The Band &rarr;\" \/>\r\n<meta property=\"og:url\" content=\"http:\/\/www.lrc50clr.com\/?page_id=1650\" \/>\r\n<meta property=\"og:site_name\" content=\"LRC50CLR\" \/>\r\n<meta property=\"article:modified_time\" content=\"2017-04-04T20:19:21+00:00\" \/>\r\n<meta property=\"og:image\" content=\"http:\/\/www.lrc50clr.com\/wp-content\/uploads\/2017\/03\/Pine-Falls-Legion-300x225.jpg\" \/>\r\n<meta name=\"twitter:card\" content=\"summary_large_image\" \/>\r\n<meta name=\"twitter:label1\" content=\"Est. reading time\" \/>\n\t<meta name=\"twitter:data1\" content=\"3 minutes\" \/>\r\n<script type=\"application\/ld+json\" class=\"yoast-schema-graph\">{\"@context\":\"https:\/\/schema.org\",\"@graph\":[{\"@type\":\"WebPage\",\"@id\":\"http:\/\/www.lrc50clr.com\/?page_id=1650\",\"url\":\"http:\/\/www.lrc50clr.com\/?page_id=1650\",\"name\":\"Rice and Beans, The Band - LRC50CLR\",\"isPartOf\":{\"@id\":\"http:\/\/www.lrc50clr.com\/#website\"},\"primaryImageOfPage\":{\"@id\":\"http:\/\/www.lrc50clr.com\/?page_id=1650#primaryimage\"},\"image\":{\"@id\":\"http:\/\/www.lrc50clr.com\/?page_id=1650#primaryimage\"},\"thumbnailUrl\":\"http:\/\/www.lrc50clr.com\/wp-content\/uploads\/2017\/03\/Pine-Falls-Legion-300x225.jpg\",\"datePublished\":\"2017-04-04T20:17:49+00:00\",\"dateModified\":\"2017-04-04T20:19:21+00:00\",\"breadcrumb\":{\"@id\":\"http:\/\/www.lrc50clr.com\/?page_id=1650#breadcrumb\"},\"inLanguage\":\"en-CA\",\"potentialAction\":[{\"@type\":\"ReadAction\",\"target\":[\"http:\/\/www.lrc50clr.com\/?page_id=1650\"]}]},{\"@type\":\"ImageObject\",\"inLanguage\":\"en-CA\",\"@id\":\"http:\/\/www.lrc50clr.com\/?page_id=1650#primaryimage\",\"url\":\"http:\/\/www.lrc50clr.com\/wp-content\/uploads\/2017\/03\/Pine-Falls-Legion.jpg\",\"contentUrl\":\"http:\/\/www.lrc50clr.com\/wp-content\/uploads\/2017\/03\/Pine-Falls-Legion.jpg\",\"width\":960,\"height\":720},{\"@type\":\"BreadcrumbList\",\"@id\":\"http:\/\/www.lrc50clr.com\/?page_id=1650#breadcrumb\",\"itemListElement\":[{\"@type\":\"ListItem\",\"position\":1,\"name\":\"Home\",\"item\":\"http:\/\/www.lrc50clr.com\/?lang=en\"},{\"@type\":\"ListItem\",\"position\":2,\"name\":\"Bo\u00eete \u00e0 Chansons\",\"item\":\"http:\/\/www.lrc50clr.com\/?page_id=1525\"},{\"@type\":\"ListItem\",\"position\":3,\"name\":\"Rice and Beans, The Band\"}]},{\"@type\":\"WebSite\",\"@id\":\"http:\/\/www.lrc50clr.com\/#website\",\"url\":\"http:\/\/www.lrc50clr.com\/\",\"name\":\"LRC50CLR\",\"description\":\"Louis Riel Collegiate 50th\/e Coll\u00e8ge Louis Riel\",\"potentialAction\":[{\"@type\":\"SearchAction\",\"target\":{\"@type\":\"EntryPoint\",\"urlTemplate\":\"http:\/\/www.lrc50clr.com\/?s={search_term_string}\"},\"query-input\":{\"@type\":\"PropertyValueSpecification\",\"valueRequired\":true,\"valueName\":\"search_term_string\"}}],\"inLanguage\":\"en-CA\"}]}<\/script>\r\n<!-- \/ Yoast SEO plugin. -->","yoast_head_json":{"title":"Rice and Beans, The Band - LRC50CLR","robots":{"index":"noindex","follow":"follow","max-snippet":"max-snippet:-1","max-image-preview":"max-image-preview:large","max-video-preview":"max-video-preview:-1"},"og_locale":"en_US","og_type":"article","og_title":"Rice and Beans, The Band - LRC50CLR","og_description":"Rice and Beans, The Band En vacances &agrave; Cuba, Raymond St. Hilaire a prisconnaissance d&rsquo;un groupe appel&eacute; &ldquo;Rice and Beans&rdquo;. &nbsp;C&rsquo;&eacute;tait un nom si &ldquo;cool&rdquo;. &nbsp;En pensant que le groupe ne seraient pas offusqu&eacute; qu&rsquo;il se sert d&rsquo;une version semblable du nom plusieurs miles &agrave; travers l&rsquo;oc&eacute;an, &ldquo;Rice and Beans, The Band&rdquo; a &eacute;t&eacute; cr&eacute;&eacute;. &hellip; Continue reading Rice and Beans, The Band &rarr;","og_url":"http:\/\/www.lrc50clr.com\/?page_id=1650","og_site_name":"LRC50CLR","article_modified_time":"2017-04-04T20:19:21+00:00","og_image":[{"url":"http:\/\/www.lrc50clr.com\/wp-content\/uploads\/2017\/03\/Pine-Falls-Legion-300x225.jpg","type":"","width":"","height":""}],"twitter_card":"summary_large_image","twitter_misc":{"Est. reading time":"3 minutes"},"schema":{"@context":"https:\/\/schema.org","@graph":[{"@type":"WebPage","@id":"http:\/\/www.lrc50clr.com\/?page_id=1650","url":"http:\/\/www.lrc50clr.com\/?page_id=1650","name":"Rice and Beans, The Band - LRC50CLR","isPartOf":{"@id":"http:\/\/www.lrc50clr.com\/#website"},"primaryImageOfPage":{"@id":"http:\/\/www.lrc50clr.com\/?page_id=1650#primaryimage"},"image":{"@id":"http:\/\/www.lrc50clr.com\/?page_id=1650#primaryimage"},"thumbnailUrl":"http:\/\/www.lrc50clr.com\/wp-content\/uploads\/2017\/03\/Pine-Falls-Legion-300x225.jpg","datePublished":"2017-04-04T20:17:49+00:00","dateModified":"2017-04-04T20:19:21+00:00","breadcrumb":{"@id":"http:\/\/www.lrc50clr.com\/?page_id=1650#breadcrumb"},"inLanguage":"en-CA","potentialAction":[{"@type":"ReadAction","target":["http:\/\/www.lrc50clr.com\/?page_id=1650"]}]},{"@type":"ImageObject","inLanguage":"en-CA","@id":"http:\/\/www.lrc50clr.com\/?page_id=1650#primaryimage","url":"http:\/\/www.lrc50clr.com\/wp-content\/uploads\/2017\/03\/Pine-Falls-Legion.jpg","contentUrl":"http:\/\/www.lrc50clr.com\/wp-content\/uploads\/2017\/03\/Pine-Falls-Legion.jpg","width":960,"height":720},{"@type":"BreadcrumbList","@id":"http:\/\/www.lrc50clr.com\/?page_id=1650#breadcrumb","itemListElement":[{"@type":"ListItem","position":1,"name":"Home","item":"http:\/\/www.lrc50clr.com\/?lang=en"},{"@type":"ListItem","position":2,"name":"Bo\u00eete \u00e0 Chansons","item":"http:\/\/www.lrc50clr.com\/?page_id=1525"},{"@type":"ListItem","position":3,"name":"Rice and Beans, The Band"}]},{"@type":"WebSite","@id":"http:\/\/www.lrc50clr.com\/#website","url":"http:\/\/www.lrc50clr.com\/","name":"LRC50CLR","description":"Louis Riel Collegiate 50th\/e Coll\u00e8ge Louis Riel","potentialAction":[{"@type":"SearchAction","target":{"@type":"EntryPoint","urlTemplate":"http:\/\/www.lrc50clr.com\/?s={search_term_string}"},"query-input":{"@type":"PropertyValueSpecification","valueRequired":true,"valueName":"search_term_string"}}],"inLanguage":"en-CA"}]}},"_links":{"self":[{"href":"http:\/\/www.lrc50clr.com\/index.php?rest_route=\/wp\/v2\/pages\/1650","targetHints":{"allow":["GET"]}}],"collection":[{"href":"http:\/\/www.lrc50clr.com\/index.php?rest_route=\/wp\/v2\/pages"}],"about":[{"href":"http:\/\/www.lrc50clr.com\/index.php?rest_route=\/wp\/v2\/types\/page"}],"author":[{"embeddable":true,"href":"http:\/\/www.lrc50clr.com\/index.php?rest_route=\/wp\/v2\/users\/1"}],"replies":[{"embeddable":true,"href":"http:\/\/www.lrc50clr.com\/index.php?rest_route=%2Fwp%2Fv2%2Fcomments&post=1650"}],"version-history":[{"count":2,"href":"http:\/\/www.lrc50clr.com\/index.php?rest_route=\/wp\/v2\/pages\/1650\/revisions"}],"predecessor-version":[{"id":1653,"href":"http:\/\/www.lrc50clr.com\/index.php?rest_route=\/wp\/v2\/pages\/1650\/revisions\/1653"}],"up":[{"embeddable":true,"href":"http:\/\/www.lrc50clr.com\/index.php?rest_route=\/wp\/v2\/pages\/1525"}],"wp:attachment":[{"href":"http:\/\/www.lrc50clr.com\/index.php?rest_route=%2Fwp%2Fv2%2Fmedia&parent=1650"}],"curies":[{"name":"wp","href":"https:\/\/api.w.org\/{rel}","templated":true}]}}