{"id":1644,"date":"2017-04-04T15:08:54","date_gmt":"2017-04-04T20:08:54","guid":{"rendered":"http:\/\/localhost\/?page_id=1644"},"modified":"2017-05-08T21:05:59","modified_gmt":"2017-05-09T02:05:59","slug":"1644-2","status":"publish","type":"page","link":"http:\/\/www.lrc50clr.com\/?page_id=1644","title":{"rendered":"Michel Chammartin et Nicole Laurin"},"content":{"rendered":"<p style=\"text-align: center;\"><strong><span style=\"font-family: comic sans ms,sans-serif; font-size: 18pt;\">Michel Chammartin et Nicole Laurin<br \/>\n<\/span><\/strong><\/p>\n<p><strong><span style=\"font-family: comic sans ms,sans-serif; font-size: 14pt;\">Michel Chammartin<\/span>:<\/strong><\/p>\n<p><span style=\"font-family: comic sans ms,sans-serif; font-size: 14pt;\">Michel Chammartin fait partie de la promotion de 1974 et commence sa carri\u00e8re musicale et th\u00e9\u00e2trale \u00e0 Saint-Boniface avec Le 100 Nons et Le Cercle Moli\u00e8re.\u00a0 La musique et le th\u00e9\u00e2tre l&#8217;ont conduit dans <a href=\"http:\/\/www.lrc50clr.com\/wp-content\/uploads\/2017\/03\/Michel_Chammartin.png\"><img loading=\"lazy\" decoding=\"async\" class=\"size-medium wp-image-1552 alignleft\" src=\"http:\/\/www.lrc50clr.com\/wp-content\/uploads\/2017\/03\/Michel_Chammartin-300x217.png\" alt=\"Michel_Chammartin\" width=\"300\" height=\"217\" srcset=\"http:\/\/www.lrc50clr.com\/wp-content\/uploads\/2017\/03\/Michel_Chammartin-300x217.png 300w, http:\/\/www.lrc50clr.com\/wp-content\/uploads\/2017\/03\/Michel_Chammartin.png 496w\" sizes=\"auto, (max-width: 300px) 100vw, 300px\" \/><\/a>l&#8217;ouest o\u00f9 il s&#8217;installe \u00e0 Regina et forme le groupe pop\/rock &#8220;Les Zed&#8221;, (1990-1995) et, de l\u00e0, rejoint la bande roots\/trad, &#8220;La Raquette \u00e0 Claquettes&#8221;. \u00a0Avec les deux groupes, en particulier le dernier, Michel a visit\u00e9 le pays en jouant \u00e0 nombreux lieux de festivals folkloriques, a enregistr\u00e9 un total de six albums, dont certains ont remport\u00e9 un \u201cWestern Canadian Music Award\u201d en 2006 et un \u201cEastern Canadian Music Award\u201d en 2009. \u00a0Michel a \u00e9galement eu une carri\u00e8re de 27 ans d&#8217;enseignement de th\u00e9\u00e2tre au niveau secondaire et dans la production et la mise en sc\u00e8ne de nombreuses productions de festival pour la \u201cSaskatchewan Drama Association\u201d.\u00a0 Michel poursuit son travail avec son groupe actuel alors qu&#8217;ils travaillent sur leur 4\u00e8me album et esp\u00e8re enregistrer son premier album solo au cours de la prochaine ann\u00e9e ou deux.<\/span><\/p>\n<p>&nbsp;<\/p>\n<p><span style=\"font-family: comic sans ms,sans-serif; font-size: 14pt;\"><strong>Nicole Laurin:<\/strong> <\/span><\/p>\n<p><span style=\"font-family: comic sans ms,sans-serif; font-size: 14pt;\">Nicole Laurin est dipl\u00f4m\u00e9e de l\u2019Institut coll\u00e9gial Louis Riel en 1975. \u00a0Dans son enfance, Nicole a toujours chant\u00e9 et a jou\u00e9 du piano n&#8217;importe o\u00f9, n&#8217;importe <a href=\"http:\/\/www.lrc50clr.com\/wp-content\/uploads\/2017\/04\/Nicole_Laurin_02.jpg\"><img loading=\"lazy\" decoding=\"async\" class=\"size-medium wp-image-1613 alignright\" src=\"http:\/\/www.lrc50clr.com\/wp-content\/uploads\/2017\/04\/Nicole_Laurin_02-223x300.jpg\" alt=\"Nicole_Laurin_02\" width=\"223\" height=\"300\" srcset=\"http:\/\/www.lrc50clr.com\/wp-content\/uploads\/2017\/04\/Nicole_Laurin_02-223x300.jpg 223w, http:\/\/www.lrc50clr.com\/wp-content\/uploads\/2017\/04\/Nicole_Laurin_02.jpg 475w\" sizes=\"auto, (max-width: 223px) 100vw, 223px\" \/><\/a>quand qu\u2019elle le pouvait. \u00a0En 1969, Nicole a jou\u00e9 \u00e0 plusieurs spectacles de vari\u00e9t\u00e9s et \u00e0 CKY TV avec Lise Gregoire, chantant &#8220;To Sir with Love!\u201d. \u00a0Nicole a remport\u00e9 un concours de chansons organis\u00e9 par l\u2019ICLR en 1974, avec sa chanson intitul\u00e9e &#8220;Amour Des Quatre Saisons!&#8221;<\/span><\/p>\n<p><span style=\"font-family: comic sans ms,sans-serif; font-size: 14pt;\">Peu de temps apr\u00e8s, elle a joint le 100 Nons. \u00a0\u00c0 travers le 100 Nons, Nicole s&#8217;est jointe \u00e0 Michel Chammartin, chantant une vari\u00e9t\u00e9 de chansons de &#8220;Les S\u00e9guin&#8221;, un groupe populaire fran\u00e7ais du Qu\u00e9bec, des chansons de Bob Dylan, de Joni Mitchell et bien d&#8217;autres encore!<\/span><\/p>\n<p style=\"text-align: center;\"><a href=\"http:\/\/www.lrc50clr.com\/wp-content\/uploads\/2017\/05\/MC_NL.jpg\"><img loading=\"lazy\" decoding=\"async\" class=\"wp-image-1833 size-full aligncenter\" src=\"http:\/\/www.lrc50clr.com\/wp-content\/uploads\/2017\/05\/MC_NL.jpg\" alt=\"MC_NL\" width=\"960\" height=\"784\" srcset=\"http:\/\/www.lrc50clr.com\/wp-content\/uploads\/2017\/05\/MC_NL.jpg 960w, http:\/\/www.lrc50clr.com\/wp-content\/uploads\/2017\/05\/MC_NL-300x245.jpg 300w, http:\/\/www.lrc50clr.com\/wp-content\/uploads\/2017\/05\/MC_NL-768x627.jpg 768w\" sizes=\"auto, (max-width: 960px) 100vw, 960px\" \/><\/a><\/p>\n<p><span style=\"font-family: comic sans ms,sans-serif; font-size: 14pt;\">En groupe, ils ont chant\u00e9 lors de concerts scolaires, des mariages et d\u2019autres de ce genre. \u00a0En 1975, Nicole et d\u2019autres ont remport\u00e9 le concours du spectacle de vari\u00e9t\u00e9 de l\u2019ICLR, anim\u00e9 par Radio-Canada intitul\u00e9 &#8220;En Vrac\u201d, gagnant le 1er prix avec un prix en esp\u00e8ces de 500 $ donn\u00e9 au fonds de Louis Riel pour le th\u00e9\u00e2tre \u201cAlou-Web!\u201d. \u00a0Un moment fier pour tous les \u00e9tudiants de l\u2019ICLR \u00e0 l&#8217;\u00e9poque!<\/span><\/p>\n<p><span style=\"font-family: comic sans ms,sans-serif; font-size: 14pt;\">Apr\u00e8s l&#8217;obtention de son dipl\u00f4me en 1975, Miche et Nicole ont chant\u00e9 lors de mariages, de fun\u00e9railles et d&#8217;autres \u00e9v\u00e8nements socials. Nicole a toujours \u00e9t\u00e9 impliqu\u00e9e dans la musique, car elle avait une oreille vive pour la musique, bien qu&#8217;elle ne pouvait pas lire une note, cependant elle a compos\u00e9 des chansons et des m\u00e9lodies sur le piano, c\u2019\u00e9tait toujours une passion. Nicole a \u00e9t\u00e9 adoptee \u00e0 l\u2019\u00e2ge de 6 semaines. Ce n&#8217;est qu&#8217;en 1994 qu\u2019elle a d\u00e9couvert que son oreille vive pour la musique et l&#8217;oeil pour l&#8217;art coulaient profond\u00e9ment dans les veines de sa m\u00e8re biologique. Nicole est vraiment tr\u00e8s reconnaissante pour ces talents!<\/span><\/p>\n<p><span style=\"font-family: comic sans ms,sans-serif; font-size: 14pt;\">Nicole est all\u00e9e \u00e0 l&#8217;Universit\u00e9 de Winnipeg de 1988 \u00e0 1993, o\u00f9 elle a obtenu un dipl\u00f4me en administration des entreprises et en sociologie. En 1998, elle a d\u00e9m\u00e9nag\u00e9 \u00e0 Calgary pour vendre des propri\u00e9t\u00e9s immobili\u00e8res!\u00a0 Ceci est temporairement en attente! \u00a0Elle vend maintenant des produits Young Living. Elle le vit et l&#8217;aime! \u00a0Nicole travaille constamment sur de nouvelles peintures, ou des compositions musicales, travaillant toujours sur quelque chose pour rester occup\u00e9e!<\/span><\/p>\n<p><span style=\"font-family: comic sans ms,sans-serif; font-size: 14pt;\">Elle esp\u00e8re revenir \u00e0 l&#8217;immobilier \u00e0 temps partiel, un jour bient\u00f4t, elle esp\u00e8re!<\/span><\/p>\n<p><span style=\"font-family: comic sans ms,sans-serif; font-size: 14pt;\">La vie est belle!?<\/span><\/p>\n","protected":false},"excerpt":{"rendered":"<p>Michel Chammartin et Nicole Laurin Michel Chammartin: Michel Chammartin fait partie de la promotion de 1974 et commence sa carri&egrave;re musicale et th&eacute;&acirc;trale &agrave; Saint-Boniface avec Le 100 Nons et Le Cercle Moli&egrave;re.&nbsp; La musique et le th&eacute;&acirc;tre l&rsquo;ont conduit dans l&rsquo;ouest o&ugrave; il s&rsquo;installe &agrave; Regina et forme le groupe pop\/rock &ldquo;Les Zed&rdquo;, (1990-1995) &hellip; <a href=\"http:\/\/www.lrc50clr.com\/?page_id=1644\" class=\"more-link\">Continue reading <span class=\"screen-reader-text\">Michel Chammartin et Nicole Laurin<\/span> <span class=\"meta-nav\">&rarr;<\/span><\/a><\/p>\n","protected":false},"author":1,"featured_media":0,"parent":1525,"menu_order":0,"comment_status":"closed","ping_status":"closed","template":"","meta":{"footnotes":""},"class_list":["post-1644","page","type-page","status-publish","hentry"],"yoast_head":"<!-- This site is optimized with the Yoast SEO plugin v24.3 - https:\/\/yoast.com\/wordpress\/plugins\/seo\/ -->\r\n<title>Michel Chammartin et Nicole Laurin - LRC50CLR<\/title>\r\n<meta name=\"robots\" content=\"noindex, follow, max-snippet:-1, max-image-preview:large, max-video-preview:-1\" \/>\r\n<meta property=\"og:locale\" content=\"en_US\" \/>\r\n<meta property=\"og:type\" content=\"article\" \/>\r\n<meta property=\"og:title\" content=\"Michel Chammartin et Nicole Laurin - LRC50CLR\" \/>\r\n<meta property=\"og:description\" content=\"Michel Chammartin et Nicole Laurin Michel Chammartin: Michel Chammartin fait partie de la promotion de 1974 et commence sa carri&egrave;re musicale et th&eacute;&acirc;trale &agrave; Saint-Boniface avec Le 100 Nons et Le Cercle Moli&egrave;re.&nbsp; La musique et le th&eacute;&acirc;tre l&rsquo;ont conduit dans l&rsquo;ouest o&ugrave; il s&rsquo;installe &agrave; Regina et forme le groupe pop\/rock &ldquo;Les Zed&rdquo;, (1990-1995) &hellip; Continue reading Michel Chammartin et Nicole Laurin &rarr;\" \/>\r\n<meta property=\"og:url\" content=\"http:\/\/www.lrc50clr.com\/?page_id=1644\" \/>\r\n<meta property=\"og:site_name\" content=\"LRC50CLR\" \/>\r\n<meta property=\"article:modified_time\" content=\"2017-05-09T02:05:59+00:00\" \/>\r\n<meta property=\"og:image\" content=\"http:\/\/www.lrc50clr.com\/wp-content\/uploads\/2017\/03\/Michel_Chammartin-300x217.png\" \/>\r\n<meta name=\"twitter:card\" content=\"summary_large_image\" \/>\r\n<meta name=\"twitter:label1\" content=\"Est. reading time\" \/>\n\t<meta name=\"twitter:data1\" content=\"3 minutes\" \/>\r\n<script type=\"application\/ld+json\" class=\"yoast-schema-graph\">{\"@context\":\"https:\/\/schema.org\",\"@graph\":[{\"@type\":\"WebPage\",\"@id\":\"http:\/\/www.lrc50clr.com\/?page_id=1644\",\"url\":\"http:\/\/www.lrc50clr.com\/?page_id=1644\",\"name\":\"Michel Chammartin et Nicole Laurin - LRC50CLR\",\"isPartOf\":{\"@id\":\"http:\/\/www.lrc50clr.com\/#website\"},\"primaryImageOfPage\":{\"@id\":\"http:\/\/www.lrc50clr.com\/?page_id=1644#primaryimage\"},\"image\":{\"@id\":\"http:\/\/www.lrc50clr.com\/?page_id=1644#primaryimage\"},\"thumbnailUrl\":\"http:\/\/www.lrc50clr.com\/wp-content\/uploads\/2017\/03\/Michel_Chammartin-300x217.png\",\"datePublished\":\"2017-04-04T20:08:54+00:00\",\"dateModified\":\"2017-05-09T02:05:59+00:00\",\"breadcrumb\":{\"@id\":\"http:\/\/www.lrc50clr.com\/?page_id=1644#breadcrumb\"},\"inLanguage\":\"en-CA\",\"potentialAction\":[{\"@type\":\"ReadAction\",\"target\":[\"http:\/\/www.lrc50clr.com\/?page_id=1644\"]}]},{\"@type\":\"ImageObject\",\"inLanguage\":\"en-CA\",\"@id\":\"http:\/\/www.lrc50clr.com\/?page_id=1644#primaryimage\",\"url\":\"http:\/\/www.lrc50clr.com\/wp-content\/uploads\/2017\/03\/Michel_Chammartin.png\",\"contentUrl\":\"http:\/\/www.lrc50clr.com\/wp-content\/uploads\/2017\/03\/Michel_Chammartin.png\",\"width\":496,\"height\":359},{\"@type\":\"BreadcrumbList\",\"@id\":\"http:\/\/www.lrc50clr.com\/?page_id=1644#breadcrumb\",\"itemListElement\":[{\"@type\":\"ListItem\",\"position\":1,\"name\":\"Home\",\"item\":\"http:\/\/www.lrc50clr.com\/?lang=en\"},{\"@type\":\"ListItem\",\"position\":2,\"name\":\"Bo\u00eete \u00e0 Chansons\",\"item\":\"http:\/\/www.lrc50clr.com\/?page_id=1525\"},{\"@type\":\"ListItem\",\"position\":3,\"name\":\"Michel Chammartin et Nicole Laurin\"}]},{\"@type\":\"WebSite\",\"@id\":\"http:\/\/www.lrc50clr.com\/#website\",\"url\":\"http:\/\/www.lrc50clr.com\/\",\"name\":\"LRC50CLR\",\"description\":\"Louis Riel Collegiate 50th\/e Coll\u00e8ge Louis Riel\",\"potentialAction\":[{\"@type\":\"SearchAction\",\"target\":{\"@type\":\"EntryPoint\",\"urlTemplate\":\"http:\/\/www.lrc50clr.com\/?s={search_term_string}\"},\"query-input\":{\"@type\":\"PropertyValueSpecification\",\"valueRequired\":true,\"valueName\":\"search_term_string\"}}],\"inLanguage\":\"en-CA\"}]}<\/script>\r\n<!-- \/ Yoast SEO plugin. -->","yoast_head_json":{"title":"Michel Chammartin et Nicole Laurin - LRC50CLR","robots":{"index":"noindex","follow":"follow","max-snippet":"max-snippet:-1","max-image-preview":"max-image-preview:large","max-video-preview":"max-video-preview:-1"},"og_locale":"en_US","og_type":"article","og_title":"Michel Chammartin et Nicole Laurin - LRC50CLR","og_description":"Michel Chammartin et Nicole Laurin Michel Chammartin: Michel Chammartin fait partie de la promotion de 1974 et commence sa carri&egrave;re musicale et th&eacute;&acirc;trale &agrave; Saint-Boniface avec Le 100 Nons et Le Cercle Moli&egrave;re.&nbsp; La musique et le th&eacute;&acirc;tre l&rsquo;ont conduit dans l&rsquo;ouest o&ugrave; il s&rsquo;installe &agrave; Regina et forme le groupe pop\/rock &ldquo;Les Zed&rdquo;, (1990-1995) &hellip; Continue reading Michel Chammartin et Nicole Laurin &rarr;","og_url":"http:\/\/www.lrc50clr.com\/?page_id=1644","og_site_name":"LRC50CLR","article_modified_time":"2017-05-09T02:05:59+00:00","og_image":[{"url":"http:\/\/www.lrc50clr.com\/wp-content\/uploads\/2017\/03\/Michel_Chammartin-300x217.png","type":"","width":"","height":""}],"twitter_card":"summary_large_image","twitter_misc":{"Est. reading time":"3 minutes"},"schema":{"@context":"https:\/\/schema.org","@graph":[{"@type":"WebPage","@id":"http:\/\/www.lrc50clr.com\/?page_id=1644","url":"http:\/\/www.lrc50clr.com\/?page_id=1644","name":"Michel Chammartin et Nicole Laurin - LRC50CLR","isPartOf":{"@id":"http:\/\/www.lrc50clr.com\/#website"},"primaryImageOfPage":{"@id":"http:\/\/www.lrc50clr.com\/?page_id=1644#primaryimage"},"image":{"@id":"http:\/\/www.lrc50clr.com\/?page_id=1644#primaryimage"},"thumbnailUrl":"http:\/\/www.lrc50clr.com\/wp-content\/uploads\/2017\/03\/Michel_Chammartin-300x217.png","datePublished":"2017-04-04T20:08:54+00:00","dateModified":"2017-05-09T02:05:59+00:00","breadcrumb":{"@id":"http:\/\/www.lrc50clr.com\/?page_id=1644#breadcrumb"},"inLanguage":"en-CA","potentialAction":[{"@type":"ReadAction","target":["http:\/\/www.lrc50clr.com\/?page_id=1644"]}]},{"@type":"ImageObject","inLanguage":"en-CA","@id":"http:\/\/www.lrc50clr.com\/?page_id=1644#primaryimage","url":"http:\/\/www.lrc50clr.com\/wp-content\/uploads\/2017\/03\/Michel_Chammartin.png","contentUrl":"http:\/\/www.lrc50clr.com\/wp-content\/uploads\/2017\/03\/Michel_Chammartin.png","width":496,"height":359},{"@type":"BreadcrumbList","@id":"http:\/\/www.lrc50clr.com\/?page_id=1644#breadcrumb","itemListElement":[{"@type":"ListItem","position":1,"name":"Home","item":"http:\/\/www.lrc50clr.com\/?lang=en"},{"@type":"ListItem","position":2,"name":"Bo\u00eete \u00e0 Chansons","item":"http:\/\/www.lrc50clr.com\/?page_id=1525"},{"@type":"ListItem","position":3,"name":"Michel Chammartin et Nicole Laurin"}]},{"@type":"WebSite","@id":"http:\/\/www.lrc50clr.com\/#website","url":"http:\/\/www.lrc50clr.com\/","name":"LRC50CLR","description":"Louis Riel Collegiate 50th\/e Coll\u00e8ge Louis Riel","potentialAction":[{"@type":"SearchAction","target":{"@type":"EntryPoint","urlTemplate":"http:\/\/www.lrc50clr.com\/?s={search_term_string}"},"query-input":{"@type":"PropertyValueSpecification","valueRequired":true,"valueName":"search_term_string"}}],"inLanguage":"en-CA"}]}},"_links":{"self":[{"href":"http:\/\/www.lrc50clr.com\/index.php?rest_route=\/wp\/v2\/pages\/1644","targetHints":{"allow":["GET"]}}],"collection":[{"href":"http:\/\/www.lrc50clr.com\/index.php?rest_route=\/wp\/v2\/pages"}],"about":[{"href":"http:\/\/www.lrc50clr.com\/index.php?rest_route=\/wp\/v2\/types\/page"}],"author":[{"embeddable":true,"href":"http:\/\/www.lrc50clr.com\/index.php?rest_route=\/wp\/v2\/users\/1"}],"replies":[{"embeddable":true,"href":"http:\/\/www.lrc50clr.com\/index.php?rest_route=%2Fwp%2Fv2%2Fcomments&post=1644"}],"version-history":[{"count":4,"href":"http:\/\/www.lrc50clr.com\/index.php?rest_route=\/wp\/v2\/pages\/1644\/revisions"}],"predecessor-version":[{"id":1835,"href":"http:\/\/www.lrc50clr.com\/index.php?rest_route=\/wp\/v2\/pages\/1644\/revisions\/1835"}],"up":[{"embeddable":true,"href":"http:\/\/www.lrc50clr.com\/index.php?rest_route=\/wp\/v2\/pages\/1525"}],"wp:attachment":[{"href":"http:\/\/www.lrc50clr.com\/index.php?rest_route=%2Fwp%2Fv2%2Fmedia&parent=1644"}],"curies":[{"name":"wp","href":"https:\/\/api.w.org\/{rel}","templated":true}]}}