{"id":1641,"date":"2017-04-04T15:00:01","date_gmt":"2017-04-04T20:00:01","guid":{"rendered":"http:\/\/localhost\/?page_id=1641"},"modified":"2017-04-04T15:00:01","modified_gmt":"2017-04-04T20:00:01","slug":"les-saint-beach-boys","status":"publish","type":"page","link":"http:\/\/www.lrc50clr.com\/?page_id=1641","title":{"rendered":"Les Saint Beach Boys"},"content":{"rendered":"<p style=\"text-align: center;\"><strong><span style=\"font-size: 18pt; font-family: comic sans ms,sans-serif;\">Les Saint Beach Boys<\/span><\/strong><\/p>\n<p><span style=\"font-family: comic sans ms,sans-serif; font-size: 14pt;\"><strong>Noms des membres du groupe<\/strong>: Sylvain Bourgeois, Diego Guzman, Ryan Toupin, Luc Gnutel, Julien Desaulniers, Kevin Johnson<\/span><\/p>\n<p><span style=\"font-family: comic sans ms,sans-serif; font-size: 14pt;\"><strong>Ann\u00e9es au CL-R<\/strong> : Sylvain : 2001-2005, Diego : 2008-2012, Julien : 1999-2003, Ryan : 2004-2008<\/span><\/p>\n<p><span style=\"font-family: comic sans ms,sans-serif; font-size: 14pt;\"><strong>Bio du groupe<\/strong> : Sculpt\u00e9 sur les plages gel\u00e9es de Saint-Boniface et issu d&#8217;une vari\u00e9t\u00e9 de milieux musicaux, les Saint Beach Boys n&#8217;ont rien \u00e0 offrir &#8230; (que des succ\u00e8s !!)<\/span><\/p>\n<p>&nbsp;<\/p>\n","protected":false},"excerpt":{"rendered":"<p>Les Saint Beach Boys Noms des membres du groupe: Sylvain Bourgeois, Diego Guzman, Ryan Toupin, Luc Gnutel, Julien Desaulniers, Kevin Johnson Ann&eacute;es au CL-R : Sylvain : 2001-2005, Diego : 2008-2012, Julien : 1999-2003, Ryan : 2004-2008 Bio du groupe : Sculpt&eacute; sur les plages gel&eacute;es de Saint-Boniface et issu d&rsquo;une vari&eacute;t&eacute; de milieux musicaux, &hellip; <a href=\"http:\/\/www.lrc50clr.com\/?page_id=1641\" class=\"more-link\">Continue reading <span class=\"screen-reader-text\">Les Saint Beach Boys<\/span> <span class=\"meta-nav\">&rarr;<\/span><\/a><\/p>\n","protected":false},"author":1,"featured_media":0,"parent":1525,"menu_order":0,"comment_status":"closed","ping_status":"closed","template":"","meta":{"footnotes":""},"class_list":["post-1641","page","type-page","status-publish","hentry"],"yoast_head":"<!-- This site is optimized with the Yoast SEO plugin v24.3 - https:\/\/yoast.com\/wordpress\/plugins\/seo\/ -->\r\n<title>Les Saint Beach Boys - LRC50CLR<\/title>\r\n<meta name=\"robots\" content=\"noindex, follow, max-snippet:-1, max-image-preview:large, max-video-preview:-1\" \/>\r\n<meta property=\"og:locale\" content=\"en_US\" \/>\r\n<meta property=\"og:type\" content=\"article\" \/>\r\n<meta property=\"og:title\" content=\"Les Saint Beach Boys - LRC50CLR\" \/>\r\n<meta property=\"og:description\" content=\"Les Saint Beach Boys Noms des membres du groupe: Sylvain Bourgeois, Diego Guzman, Ryan Toupin, Luc Gnutel, Julien Desaulniers, Kevin Johnson Ann&eacute;es au CL-R : Sylvain : 2001-2005, Diego : 2008-2012, Julien : 1999-2003, Ryan : 2004-2008 Bio du groupe : Sculpt&eacute; sur les plages gel&eacute;es de Saint-Boniface et issu d&rsquo;une vari&eacute;t&eacute; de milieux musicaux, &hellip; Continue reading Les Saint Beach Boys &rarr;\" \/>\r\n<meta property=\"og:url\" content=\"http:\/\/www.lrc50clr.com\/?page_id=1641\" \/>\r\n<meta property=\"og:site_name\" content=\"LRC50CLR\" \/>\r\n<meta name=\"twitter:card\" content=\"summary_large_image\" \/>\r\n<script type=\"application\/ld+json\" class=\"yoast-schema-graph\">{\"@context\":\"https:\/\/schema.org\",\"@graph\":[{\"@type\":\"WebPage\",\"@id\":\"http:\/\/www.lrc50clr.com\/?page_id=1641\",\"url\":\"http:\/\/www.lrc50clr.com\/?page_id=1641\",\"name\":\"Les Saint Beach Boys - LRC50CLR\",\"isPartOf\":{\"@id\":\"http:\/\/www.lrc50clr.com\/#website\"},\"datePublished\":\"2017-04-04T20:00:01+00:00\",\"dateModified\":\"2017-04-04T20:00:01+00:00\",\"breadcrumb\":{\"@id\":\"http:\/\/www.lrc50clr.com\/?page_id=1641#breadcrumb\"},\"inLanguage\":\"en-CA\",\"potentialAction\":[{\"@type\":\"ReadAction\",\"target\":[\"http:\/\/www.lrc50clr.com\/?page_id=1641\"]}]},{\"@type\":\"BreadcrumbList\",\"@id\":\"http:\/\/www.lrc50clr.com\/?page_id=1641#breadcrumb\",\"itemListElement\":[{\"@type\":\"ListItem\",\"position\":1,\"name\":\"Home\",\"item\":\"http:\/\/www.lrc50clr.com\/?lang=en\"},{\"@type\":\"ListItem\",\"position\":2,\"name\":\"Bo\u00eete \u00e0 Chansons\",\"item\":\"http:\/\/www.lrc50clr.com\/?page_id=1525\"},{\"@type\":\"ListItem\",\"position\":3,\"name\":\"Les Saint Beach Boys\"}]},{\"@type\":\"WebSite\",\"@id\":\"http:\/\/www.lrc50clr.com\/#website\",\"url\":\"http:\/\/www.lrc50clr.com\/\",\"name\":\"LRC50CLR\",\"description\":\"Louis Riel Collegiate 50th\/e Coll\u00e8ge Louis Riel\",\"potentialAction\":[{\"@type\":\"SearchAction\",\"target\":{\"@type\":\"EntryPoint\",\"urlTemplate\":\"http:\/\/www.lrc50clr.com\/?s={search_term_string}\"},\"query-input\":{\"@type\":\"PropertyValueSpecification\",\"valueRequired\":true,\"valueName\":\"search_term_string\"}}],\"inLanguage\":\"en-CA\"}]}<\/script>\r\n<!-- \/ Yoast SEO plugin. -->","yoast_head_json":{"title":"Les Saint Beach Boys - LRC50CLR","robots":{"index":"noindex","follow":"follow","max-snippet":"max-snippet:-1","max-image-preview":"max-image-preview:large","max-video-preview":"max-video-preview:-1"},"og_locale":"en_US","og_type":"article","og_title":"Les Saint Beach Boys - LRC50CLR","og_description":"Les Saint Beach Boys Noms des membres du groupe: Sylvain Bourgeois, Diego Guzman, Ryan Toupin, Luc Gnutel, Julien Desaulniers, Kevin Johnson Ann&eacute;es au CL-R : Sylvain : 2001-2005, Diego : 2008-2012, Julien : 1999-2003, Ryan : 2004-2008 Bio du groupe : Sculpt&eacute; sur les plages gel&eacute;es de Saint-Boniface et issu d&rsquo;une vari&eacute;t&eacute; de milieux musicaux, &hellip; Continue reading Les Saint Beach Boys &rarr;","og_url":"http:\/\/www.lrc50clr.com\/?page_id=1641","og_site_name":"LRC50CLR","twitter_card":"summary_large_image","schema":{"@context":"https:\/\/schema.org","@graph":[{"@type":"WebPage","@id":"http:\/\/www.lrc50clr.com\/?page_id=1641","url":"http:\/\/www.lrc50clr.com\/?page_id=1641","name":"Les Saint Beach Boys - LRC50CLR","isPartOf":{"@id":"http:\/\/www.lrc50clr.com\/#website"},"datePublished":"2017-04-04T20:00:01+00:00","dateModified":"2017-04-04T20:00:01+00:00","breadcrumb":{"@id":"http:\/\/www.lrc50clr.com\/?page_id=1641#breadcrumb"},"inLanguage":"en-CA","potentialAction":[{"@type":"ReadAction","target":["http:\/\/www.lrc50clr.com\/?page_id=1641"]}]},{"@type":"BreadcrumbList","@id":"http:\/\/www.lrc50clr.com\/?page_id=1641#breadcrumb","itemListElement":[{"@type":"ListItem","position":1,"name":"Home","item":"http:\/\/www.lrc50clr.com\/?lang=en"},{"@type":"ListItem","position":2,"name":"Bo\u00eete \u00e0 Chansons","item":"http:\/\/www.lrc50clr.com\/?page_id=1525"},{"@type":"ListItem","position":3,"name":"Les Saint Beach Boys"}]},{"@type":"WebSite","@id":"http:\/\/www.lrc50clr.com\/#website","url":"http:\/\/www.lrc50clr.com\/","name":"LRC50CLR","description":"Louis Riel Collegiate 50th\/e Coll\u00e8ge Louis Riel","potentialAction":[{"@type":"SearchAction","target":{"@type":"EntryPoint","urlTemplate":"http:\/\/www.lrc50clr.com\/?s={search_term_string}"},"query-input":{"@type":"PropertyValueSpecification","valueRequired":true,"valueName":"search_term_string"}}],"inLanguage":"en-CA"}]}},"_links":{"self":[{"href":"http:\/\/www.lrc50clr.com\/index.php?rest_route=\/wp\/v2\/pages\/1641","targetHints":{"allow":["GET"]}}],"collection":[{"href":"http:\/\/www.lrc50clr.com\/index.php?rest_route=\/wp\/v2\/pages"}],"about":[{"href":"http:\/\/www.lrc50clr.com\/index.php?rest_route=\/wp\/v2\/types\/page"}],"author":[{"embeddable":true,"href":"http:\/\/www.lrc50clr.com\/index.php?rest_route=\/wp\/v2\/users\/1"}],"replies":[{"embeddable":true,"href":"http:\/\/www.lrc50clr.com\/index.php?rest_route=%2Fwp%2Fv2%2Fcomments&post=1641"}],"version-history":[{"count":1,"href":"http:\/\/www.lrc50clr.com\/index.php?rest_route=\/wp\/v2\/pages\/1641\/revisions"}],"predecessor-version":[{"id":1642,"href":"http:\/\/www.lrc50clr.com\/index.php?rest_route=\/wp\/v2\/pages\/1641\/revisions\/1642"}],"up":[{"embeddable":true,"href":"http:\/\/www.lrc50clr.com\/index.php?rest_route=\/wp\/v2\/pages\/1525"}],"wp:attachment":[{"href":"http:\/\/www.lrc50clr.com\/index.php?rest_route=%2Fwp%2Fv2%2Fmedia&parent=1641"}],"curies":[{"name":"wp","href":"https:\/\/api.w.org\/{rel}","templated":true}]}}