{"id":1633,"date":"2017-04-04T14:45:37","date_gmt":"2017-04-04T19:45:37","guid":{"rendered":"http:\/\/localhost\/?page_id=1633"},"modified":"2017-04-04T14:55:04","modified_gmt":"2017-04-04T19:55:04","slug":"jeremie-the-delicious-hounds","status":"publish","type":"page","link":"http:\/\/www.lrc50clr.com\/?page_id=1633","title":{"rendered":"J\u00e9r\u00e9mie &#038; The Delicious Hounds"},"content":{"rendered":"<p style=\"text-align: center;\"><span style=\"font-family: comic sans ms,sans-serif; font-size: 18pt;\">J\u00e9r\u00e9mie &amp; The Delicious Hounds<\/span><\/p>\n<p><span style=\"font-family: comic sans ms,sans-serif; font-size: 14pt;\">Membres du groupe: J\u00e9r\u00e9mie Br\u00e9mault, Serge <a href=\"http:\/\/www.lrc50clr.com\/wp-content\/uploads\/2017\/03\/J-and-The-Delicious-Hounds_01.jpg\"><img loading=\"lazy\" decoding=\"async\" class=\"size-medium wp-image-1561 alignright\" src=\"http:\/\/www.lrc50clr.com\/wp-content\/uploads\/2017\/03\/J-and-The-Delicious-Hounds_01-300x200.jpg\" alt=\"J and The Delicious Hounds_01\" width=\"300\" height=\"200\" srcset=\"http:\/\/www.lrc50clr.com\/wp-content\/uploads\/2017\/03\/J-and-The-Delicious-Hounds_01-300x200.jpg 300w, http:\/\/www.lrc50clr.com\/wp-content\/uploads\/2017\/03\/J-and-The-Delicious-Hounds_01-768x512.jpg 768w, http:\/\/www.lrc50clr.com\/wp-content\/uploads\/2017\/03\/J-and-The-Delicious-Hounds_01-1024x683.jpg 1024w, http:\/\/www.lrc50clr.com\/wp-content\/uploads\/2017\/03\/J-and-The-Delicious-Hounds_01.jpg 1500w\" sizes=\"auto, (max-width: 300px) 100vw, 300px\" \/><\/a>Gu\u00e9nette, Ryan Toupin, Nelson Sprout, Diego Guzman, Fred Warner<\/span><\/p>\n<p><span style=\"font-family: comic sans ms,sans-serif; font-size: 14pt;\">Tout simplement, J\u00e9r\u00e9mie &amp; The Delicious Hounds sont des enfants de la musique soul de la nouvelle \u00e8re. Cependant, ils le font avec leur propre particularit\u00e9. Le groupe est issu du vieux quartier fran\u00e7ais de Saint-Boniface \u00e0 Winnipeg, la plus grande population de langue fran\u00e7aise de<a href=\"http:\/\/www.lrc50clr.com\/wp-content\/uploads\/2017\/03\/J-and-The-Delicious-Hounds_02.jpg\"><img loading=\"lazy\" decoding=\"async\" class=\"size-medium wp-image-1562 alignleft\" src=\"http:\/\/www.lrc50clr.com\/wp-content\/uploads\/2017\/03\/J-and-The-Delicious-Hounds_02-300x168.jpg\" alt=\"J and The Delicious Hounds_02\" width=\"300\" height=\"168\" srcset=\"http:\/\/www.lrc50clr.com\/wp-content\/uploads\/2017\/03\/J-and-The-Delicious-Hounds_02-300x168.jpg 300w, http:\/\/www.lrc50clr.com\/wp-content\/uploads\/2017\/03\/J-and-The-Delicious-Hounds_02-768x430.jpg 768w, http:\/\/www.lrc50clr.com\/wp-content\/uploads\/2017\/03\/J-and-The-Delicious-Hounds_02.jpg 960w\" sizes=\"auto, (max-width: 300px) 100vw, 300px\" \/><\/a> l&#8217;Ouest du Canada, et ils consolident leur identit\u00e9 en tant qu&#8217;artistes bilingues avec la sortie unique d\u2019un EP double version : le EP \u00e9ponyme en anglais de 4 chansons , et un autre 4-chansons sur leur EP fran\u00e7ais, TITLE. La voix douce et enfum\u00e9e de J\u00e9r\u00e9mie Br\u00e9mault et son charisme sinc\u00e8re sur sc\u00e8ne font vibrer ce son d&#8217;\u00e2me authentique dans le large \u00e9ventail du groupe. Ils l&#8217;appellent le &#8220;son d\u00e9licieux&#8221; &#8211; dites-le assez vite en anglais et vous entendrez o\u00f9 ces musiciens rus\u00e9s ont obtenu leur nom.<\/span><\/p>\n<p><span style=\"font-family: comic sans ms,sans-serif; font-size: 14pt;\"><em>\u00a0<\/em>Les m\u00e9dias fran\u00e7ais du Manitoba suivent J\u00e9r\u00e9mie depuis son \u00e9mergence sur la sc\u00e8ne musicale. Sans exp\u00e9rience ant\u00e9rieure, il a gagn\u00e9 &#8220;St. Boniface Idol &#8220;en 2013. Rassemblant autour du talent naturel de Jeremie, il a \u00e9t\u00e9 en mesure de choisir ses musiciens pr\u00e9f\u00e9r\u00e9s de la sc\u00e8ne, et ils bourdonnent depuis. Apr\u00e8s avoir \u00e9t\u00e9 pr\u00e9sent\u00e9s \u00e0 la Radio fran\u00e7aise (Radio-Canada, Envol) et au journal fran\u00e7ais (La Libert\u00e9), en 2016, ils ont jou\u00e9 en direct \u00e0 la radio au gala musical fran\u00e7ais \u00abLes D\u00e9couvertes\u00bb, o\u00f9 ils ont gagn\u00e9 le choix du public et le r\u00f4le de vedette au Festival du Voyageur 2017, le plus grand festival d&#8217;hiver de l&#8217;Ouest canadien. Ils ont jou\u00e9 pour la t\u00e9l\u00e9vision \u00e0 deux reprises: en direct avec Shaw TV, et ont \u00e9galement \u00e9t\u00e9 pr\u00e9sent\u00e9s sur le programme national de t\u00e9l\u00e9vision UnisTV &#8220;Unis par le chant&#8221;.<\/span><\/p>\n<p><span style=\"font-family: comic sans ms,sans-serif; font-size: 14pt;\">2017 a d\u00e9j\u00e0 vu le groupe commencer \u00e0 se d\u00e9velopper davantage \u00e0 l&#8217;\u00e9chelle nationale. Ils ont jou\u00e9 \u00e0 une \u00e9mission bilingue de la c\u00e9l\u00e9bration de la Saint-Sylvestre 150 de la ville de Victoria devant des milliers de personnes. \u00a0La station de radio fran\u00e7aise de Victoria a d\u00e9j\u00e0 pris le relais et a commenc\u00e9 \u00e0 jouer leur EP en anglais en pr\u00e9vision de la sortie officielle, le 15 avril 2017. \u00a0Ils ont 2 repr\u00e9sentations nationales pr\u00e9vues pour promouvoir la sortie &#8211; Festival Folk et Guitares d&#8217;Aylmer \u00e0 Gatineau, Qu\u00e9bec en juin, et \u00abLa F\u00eate Fransaskoise\u00bb en Saskatchewan en juillet. \u00a0La \u00abSoci\u00e9t\u00e9 pour l&#8217;avancement de la chanson d&#8217;expression fran\u00e7aise\u00bb (SACEF) de Montr\u00e9al a d\u00e9cern\u00e9 \u00e0 J\u00e9r\u00e9mie une place dans son programme, \u00abDu Haut des Airs\u00bb, en septembre 2017. Les \u201cHounds\u201d sont heureux de travailler \u00e0 une sortie r\u00e9ussie, avec plus de spectacles au Canada et au Manitoba en cours.<\/span><\/p>\n<p>&nbsp;<\/p>\n<p><span style=\"font-family: comic sans ms,sans-serif; font-size: 14pt;\"><em>\u00a0<\/em><\/span><\/p>\n<p><iframe loading=\"lazy\" src=\"https:\/\/drive.google.com\/file\/d\/0B6fdSuDp8kgNaG9KN2E4Rnp5aUE\/preview\" width=\"640\" height=\"480\"><\/iframe><\/p>\n","protected":false},"excerpt":{"rendered":"<p>J&eacute;r&eacute;mie &amp; The Delicious Hounds Membres du groupe: J&eacute;r&eacute;mie Br&eacute;mault, Serge Gu&eacute;nette, Ryan Toupin, Nelson Sprout, Diego Guzman, Fred Warner Tout simplement, J&eacute;r&eacute;mie &amp; The Delicious Hounds sont des enfants de la musique soul de la nouvelle &egrave;re. Cependant, ils le font avec leur propre particularit&eacute;. Le groupe est issu du vieux quartier fran&ccedil;ais de &hellip; <a href=\"http:\/\/www.lrc50clr.com\/?page_id=1633\" class=\"more-link\">Continue reading <span class=\"screen-reader-text\">J\u00e9r\u00e9mie &#038; The Delicious Hounds<\/span> <span class=\"meta-nav\">&rarr;<\/span><\/a><\/p>\n","protected":false},"author":1,"featured_media":0,"parent":1525,"menu_order":0,"comment_status":"closed","ping_status":"closed","template":"","meta":{"footnotes":""},"class_list":["post-1633","page","type-page","status-publish","hentry"],"yoast_head":"<!-- This site is optimized with the Yoast SEO plugin v24.3 - https:\/\/yoast.com\/wordpress\/plugins\/seo\/ -->\r\n<title>J\u00e9r\u00e9mie &amp; The Delicious Hounds - LRC50CLR<\/title>\r\n<meta name=\"robots\" content=\"noindex, follow, max-snippet:-1, max-image-preview:large, max-video-preview:-1\" \/>\r\n<meta property=\"og:locale\" content=\"en_US\" \/>\r\n<meta property=\"og:type\" content=\"article\" \/>\r\n<meta property=\"og:title\" content=\"J\u00e9r\u00e9mie &amp; The Delicious Hounds - LRC50CLR\" \/>\r\n<meta property=\"og:description\" content=\"J&eacute;r&eacute;mie &amp; The Delicious Hounds Membres du groupe: J&eacute;r&eacute;mie Br&eacute;mault, Serge Gu&eacute;nette, Ryan Toupin, Nelson Sprout, Diego Guzman, Fred Warner Tout simplement, J&eacute;r&eacute;mie &amp; The Delicious Hounds sont des enfants de la musique soul de la nouvelle &egrave;re. Cependant, ils le font avec leur propre particularit&eacute;. Le groupe est issu du vieux quartier fran&ccedil;ais de &hellip; Continue reading J\u00e9r\u00e9mie &#038; The Delicious Hounds &rarr;\" \/>\r\n<meta property=\"og:url\" content=\"http:\/\/www.lrc50clr.com\/?page_id=1633\" \/>\r\n<meta property=\"og:site_name\" content=\"LRC50CLR\" \/>\r\n<meta property=\"article:modified_time\" content=\"2017-04-04T19:55:04+00:00\" \/>\r\n<meta property=\"og:image\" content=\"http:\/\/www.lrc50clr.com\/wp-content\/uploads\/2017\/03\/J-and-The-Delicious-Hounds_01-300x200.jpg\" \/>\r\n<meta name=\"twitter:card\" content=\"summary_large_image\" \/>\r\n<meta name=\"twitter:label1\" content=\"Est. reading time\" \/>\n\t<meta name=\"twitter:data1\" content=\"2 minutes\" \/>\r\n<script type=\"application\/ld+json\" class=\"yoast-schema-graph\">{\"@context\":\"https:\/\/schema.org\",\"@graph\":[{\"@type\":\"WebPage\",\"@id\":\"http:\/\/www.lrc50clr.com\/?page_id=1633\",\"url\":\"http:\/\/www.lrc50clr.com\/?page_id=1633\",\"name\":\"J\u00e9r\u00e9mie & The Delicious Hounds - LRC50CLR\",\"isPartOf\":{\"@id\":\"http:\/\/www.lrc50clr.com\/#website\"},\"primaryImageOfPage\":{\"@id\":\"http:\/\/www.lrc50clr.com\/?page_id=1633#primaryimage\"},\"image\":{\"@id\":\"http:\/\/www.lrc50clr.com\/?page_id=1633#primaryimage\"},\"thumbnailUrl\":\"http:\/\/www.lrc50clr.com\/wp-content\/uploads\/2017\/03\/J-and-The-Delicious-Hounds_01-300x200.jpg\",\"datePublished\":\"2017-04-04T19:45:37+00:00\",\"dateModified\":\"2017-04-04T19:55:04+00:00\",\"breadcrumb\":{\"@id\":\"http:\/\/www.lrc50clr.com\/?page_id=1633#breadcrumb\"},\"inLanguage\":\"en-CA\",\"potentialAction\":[{\"@type\":\"ReadAction\",\"target\":[\"http:\/\/www.lrc50clr.com\/?page_id=1633\"]}]},{\"@type\":\"ImageObject\",\"inLanguage\":\"en-CA\",\"@id\":\"http:\/\/www.lrc50clr.com\/?page_id=1633#primaryimage\",\"url\":\"http:\/\/www.lrc50clr.com\/wp-content\/uploads\/2017\/03\/J-and-The-Delicious-Hounds_01.jpg\",\"contentUrl\":\"http:\/\/www.lrc50clr.com\/wp-content\/uploads\/2017\/03\/J-and-The-Delicious-Hounds_01.jpg\",\"width\":1500,\"height\":1000},{\"@type\":\"BreadcrumbList\",\"@id\":\"http:\/\/www.lrc50clr.com\/?page_id=1633#breadcrumb\",\"itemListElement\":[{\"@type\":\"ListItem\",\"position\":1,\"name\":\"Home\",\"item\":\"http:\/\/www.lrc50clr.com\/?lang=en\"},{\"@type\":\"ListItem\",\"position\":2,\"name\":\"Bo\u00eete \u00e0 Chansons\",\"item\":\"http:\/\/www.lrc50clr.com\/?page_id=1525\"},{\"@type\":\"ListItem\",\"position\":3,\"name\":\"J\u00e9r\u00e9mie &#038; The Delicious Hounds\"}]},{\"@type\":\"WebSite\",\"@id\":\"http:\/\/www.lrc50clr.com\/#website\",\"url\":\"http:\/\/www.lrc50clr.com\/\",\"name\":\"LRC50CLR\",\"description\":\"Louis Riel Collegiate 50th\/e Coll\u00e8ge Louis Riel\",\"potentialAction\":[{\"@type\":\"SearchAction\",\"target\":{\"@type\":\"EntryPoint\",\"urlTemplate\":\"http:\/\/www.lrc50clr.com\/?s={search_term_string}\"},\"query-input\":{\"@type\":\"PropertyValueSpecification\",\"valueRequired\":true,\"valueName\":\"search_term_string\"}}],\"inLanguage\":\"en-CA\"}]}<\/script>\r\n<!-- \/ Yoast SEO plugin. -->","yoast_head_json":{"title":"J\u00e9r\u00e9mie & The Delicious Hounds - LRC50CLR","robots":{"index":"noindex","follow":"follow","max-snippet":"max-snippet:-1","max-image-preview":"max-image-preview:large","max-video-preview":"max-video-preview:-1"},"og_locale":"en_US","og_type":"article","og_title":"J\u00e9r\u00e9mie & The Delicious Hounds - LRC50CLR","og_description":"J&eacute;r&eacute;mie &amp; The Delicious Hounds Membres du groupe: J&eacute;r&eacute;mie Br&eacute;mault, Serge Gu&eacute;nette, Ryan Toupin, Nelson Sprout, Diego Guzman, Fred Warner Tout simplement, J&eacute;r&eacute;mie &amp; The Delicious Hounds sont des enfants de la musique soul de la nouvelle &egrave;re. Cependant, ils le font avec leur propre particularit&eacute;. Le groupe est issu du vieux quartier fran&ccedil;ais de &hellip; Continue reading J\u00e9r\u00e9mie &#038; The Delicious Hounds &rarr;","og_url":"http:\/\/www.lrc50clr.com\/?page_id=1633","og_site_name":"LRC50CLR","article_modified_time":"2017-04-04T19:55:04+00:00","og_image":[{"url":"http:\/\/www.lrc50clr.com\/wp-content\/uploads\/2017\/03\/J-and-The-Delicious-Hounds_01-300x200.jpg","type":"","width":"","height":""}],"twitter_card":"summary_large_image","twitter_misc":{"Est. reading time":"2 minutes"},"schema":{"@context":"https:\/\/schema.org","@graph":[{"@type":"WebPage","@id":"http:\/\/www.lrc50clr.com\/?page_id=1633","url":"http:\/\/www.lrc50clr.com\/?page_id=1633","name":"J\u00e9r\u00e9mie & The Delicious Hounds - LRC50CLR","isPartOf":{"@id":"http:\/\/www.lrc50clr.com\/#website"},"primaryImageOfPage":{"@id":"http:\/\/www.lrc50clr.com\/?page_id=1633#primaryimage"},"image":{"@id":"http:\/\/www.lrc50clr.com\/?page_id=1633#primaryimage"},"thumbnailUrl":"http:\/\/www.lrc50clr.com\/wp-content\/uploads\/2017\/03\/J-and-The-Delicious-Hounds_01-300x200.jpg","datePublished":"2017-04-04T19:45:37+00:00","dateModified":"2017-04-04T19:55:04+00:00","breadcrumb":{"@id":"http:\/\/www.lrc50clr.com\/?page_id=1633#breadcrumb"},"inLanguage":"en-CA","potentialAction":[{"@type":"ReadAction","target":["http:\/\/www.lrc50clr.com\/?page_id=1633"]}]},{"@type":"ImageObject","inLanguage":"en-CA","@id":"http:\/\/www.lrc50clr.com\/?page_id=1633#primaryimage","url":"http:\/\/www.lrc50clr.com\/wp-content\/uploads\/2017\/03\/J-and-The-Delicious-Hounds_01.jpg","contentUrl":"http:\/\/www.lrc50clr.com\/wp-content\/uploads\/2017\/03\/J-and-The-Delicious-Hounds_01.jpg","width":1500,"height":1000},{"@type":"BreadcrumbList","@id":"http:\/\/www.lrc50clr.com\/?page_id=1633#breadcrumb","itemListElement":[{"@type":"ListItem","position":1,"name":"Home","item":"http:\/\/www.lrc50clr.com\/?lang=en"},{"@type":"ListItem","position":2,"name":"Bo\u00eete \u00e0 Chansons","item":"http:\/\/www.lrc50clr.com\/?page_id=1525"},{"@type":"ListItem","position":3,"name":"J\u00e9r\u00e9mie &#038; The Delicious Hounds"}]},{"@type":"WebSite","@id":"http:\/\/www.lrc50clr.com\/#website","url":"http:\/\/www.lrc50clr.com\/","name":"LRC50CLR","description":"Louis Riel Collegiate 50th\/e Coll\u00e8ge Louis Riel","potentialAction":[{"@type":"SearchAction","target":{"@type":"EntryPoint","urlTemplate":"http:\/\/www.lrc50clr.com\/?s={search_term_string}"},"query-input":{"@type":"PropertyValueSpecification","valueRequired":true,"valueName":"search_term_string"}}],"inLanguage":"en-CA"}]}},"_links":{"self":[{"href":"http:\/\/www.lrc50clr.com\/index.php?rest_route=\/wp\/v2\/pages\/1633","targetHints":{"allow":["GET"]}}],"collection":[{"href":"http:\/\/www.lrc50clr.com\/index.php?rest_route=\/wp\/v2\/pages"}],"about":[{"href":"http:\/\/www.lrc50clr.com\/index.php?rest_route=\/wp\/v2\/types\/page"}],"author":[{"embeddable":true,"href":"http:\/\/www.lrc50clr.com\/index.php?rest_route=\/wp\/v2\/users\/1"}],"replies":[{"embeddable":true,"href":"http:\/\/www.lrc50clr.com\/index.php?rest_route=%2Fwp%2Fv2%2Fcomments&post=1633"}],"version-history":[{"count":6,"href":"http:\/\/www.lrc50clr.com\/index.php?rest_route=\/wp\/v2\/pages\/1633\/revisions"}],"predecessor-version":[{"id":1640,"href":"http:\/\/www.lrc50clr.com\/index.php?rest_route=\/wp\/v2\/pages\/1633\/revisions\/1640"}],"up":[{"embeddable":true,"href":"http:\/\/www.lrc50clr.com\/index.php?rest_route=\/wp\/v2\/pages\/1525"}],"wp:attachment":[{"href":"http:\/\/www.lrc50clr.com\/index.php?rest_route=%2Fwp%2Fv2%2Fmedia&parent=1633"}],"curies":[{"name":"wp","href":"https:\/\/api.w.org\/{rel}","templated":true}]}}