{"id":1629,"date":"2017-04-04T14:39:50","date_gmt":"2017-04-04T19:39:50","guid":{"rendered":"http:\/\/localhost\/?page_id=1629"},"modified":"2017-04-04T14:39:50","modified_gmt":"2017-04-04T19:39:50","slug":"cliche","status":"publish","type":"page","link":"http:\/\/www.lrc50clr.com\/?page_id=1629","title":{"rendered":"Clich\u00e9"},"content":{"rendered":"<p style=\"text-align: center;\"><span style=\"font-family: comic sans ms,sans-serif; font-size: 18pt;\">Clich\u00e9<\/span><\/p>\n<p><span style=\"font-family: comic sans ms,sans-serif; font-size: 14pt;\">Nous portons le nom de Clich\u00e9. Nous avons eu une liste de membres renouvelable en raison de notre chanteur qui est all\u00e9 \u00e0 Vancouver pour ses \u00e9tudes. Nous avons (pr\u00e9sentement) cinq membres : moi-m\u00eame (Julien Guenette), Miguel Guzman, Caleb Dondo, Marina Lamontagne et Edouard Morin-Fournier. Quatre d&#8217;entre nous sont dipl\u00f4m\u00e9s du CL-R, Miguel, Caleb et moi en 2015, et Marina en 2016.\u00a0 Edouard \u00e9tudie actuellement au CL-R et termine ses \u00e9tudes en juin prochain. Nous avons tous pass\u00e9 nos quatre ann\u00e9es d&#8217;\u00e9cole secondaire au Coll\u00e8ge.<\/span><\/p>\n<p><span style=\"font-family: comic sans ms,sans-serif; font-size: 14pt;\">Nous jouons de la musique de tout genre, mais surtout type indie-folk \/ rock.<\/span><\/p>\n<p><span style=\"font-family: comic sans ms,sans-serif; font-size: 14pt;\">Cependant, les chansons que nous jouerons sont Jolene (Dolly Parton), Kind and Lionheart ((Of Monsters And Men) et Adieu (C\u0153ur De Pirate).<\/span><\/p>\n<p><span style=\"font-family: comic sans ms,sans-serif; font-size: 14pt;\">Nos chansons de sauvegarde sont Quante Stelle et One Love (Bob Marley)<\/span><\/p>\n<p><span style=\"font-family: comic sans ms,sans-serif; font-size: 14pt;\">Depuis leur formation en 2013, les Clich\u00e9s ont partag\u00e9 leur amour et leur appr\u00e9ciation pour le folk, l&#8217;indie, le rock, et tout autre de ce genre, avec les gens de la communaut\u00e9. \u00a0Juste cinq jeunes qui aiment la musique et veulent transmettre leur joie en la jouant devant une foule.<\/span><\/p>\n","protected":false},"excerpt":{"rendered":"<p>Clich&eacute; Nous portons le nom de Clich&eacute;. Nous avons eu une liste de membres renouvelable en raison de notre chanteur qui est all&eacute; &agrave; Vancouver pour ses &eacute;tudes. Nous avons (pr&eacute;sentement) cinq membres : moi-m&ecirc;me (Julien Guenette), Miguel Guzman, Caleb Dondo, Marina Lamontagne et Edouard Morin-Fournier. Quatre d&rsquo;entre nous sont dipl&ocirc;m&eacute;s du CL-R, Miguel, Caleb &hellip; <a href=\"http:\/\/www.lrc50clr.com\/?page_id=1629\" class=\"more-link\">Continue reading <span class=\"screen-reader-text\">Clich\u00e9<\/span> <span class=\"meta-nav\">&rarr;<\/span><\/a><\/p>\n","protected":false},"author":1,"featured_media":0,"parent":1525,"menu_order":0,"comment_status":"closed","ping_status":"closed","template":"","meta":{"footnotes":""},"class_list":["post-1629","page","type-page","status-publish","hentry"],"yoast_head":"<!-- This site is optimized with the Yoast SEO plugin v24.3 - https:\/\/yoast.com\/wordpress\/plugins\/seo\/ -->\r\n<title>Clich\u00e9 - LRC50CLR<\/title>\r\n<meta name=\"robots\" content=\"noindex, follow, max-snippet:-1, max-image-preview:large, max-video-preview:-1\" \/>\r\n<meta property=\"og:locale\" content=\"en_US\" \/>\r\n<meta property=\"og:type\" content=\"article\" \/>\r\n<meta property=\"og:title\" content=\"Clich\u00e9 - LRC50CLR\" \/>\r\n<meta property=\"og:description\" content=\"Clich&eacute; Nous portons le nom de Clich&eacute;. Nous avons eu une liste de membres renouvelable en raison de notre chanteur qui est all&eacute; &agrave; Vancouver pour ses &eacute;tudes. Nous avons (pr&eacute;sentement) cinq membres : moi-m&ecirc;me (Julien Guenette), Miguel Guzman, Caleb Dondo, Marina Lamontagne et Edouard Morin-Fournier. Quatre d&rsquo;entre nous sont dipl&ocirc;m&eacute;s du CL-R, Miguel, Caleb &hellip; Continue reading Clich\u00e9 &rarr;\" \/>\r\n<meta property=\"og:url\" content=\"http:\/\/www.lrc50clr.com\/?page_id=1629\" \/>\r\n<meta property=\"og:site_name\" content=\"LRC50CLR\" \/>\r\n<meta name=\"twitter:card\" content=\"summary_large_image\" \/>\r\n<meta name=\"twitter:label1\" content=\"Est. reading time\" \/>\n\t<meta name=\"twitter:data1\" content=\"1 minute\" \/>\r\n<script type=\"application\/ld+json\" class=\"yoast-schema-graph\">{\"@context\":\"https:\/\/schema.org\",\"@graph\":[{\"@type\":\"WebPage\",\"@id\":\"http:\/\/www.lrc50clr.com\/?page_id=1629\",\"url\":\"http:\/\/www.lrc50clr.com\/?page_id=1629\",\"name\":\"Clich\u00e9 - LRC50CLR\",\"isPartOf\":{\"@id\":\"http:\/\/www.lrc50clr.com\/#website\"},\"datePublished\":\"2017-04-04T19:39:50+00:00\",\"dateModified\":\"2017-04-04T19:39:50+00:00\",\"breadcrumb\":{\"@id\":\"http:\/\/www.lrc50clr.com\/?page_id=1629#breadcrumb\"},\"inLanguage\":\"en-CA\",\"potentialAction\":[{\"@type\":\"ReadAction\",\"target\":[\"http:\/\/www.lrc50clr.com\/?page_id=1629\"]}]},{\"@type\":\"BreadcrumbList\",\"@id\":\"http:\/\/www.lrc50clr.com\/?page_id=1629#breadcrumb\",\"itemListElement\":[{\"@type\":\"ListItem\",\"position\":1,\"name\":\"Home\",\"item\":\"http:\/\/www.lrc50clr.com\/?lang=en\"},{\"@type\":\"ListItem\",\"position\":2,\"name\":\"Bo\u00eete \u00e0 Chansons\",\"item\":\"http:\/\/www.lrc50clr.com\/?page_id=1525\"},{\"@type\":\"ListItem\",\"position\":3,\"name\":\"Clich\u00e9\"}]},{\"@type\":\"WebSite\",\"@id\":\"http:\/\/www.lrc50clr.com\/#website\",\"url\":\"http:\/\/www.lrc50clr.com\/\",\"name\":\"LRC50CLR\",\"description\":\"Louis Riel Collegiate 50th\/e Coll\u00e8ge Louis Riel\",\"potentialAction\":[{\"@type\":\"SearchAction\",\"target\":{\"@type\":\"EntryPoint\",\"urlTemplate\":\"http:\/\/www.lrc50clr.com\/?s={search_term_string}\"},\"query-input\":{\"@type\":\"PropertyValueSpecification\",\"valueRequired\":true,\"valueName\":\"search_term_string\"}}],\"inLanguage\":\"en-CA\"}]}<\/script>\r\n<!-- \/ Yoast SEO plugin. -->","yoast_head_json":{"title":"Clich\u00e9 - LRC50CLR","robots":{"index":"noindex","follow":"follow","max-snippet":"max-snippet:-1","max-image-preview":"max-image-preview:large","max-video-preview":"max-video-preview:-1"},"og_locale":"en_US","og_type":"article","og_title":"Clich\u00e9 - LRC50CLR","og_description":"Clich&eacute; Nous portons le nom de Clich&eacute;. Nous avons eu une liste de membres renouvelable en raison de notre chanteur qui est all&eacute; &agrave; Vancouver pour ses &eacute;tudes. Nous avons (pr&eacute;sentement) cinq membres : moi-m&ecirc;me (Julien Guenette), Miguel Guzman, Caleb Dondo, Marina Lamontagne et Edouard Morin-Fournier. Quatre d&rsquo;entre nous sont dipl&ocirc;m&eacute;s du CL-R, Miguel, Caleb &hellip; Continue reading Clich\u00e9 &rarr;","og_url":"http:\/\/www.lrc50clr.com\/?page_id=1629","og_site_name":"LRC50CLR","twitter_card":"summary_large_image","twitter_misc":{"Est. reading time":"1 minute"},"schema":{"@context":"https:\/\/schema.org","@graph":[{"@type":"WebPage","@id":"http:\/\/www.lrc50clr.com\/?page_id=1629","url":"http:\/\/www.lrc50clr.com\/?page_id=1629","name":"Clich\u00e9 - LRC50CLR","isPartOf":{"@id":"http:\/\/www.lrc50clr.com\/#website"},"datePublished":"2017-04-04T19:39:50+00:00","dateModified":"2017-04-04T19:39:50+00:00","breadcrumb":{"@id":"http:\/\/www.lrc50clr.com\/?page_id=1629#breadcrumb"},"inLanguage":"en-CA","potentialAction":[{"@type":"ReadAction","target":["http:\/\/www.lrc50clr.com\/?page_id=1629"]}]},{"@type":"BreadcrumbList","@id":"http:\/\/www.lrc50clr.com\/?page_id=1629#breadcrumb","itemListElement":[{"@type":"ListItem","position":1,"name":"Home","item":"http:\/\/www.lrc50clr.com\/?lang=en"},{"@type":"ListItem","position":2,"name":"Bo\u00eete \u00e0 Chansons","item":"http:\/\/www.lrc50clr.com\/?page_id=1525"},{"@type":"ListItem","position":3,"name":"Clich\u00e9"}]},{"@type":"WebSite","@id":"http:\/\/www.lrc50clr.com\/#website","url":"http:\/\/www.lrc50clr.com\/","name":"LRC50CLR","description":"Louis Riel Collegiate 50th\/e Coll\u00e8ge Louis Riel","potentialAction":[{"@type":"SearchAction","target":{"@type":"EntryPoint","urlTemplate":"http:\/\/www.lrc50clr.com\/?s={search_term_string}"},"query-input":{"@type":"PropertyValueSpecification","valueRequired":true,"valueName":"search_term_string"}}],"inLanguage":"en-CA"}]}},"_links":{"self":[{"href":"http:\/\/www.lrc50clr.com\/index.php?rest_route=\/wp\/v2\/pages\/1629","targetHints":{"allow":["GET"]}}],"collection":[{"href":"http:\/\/www.lrc50clr.com\/index.php?rest_route=\/wp\/v2\/pages"}],"about":[{"href":"http:\/\/www.lrc50clr.com\/index.php?rest_route=\/wp\/v2\/types\/page"}],"author":[{"embeddable":true,"href":"http:\/\/www.lrc50clr.com\/index.php?rest_route=\/wp\/v2\/users\/1"}],"replies":[{"embeddable":true,"href":"http:\/\/www.lrc50clr.com\/index.php?rest_route=%2Fwp%2Fv2%2Fcomments&post=1629"}],"version-history":[{"count":1,"href":"http:\/\/www.lrc50clr.com\/index.php?rest_route=\/wp\/v2\/pages\/1629\/revisions"}],"predecessor-version":[{"id":1630,"href":"http:\/\/www.lrc50clr.com\/index.php?rest_route=\/wp\/v2\/pages\/1629\/revisions\/1630"}],"up":[{"embeddable":true,"href":"http:\/\/www.lrc50clr.com\/index.php?rest_route=\/wp\/v2\/pages\/1525"}],"wp:attachment":[{"href":"http:\/\/www.lrc50clr.com\/index.php?rest_route=%2Fwp%2Fv2%2Fmedia&parent=1629"}],"curies":[{"name":"wp","href":"https:\/\/api.w.org\/{rel}","templated":true}]}}