{"id":1626,"date":"2017-04-04T14:28:26","date_gmt":"2017-04-04T19:28:26","guid":{"rendered":"http:\/\/localhost\/?page_id=1626"},"modified":"2017-04-04T14:28:26","modified_gmt":"2017-04-04T19:28:26","slug":"angele-dupas","status":"publish","type":"page","link":"http:\/\/www.lrc50clr.com\/?page_id=1626","title":{"rendered":"Ang\u00e8le Dupas"},"content":{"rendered":"<p style=\"text-align: center;\"><span style=\"font-family: comic sans ms,sans-serif; font-size: 18pt;\">Ang\u00e8le Dupas<\/span><\/p>\n<p><span style=\"font-family: comic sans ms,sans-serif; font-size: 14pt;\">Ang\u00e8le Dupas a fr\u00e9quent\u00e9 l\u2019ICLR de la 9e \u00e0 la 12e ann\u00e9e et a obtenu son dipl\u00f4me en 1979. Elle interpr\u00e8tera Kareoke d&#8217;une c\u00e9l\u00e8bre chanteuse pop des ann\u00e9es 70.<\/span><\/p>\n","protected":false},"excerpt":{"rendered":"<p>Ang&egrave;le Dupas Ang&egrave;le Dupas a fr&eacute;quent&eacute; l&rsquo;ICLR de la 9e &agrave; la 12e ann&eacute;e et a obtenu son dipl&ocirc;me en 1979. Elle interpr&egrave;tera Kareoke d&rsquo;une c&eacute;l&egrave;bre chanteuse pop des ann&eacute;es 70.<\/p>\n","protected":false},"author":1,"featured_media":0,"parent":1525,"menu_order":0,"comment_status":"closed","ping_status":"closed","template":"","meta":{"footnotes":""},"class_list":["post-1626","page","type-page","status-publish","hentry"],"yoast_head":"<!-- This site is optimized with the Yoast SEO plugin v24.3 - https:\/\/yoast.com\/wordpress\/plugins\/seo\/ -->\r\n<title>Ang\u00e8le Dupas - LRC50CLR<\/title>\r\n<meta name=\"robots\" content=\"noindex, follow, max-snippet:-1, max-image-preview:large, max-video-preview:-1\" \/>\r\n<meta property=\"og:locale\" content=\"en_US\" \/>\r\n<meta property=\"og:type\" content=\"article\" \/>\r\n<meta property=\"og:title\" content=\"Ang\u00e8le Dupas - LRC50CLR\" \/>\r\n<meta property=\"og:description\" content=\"Ang&egrave;le Dupas Ang&egrave;le Dupas a fr&eacute;quent&eacute; l&rsquo;ICLR de la 9e &agrave; la 12e ann&eacute;e et a obtenu son dipl&ocirc;me en 1979. Elle interpr&egrave;tera Kareoke d&rsquo;une c&eacute;l&egrave;bre chanteuse pop des ann&eacute;es 70.\" \/>\r\n<meta property=\"og:url\" content=\"http:\/\/www.lrc50clr.com\/?page_id=1626\" \/>\r\n<meta property=\"og:site_name\" content=\"LRC50CLR\" \/>\r\n<meta name=\"twitter:card\" content=\"summary_large_image\" \/>\r\n<script type=\"application\/ld+json\" class=\"yoast-schema-graph\">{\"@context\":\"https:\/\/schema.org\",\"@graph\":[{\"@type\":\"WebPage\",\"@id\":\"http:\/\/www.lrc50clr.com\/?page_id=1626\",\"url\":\"http:\/\/www.lrc50clr.com\/?page_id=1626\",\"name\":\"Ang\u00e8le Dupas - LRC50CLR\",\"isPartOf\":{\"@id\":\"http:\/\/www.lrc50clr.com\/#website\"},\"datePublished\":\"2017-04-04T19:28:26+00:00\",\"dateModified\":\"2017-04-04T19:28:26+00:00\",\"breadcrumb\":{\"@id\":\"http:\/\/www.lrc50clr.com\/?page_id=1626#breadcrumb\"},\"inLanguage\":\"en-CA\",\"potentialAction\":[{\"@type\":\"ReadAction\",\"target\":[\"http:\/\/www.lrc50clr.com\/?page_id=1626\"]}]},{\"@type\":\"BreadcrumbList\",\"@id\":\"http:\/\/www.lrc50clr.com\/?page_id=1626#breadcrumb\",\"itemListElement\":[{\"@type\":\"ListItem\",\"position\":1,\"name\":\"Home\",\"item\":\"http:\/\/www.lrc50clr.com\/?lang=en\"},{\"@type\":\"ListItem\",\"position\":2,\"name\":\"Bo\u00eete \u00e0 Chansons\",\"item\":\"http:\/\/www.lrc50clr.com\/?page_id=1525\"},{\"@type\":\"ListItem\",\"position\":3,\"name\":\"Ang\u00e8le Dupas\"}]},{\"@type\":\"WebSite\",\"@id\":\"http:\/\/www.lrc50clr.com\/#website\",\"url\":\"http:\/\/www.lrc50clr.com\/\",\"name\":\"LRC50CLR\",\"description\":\"Louis Riel Collegiate 50th\/e Coll\u00e8ge Louis Riel\",\"potentialAction\":[{\"@type\":\"SearchAction\",\"target\":{\"@type\":\"EntryPoint\",\"urlTemplate\":\"http:\/\/www.lrc50clr.com\/?s={search_term_string}\"},\"query-input\":{\"@type\":\"PropertyValueSpecification\",\"valueRequired\":true,\"valueName\":\"search_term_string\"}}],\"inLanguage\":\"en-CA\"}]}<\/script>\r\n<!-- \/ Yoast SEO plugin. -->","yoast_head_json":{"title":"Ang\u00e8le Dupas - LRC50CLR","robots":{"index":"noindex","follow":"follow","max-snippet":"max-snippet:-1","max-image-preview":"max-image-preview:large","max-video-preview":"max-video-preview:-1"},"og_locale":"en_US","og_type":"article","og_title":"Ang\u00e8le Dupas - LRC50CLR","og_description":"Ang&egrave;le Dupas Ang&egrave;le Dupas a fr&eacute;quent&eacute; l&rsquo;ICLR de la 9e &agrave; la 12e ann&eacute;e et a obtenu son dipl&ocirc;me en 1979. Elle interpr&egrave;tera Kareoke d&rsquo;une c&eacute;l&egrave;bre chanteuse pop des ann&eacute;es 70.","og_url":"http:\/\/www.lrc50clr.com\/?page_id=1626","og_site_name":"LRC50CLR","twitter_card":"summary_large_image","schema":{"@context":"https:\/\/schema.org","@graph":[{"@type":"WebPage","@id":"http:\/\/www.lrc50clr.com\/?page_id=1626","url":"http:\/\/www.lrc50clr.com\/?page_id=1626","name":"Ang\u00e8le Dupas - LRC50CLR","isPartOf":{"@id":"http:\/\/www.lrc50clr.com\/#website"},"datePublished":"2017-04-04T19:28:26+00:00","dateModified":"2017-04-04T19:28:26+00:00","breadcrumb":{"@id":"http:\/\/www.lrc50clr.com\/?page_id=1626#breadcrumb"},"inLanguage":"en-CA","potentialAction":[{"@type":"ReadAction","target":["http:\/\/www.lrc50clr.com\/?page_id=1626"]}]},{"@type":"BreadcrumbList","@id":"http:\/\/www.lrc50clr.com\/?page_id=1626#breadcrumb","itemListElement":[{"@type":"ListItem","position":1,"name":"Home","item":"http:\/\/www.lrc50clr.com\/?lang=en"},{"@type":"ListItem","position":2,"name":"Bo\u00eete \u00e0 Chansons","item":"http:\/\/www.lrc50clr.com\/?page_id=1525"},{"@type":"ListItem","position":3,"name":"Ang\u00e8le Dupas"}]},{"@type":"WebSite","@id":"http:\/\/www.lrc50clr.com\/#website","url":"http:\/\/www.lrc50clr.com\/","name":"LRC50CLR","description":"Louis Riel Collegiate 50th\/e Coll\u00e8ge Louis Riel","potentialAction":[{"@type":"SearchAction","target":{"@type":"EntryPoint","urlTemplate":"http:\/\/www.lrc50clr.com\/?s={search_term_string}"},"query-input":{"@type":"PropertyValueSpecification","valueRequired":true,"valueName":"search_term_string"}}],"inLanguage":"en-CA"}]}},"_links":{"self":[{"href":"http:\/\/www.lrc50clr.com\/index.php?rest_route=\/wp\/v2\/pages\/1626","targetHints":{"allow":["GET"]}}],"collection":[{"href":"http:\/\/www.lrc50clr.com\/index.php?rest_route=\/wp\/v2\/pages"}],"about":[{"href":"http:\/\/www.lrc50clr.com\/index.php?rest_route=\/wp\/v2\/types\/page"}],"author":[{"embeddable":true,"href":"http:\/\/www.lrc50clr.com\/index.php?rest_route=\/wp\/v2\/users\/1"}],"replies":[{"embeddable":true,"href":"http:\/\/www.lrc50clr.com\/index.php?rest_route=%2Fwp%2Fv2%2Fcomments&post=1626"}],"version-history":[{"count":1,"href":"http:\/\/www.lrc50clr.com\/index.php?rest_route=\/wp\/v2\/pages\/1626\/revisions"}],"predecessor-version":[{"id":1627,"href":"http:\/\/www.lrc50clr.com\/index.php?rest_route=\/wp\/v2\/pages\/1626\/revisions\/1627"}],"up":[{"embeddable":true,"href":"http:\/\/www.lrc50clr.com\/index.php?rest_route=\/wp\/v2\/pages\/1525"}],"wp:attachment":[{"href":"http:\/\/www.lrc50clr.com\/index.php?rest_route=%2Fwp%2Fv2%2Fmedia&parent=1626"}],"curies":[{"name":"wp","href":"https:\/\/api.w.org\/{rel}","templated":true}]}}