{"id":1606,"date":"2017-03-27T14:45:42","date_gmt":"2017-03-27T19:45:42","guid":{"rendered":"http:\/\/localhost\/?page_id=1606"},"modified":"2017-04-11T16:40:22","modified_gmt":"2017-04-11T21:40:22","slug":"les-louis-boys","status":"publish","type":"page","link":"http:\/\/www.lrc50clr.com\/?page_id=1606","title":{"rendered":"Les Louis Boys"},"content":{"rendered":"<p style=\"text-align: center;\"><span style=\"font-family: comic sans ms,sans-serif; font-size: 18pt;\">Les Louis Boys<\/span><\/p>\n<p><span style=\"font-family: comic sans ms,sans-serif; font-size: 14pt;\">D\u00e8s le premier Festival du voyageur, un groupe d\u2019amis s\u2019est donn\u00e9 comme mission de rendre hommage aux anc\u00eatres en chansons\u00a0 afin de promouvoir le patrimoine historique et culturel franco-manitobain. De la plaine, \u00e9mergea Les Louis Boys. \u00c9tabli en 1972, ils sont actifs sur la sc\u00e8ne musicale franco-manitobaine depuis 45 ans.<a href=\"http:\/\/www.lrc50clr.com\/wp-content\/uploads\/2017\/04\/Louis_Boys_01.jpg\"><img loading=\"lazy\" decoding=\"async\" class=\"size-medium wp-image-1619 alignright\" src=\"http:\/\/www.lrc50clr.com\/wp-content\/uploads\/2017\/04\/Louis_Boys_01-300x225.jpg\" alt=\"Louis_Boys_01\" width=\"300\" height=\"225\" srcset=\"http:\/\/www.lrc50clr.com\/wp-content\/uploads\/2017\/04\/Louis_Boys_01-300x225.jpg 300w, http:\/\/www.lrc50clr.com\/wp-content\/uploads\/2017\/04\/Louis_Boys_01.jpg 640w\" sizes=\"auto, (max-width: 300px) 100vw, 300px\" \/><\/a><\/span><\/p>\n<p><span style=\"font-family: comic sans ms,sans-serif; font-size: 14pt;\">En\u00a0 2002, la Soci\u00e9t\u00e9 franco-Manitobaine leur a remis le prix Riel pour leur contribution \u00e0 la culture franco-manitobaine. Ils ont produit\u00a0 3 disques : On est les boss, Live au Festival du voyageur et Rouge. <\/span><\/p>\n<p>&nbsp;<\/p>\n<p><a href=\"http:\/\/www.lrc50clr.com\/wp-content\/uploads\/2017\/04\/Louis_Boys_02.jpg\"><img loading=\"lazy\" decoding=\"async\" class=\"wp-image-1712 size-full aligncenter\" src=\"http:\/\/www.lrc50clr.com\/wp-content\/uploads\/2017\/04\/Louis_Boys_02.jpg\" alt=\"Louis_Boys_02\" width=\"640\" height=\"282\" srcset=\"http:\/\/www.lrc50clr.com\/wp-content\/uploads\/2017\/04\/Louis_Boys_02.jpg 640w, http:\/\/www.lrc50clr.com\/wp-content\/uploads\/2017\/04\/Louis_Boys_02-300x132.jpg 300w\" sizes=\"auto, (max-width: 640px) 100vw, 640px\" \/><\/a><\/p>\n<p><span style=\"font-family: comic sans ms,sans-serif; font-size: 14pt;\">Les membres sont : Pierre Morier, Edwin Prince, Jacques Dorge, Marcel Druw\u00e8 (enseignant CLR 1991-1996), Marc Deschambault, Gabriel Masse, Gerry Boh\u00e9mier (CLR 1968).<\/span><\/p>\n<p>&nbsp;<\/p>\n","protected":false},"excerpt":{"rendered":"<p>Les Louis Boys D&egrave;s le premier Festival du voyageur, un groupe d&rsquo;amis s&rsquo;est donn&eacute; comme mission de rendre hommage aux anc&ecirc;tres en chansons&nbsp; afin de promouvoir le patrimoine historique et culturel franco-manitobain. De la plaine, &eacute;mergea Les Louis Boys. &Eacute;tabli en 1972, ils sont actifs sur la sc&egrave;ne musicale franco-manitobaine depuis 45 ans. En&nbsp; 2002, &hellip; <a href=\"http:\/\/www.lrc50clr.com\/?page_id=1606\" class=\"more-link\">Continue reading <span class=\"screen-reader-text\">Les Louis Boys<\/span> <span class=\"meta-nav\">&rarr;<\/span><\/a><\/p>\n","protected":false},"author":1,"featured_media":0,"parent":1525,"menu_order":0,"comment_status":"closed","ping_status":"closed","template":"","meta":{"footnotes":""},"class_list":["post-1606","page","type-page","status-publish","hentry"],"yoast_head":"<!-- This site is optimized with the Yoast SEO plugin v24.3 - https:\/\/yoast.com\/wordpress\/plugins\/seo\/ -->\r\n<title>Les Louis Boys - LRC50CLR<\/title>\r\n<meta name=\"robots\" content=\"noindex, follow, max-snippet:-1, max-image-preview:large, max-video-preview:-1\" \/>\r\n<meta property=\"og:locale\" content=\"en_US\" \/>\r\n<meta property=\"og:type\" content=\"article\" \/>\r\n<meta property=\"og:title\" content=\"Les Louis Boys - LRC50CLR\" \/>\r\n<meta property=\"og:description\" content=\"Les Louis Boys D&egrave;s le premier Festival du voyageur, un groupe d&rsquo;amis s&rsquo;est donn&eacute; comme mission de rendre hommage aux anc&ecirc;tres en chansons&nbsp; afin de promouvoir le patrimoine historique et culturel franco-manitobain. De la plaine, &eacute;mergea Les Louis Boys. &Eacute;tabli en 1972, ils sont actifs sur la sc&egrave;ne musicale franco-manitobaine depuis 45 ans. En&nbsp; 2002, &hellip; Continue reading Les Louis Boys &rarr;\" \/>\r\n<meta property=\"og:url\" content=\"http:\/\/www.lrc50clr.com\/?page_id=1606\" \/>\r\n<meta property=\"og:site_name\" content=\"LRC50CLR\" \/>\r\n<meta property=\"article:modified_time\" content=\"2017-04-11T21:40:22+00:00\" \/>\r\n<meta property=\"og:image\" content=\"http:\/\/www.lrc50clr.com\/wp-content\/uploads\/2017\/04\/Louis_Boys_01-300x225.jpg\" \/>\r\n<meta name=\"twitter:card\" content=\"summary_large_image\" \/>\r\n<meta name=\"twitter:label1\" content=\"Est. reading time\" \/>\n\t<meta name=\"twitter:data1\" content=\"1 minute\" \/>\r\n<script type=\"application\/ld+json\" class=\"yoast-schema-graph\">{\"@context\":\"https:\/\/schema.org\",\"@graph\":[{\"@type\":\"WebPage\",\"@id\":\"http:\/\/www.lrc50clr.com\/?page_id=1606\",\"url\":\"http:\/\/www.lrc50clr.com\/?page_id=1606\",\"name\":\"Les Louis Boys - LRC50CLR\",\"isPartOf\":{\"@id\":\"http:\/\/www.lrc50clr.com\/#website\"},\"primaryImageOfPage\":{\"@id\":\"http:\/\/www.lrc50clr.com\/?page_id=1606#primaryimage\"},\"image\":{\"@id\":\"http:\/\/www.lrc50clr.com\/?page_id=1606#primaryimage\"},\"thumbnailUrl\":\"http:\/\/www.lrc50clr.com\/wp-content\/uploads\/2017\/04\/Louis_Boys_01-300x225.jpg\",\"datePublished\":\"2017-03-27T19:45:42+00:00\",\"dateModified\":\"2017-04-11T21:40:22+00:00\",\"breadcrumb\":{\"@id\":\"http:\/\/www.lrc50clr.com\/?page_id=1606#breadcrumb\"},\"inLanguage\":\"en-CA\",\"potentialAction\":[{\"@type\":\"ReadAction\",\"target\":[\"http:\/\/www.lrc50clr.com\/?page_id=1606\"]}]},{\"@type\":\"ImageObject\",\"inLanguage\":\"en-CA\",\"@id\":\"http:\/\/www.lrc50clr.com\/?page_id=1606#primaryimage\",\"url\":\"http:\/\/www.lrc50clr.com\/wp-content\/uploads\/2017\/04\/Louis_Boys_01.jpg\",\"contentUrl\":\"http:\/\/www.lrc50clr.com\/wp-content\/uploads\/2017\/04\/Louis_Boys_01.jpg\",\"width\":640,\"height\":480},{\"@type\":\"BreadcrumbList\",\"@id\":\"http:\/\/www.lrc50clr.com\/?page_id=1606#breadcrumb\",\"itemListElement\":[{\"@type\":\"ListItem\",\"position\":1,\"name\":\"Home\",\"item\":\"http:\/\/www.lrc50clr.com\/?lang=en\"},{\"@type\":\"ListItem\",\"position\":2,\"name\":\"Bo\u00eete \u00e0 Chansons\",\"item\":\"http:\/\/www.lrc50clr.com\/?page_id=1525\"},{\"@type\":\"ListItem\",\"position\":3,\"name\":\"Les Louis Boys\"}]},{\"@type\":\"WebSite\",\"@id\":\"http:\/\/www.lrc50clr.com\/#website\",\"url\":\"http:\/\/www.lrc50clr.com\/\",\"name\":\"LRC50CLR\",\"description\":\"Louis Riel Collegiate 50th\/e Coll\u00e8ge Louis Riel\",\"potentialAction\":[{\"@type\":\"SearchAction\",\"target\":{\"@type\":\"EntryPoint\",\"urlTemplate\":\"http:\/\/www.lrc50clr.com\/?s={search_term_string}\"},\"query-input\":{\"@type\":\"PropertyValueSpecification\",\"valueRequired\":true,\"valueName\":\"search_term_string\"}}],\"inLanguage\":\"en-CA\"}]}<\/script>\r\n<!-- \/ Yoast SEO plugin. -->","yoast_head_json":{"title":"Les Louis Boys - LRC50CLR","robots":{"index":"noindex","follow":"follow","max-snippet":"max-snippet:-1","max-image-preview":"max-image-preview:large","max-video-preview":"max-video-preview:-1"},"og_locale":"en_US","og_type":"article","og_title":"Les Louis Boys - LRC50CLR","og_description":"Les Louis Boys D&egrave;s le premier Festival du voyageur, un groupe d&rsquo;amis s&rsquo;est donn&eacute; comme mission de rendre hommage aux anc&ecirc;tres en chansons&nbsp; afin de promouvoir le patrimoine historique et culturel franco-manitobain. De la plaine, &eacute;mergea Les Louis Boys. &Eacute;tabli en 1972, ils sont actifs sur la sc&egrave;ne musicale franco-manitobaine depuis 45 ans. En&nbsp; 2002, &hellip; Continue reading Les Louis Boys &rarr;","og_url":"http:\/\/www.lrc50clr.com\/?page_id=1606","og_site_name":"LRC50CLR","article_modified_time":"2017-04-11T21:40:22+00:00","og_image":[{"url":"http:\/\/www.lrc50clr.com\/wp-content\/uploads\/2017\/04\/Louis_Boys_01-300x225.jpg","type":"","width":"","height":""}],"twitter_card":"summary_large_image","twitter_misc":{"Est. reading time":"1 minute"},"schema":{"@context":"https:\/\/schema.org","@graph":[{"@type":"WebPage","@id":"http:\/\/www.lrc50clr.com\/?page_id=1606","url":"http:\/\/www.lrc50clr.com\/?page_id=1606","name":"Les Louis Boys - LRC50CLR","isPartOf":{"@id":"http:\/\/www.lrc50clr.com\/#website"},"primaryImageOfPage":{"@id":"http:\/\/www.lrc50clr.com\/?page_id=1606#primaryimage"},"image":{"@id":"http:\/\/www.lrc50clr.com\/?page_id=1606#primaryimage"},"thumbnailUrl":"http:\/\/www.lrc50clr.com\/wp-content\/uploads\/2017\/04\/Louis_Boys_01-300x225.jpg","datePublished":"2017-03-27T19:45:42+00:00","dateModified":"2017-04-11T21:40:22+00:00","breadcrumb":{"@id":"http:\/\/www.lrc50clr.com\/?page_id=1606#breadcrumb"},"inLanguage":"en-CA","potentialAction":[{"@type":"ReadAction","target":["http:\/\/www.lrc50clr.com\/?page_id=1606"]}]},{"@type":"ImageObject","inLanguage":"en-CA","@id":"http:\/\/www.lrc50clr.com\/?page_id=1606#primaryimage","url":"http:\/\/www.lrc50clr.com\/wp-content\/uploads\/2017\/04\/Louis_Boys_01.jpg","contentUrl":"http:\/\/www.lrc50clr.com\/wp-content\/uploads\/2017\/04\/Louis_Boys_01.jpg","width":640,"height":480},{"@type":"BreadcrumbList","@id":"http:\/\/www.lrc50clr.com\/?page_id=1606#breadcrumb","itemListElement":[{"@type":"ListItem","position":1,"name":"Home","item":"http:\/\/www.lrc50clr.com\/?lang=en"},{"@type":"ListItem","position":2,"name":"Bo\u00eete \u00e0 Chansons","item":"http:\/\/www.lrc50clr.com\/?page_id=1525"},{"@type":"ListItem","position":3,"name":"Les Louis Boys"}]},{"@type":"WebSite","@id":"http:\/\/www.lrc50clr.com\/#website","url":"http:\/\/www.lrc50clr.com\/","name":"LRC50CLR","description":"Louis Riel Collegiate 50th\/e Coll\u00e8ge Louis Riel","potentialAction":[{"@type":"SearchAction","target":{"@type":"EntryPoint","urlTemplate":"http:\/\/www.lrc50clr.com\/?s={search_term_string}"},"query-input":{"@type":"PropertyValueSpecification","valueRequired":true,"valueName":"search_term_string"}}],"inLanguage":"en-CA"}]}},"_links":{"self":[{"href":"http:\/\/www.lrc50clr.com\/index.php?rest_route=\/wp\/v2\/pages\/1606","targetHints":{"allow":["GET"]}}],"collection":[{"href":"http:\/\/www.lrc50clr.com\/index.php?rest_route=\/wp\/v2\/pages"}],"about":[{"href":"http:\/\/www.lrc50clr.com\/index.php?rest_route=\/wp\/v2\/types\/page"}],"author":[{"embeddable":true,"href":"http:\/\/www.lrc50clr.com\/index.php?rest_route=\/wp\/v2\/users\/1"}],"replies":[{"embeddable":true,"href":"http:\/\/www.lrc50clr.com\/index.php?rest_route=%2Fwp%2Fv2%2Fcomments&post=1606"}],"version-history":[{"count":7,"href":"http:\/\/www.lrc50clr.com\/index.php?rest_route=\/wp\/v2\/pages\/1606\/revisions"}],"predecessor-version":[{"id":1722,"href":"http:\/\/www.lrc50clr.com\/index.php?rest_route=\/wp\/v2\/pages\/1606\/revisions\/1722"}],"up":[{"embeddable":true,"href":"http:\/\/www.lrc50clr.com\/index.php?rest_route=\/wp\/v2\/pages\/1525"}],"wp:attachment":[{"href":"http:\/\/www.lrc50clr.com\/index.php?rest_route=%2Fwp%2Fv2%2Fmedia&parent=1606"}],"curies":[{"name":"wp","href":"https:\/\/api.w.org\/{rel}","templated":true}]}}