{"id":1602,"date":"2017-03-27T14:38:31","date_gmt":"2017-03-27T19:38:31","guid":{"rendered":"http:\/\/localhost\/?page_id=1602"},"modified":"2017-04-04T15:54:28","modified_gmt":"2017-04-04T20:54:28","slug":"justin-lacroix-band","status":"publish","type":"page","link":"http:\/\/www.lrc50clr.com\/?page_id=1602","title":{"rendered":"Justin Lacroix Band"},"content":{"rendered":"<h1 style=\"text-align: center;\"><span style=\"font-family: comic sans ms,sans-serif; font-size: 18pt;\">Justin Lacroix Band<\/span><\/h1>\n<p><span style=\"font-family: comic sans ms,sans-serif; font-size: 14pt;\">Noms de membre du groupe: Justin Lacroix (1997), Jo\u00ebl Perreault (1997), Joel Couture (1998), Ga\u00ebtan Larochelle (1992) &amp; Ariane Jean (1998)<\/span><\/p>\n<p><span style=\"font-family: comic sans ms,sans-serif; font-size: 14pt;\">Sur sc\u00e8ne avec son groupe, le \u00ab Justin Lacroix Band \u00bb, ou entre amis au bar du coin, Justin puise dans son r\u00e9pertoire pour nous offrir un spectacle intimiste et authentique.\u00a0 Justin s&#8217;est illustr\u00e9 en 2005 avec son premier album solo \u00ab Boogieman \u00bb. Sortiront ensuite 3 albums solos et 2 albums enregistr\u00e9s avec son band, dont Ivan Burke \u00e0 la batterie, Joel Couture \u00e0 la basse, et Jo\u00ebl Perrault \u00e0 la guitare. Ils nous pr\u00e9sentent en \u00e9t\u00e9 2016 Ticket To Tokyo, la chanson, mais aussi le nom d&#8217;un mini-album \u00e0 3 chansons. <\/span><\/p>\n<p><span style=\"font-family: comic sans ms,sans-serif; font-size: 14pt;\">Sp\u00e9cial 50e avec Ga\u00ebtan Larochelle \u00e0 la batterie et Ariane Jean aux choeurs <\/span><\/p>\n<p>&nbsp;<\/p>\n<p><iframe loading=\"lazy\" src=\"https:\/\/www.youtube.com\/embed\/OnQUSwF1CTQ?ecver=1\" width=\"560\" height=\"315\" frameborder=\"0\" allowfullscreen=\"allowfullscreen\"><\/iframe><\/p>\n<h4 style=\"text-align: center;\"><a href=\"http:\/\/www.justinlacroix.com\/\" target=\"_blank\">www.justinlacroix.com<\/a><\/h4>\n","protected":false},"excerpt":{"rendered":"<p>Justin Lacroix Band Noms de membre du groupe: Justin Lacroix (1997), Jo&euml;l Perreault (1997), Joel Couture (1998), Ga&euml;tan Larochelle (1992) &amp; Ariane Jean (1998) Sur sc&egrave;ne avec son groupe, le &laquo; Justin Lacroix Band &raquo;, ou entre amis au bar du coin, Justin puise dans son r&eacute;pertoire pour nous offrir un spectacle intimiste et authentique.&nbsp; &hellip; <a href=\"http:\/\/www.lrc50clr.com\/?page_id=1602\" class=\"more-link\">Continue reading <span class=\"screen-reader-text\">Justin Lacroix Band<\/span> <span class=\"meta-nav\">&rarr;<\/span><\/a><\/p>\n","protected":false},"author":1,"featured_media":0,"parent":1525,"menu_order":0,"comment_status":"closed","ping_status":"closed","template":"","meta":{"footnotes":""},"class_list":["post-1602","page","type-page","status-publish","hentry"],"yoast_head":"<!-- This site is optimized with the Yoast SEO plugin v24.3 - https:\/\/yoast.com\/wordpress\/plugins\/seo\/ -->\r\n<title>Justin Lacroix Band - LRC50CLR<\/title>\r\n<meta name=\"robots\" content=\"noindex, follow, max-snippet:-1, max-image-preview:large, max-video-preview:-1\" \/>\r\n<meta property=\"og:locale\" content=\"en_US\" \/>\r\n<meta property=\"og:type\" content=\"article\" \/>\r\n<meta property=\"og:title\" content=\"Justin Lacroix Band - LRC50CLR\" \/>\r\n<meta property=\"og:description\" content=\"Justin Lacroix Band Noms de membre du groupe: Justin Lacroix (1997), Jo&euml;l Perreault (1997), Joel Couture (1998), Ga&euml;tan Larochelle (1992) &amp; Ariane Jean (1998) Sur sc&egrave;ne avec son groupe, le &laquo; Justin Lacroix Band &raquo;, ou entre amis au bar du coin, Justin puise dans son r&eacute;pertoire pour nous offrir un spectacle intimiste et authentique.&nbsp; &hellip; Continue reading Justin Lacroix Band &rarr;\" \/>\r\n<meta property=\"og:url\" content=\"http:\/\/www.lrc50clr.com\/?page_id=1602\" \/>\r\n<meta property=\"og:site_name\" content=\"LRC50CLR\" \/>\r\n<meta property=\"article:modified_time\" content=\"2017-04-04T20:54:28+00:00\" \/>\r\n<meta name=\"twitter:card\" content=\"summary_large_image\" \/>\r\n<meta name=\"twitter:label1\" content=\"Est. reading time\" \/>\n\t<meta name=\"twitter:data1\" content=\"1 minute\" \/>\r\n<script type=\"application\/ld+json\" class=\"yoast-schema-graph\">{\"@context\":\"https:\/\/schema.org\",\"@graph\":[{\"@type\":\"WebPage\",\"@id\":\"http:\/\/www.lrc50clr.com\/?page_id=1602\",\"url\":\"http:\/\/www.lrc50clr.com\/?page_id=1602\",\"name\":\"Justin Lacroix Band - LRC50CLR\",\"isPartOf\":{\"@id\":\"http:\/\/www.lrc50clr.com\/#website\"},\"datePublished\":\"2017-03-27T19:38:31+00:00\",\"dateModified\":\"2017-04-04T20:54:28+00:00\",\"breadcrumb\":{\"@id\":\"http:\/\/www.lrc50clr.com\/?page_id=1602#breadcrumb\"},\"inLanguage\":\"en-CA\",\"potentialAction\":[{\"@type\":\"ReadAction\",\"target\":[\"http:\/\/www.lrc50clr.com\/?page_id=1602\"]}]},{\"@type\":\"BreadcrumbList\",\"@id\":\"http:\/\/www.lrc50clr.com\/?page_id=1602#breadcrumb\",\"itemListElement\":[{\"@type\":\"ListItem\",\"position\":1,\"name\":\"Home\",\"item\":\"http:\/\/www.lrc50clr.com\/?lang=en\"},{\"@type\":\"ListItem\",\"position\":2,\"name\":\"Bo\u00eete \u00e0 Chansons\",\"item\":\"http:\/\/www.lrc50clr.com\/?page_id=1525\"},{\"@type\":\"ListItem\",\"position\":3,\"name\":\"Justin Lacroix Band\"}]},{\"@type\":\"WebSite\",\"@id\":\"http:\/\/www.lrc50clr.com\/#website\",\"url\":\"http:\/\/www.lrc50clr.com\/\",\"name\":\"LRC50CLR\",\"description\":\"Louis Riel Collegiate 50th\/e Coll\u00e8ge Louis Riel\",\"potentialAction\":[{\"@type\":\"SearchAction\",\"target\":{\"@type\":\"EntryPoint\",\"urlTemplate\":\"http:\/\/www.lrc50clr.com\/?s={search_term_string}\"},\"query-input\":{\"@type\":\"PropertyValueSpecification\",\"valueRequired\":true,\"valueName\":\"search_term_string\"}}],\"inLanguage\":\"en-CA\"}]}<\/script>\r\n<!-- \/ Yoast SEO plugin. -->","yoast_head_json":{"title":"Justin Lacroix Band - LRC50CLR","robots":{"index":"noindex","follow":"follow","max-snippet":"max-snippet:-1","max-image-preview":"max-image-preview:large","max-video-preview":"max-video-preview:-1"},"og_locale":"en_US","og_type":"article","og_title":"Justin Lacroix Band - LRC50CLR","og_description":"Justin Lacroix Band Noms de membre du groupe: Justin Lacroix (1997), Jo&euml;l Perreault (1997), Joel Couture (1998), Ga&euml;tan Larochelle (1992) &amp; Ariane Jean (1998) Sur sc&egrave;ne avec son groupe, le &laquo; Justin Lacroix Band &raquo;, ou entre amis au bar du coin, Justin puise dans son r&eacute;pertoire pour nous offrir un spectacle intimiste et authentique.&nbsp; &hellip; Continue reading Justin Lacroix Band &rarr;","og_url":"http:\/\/www.lrc50clr.com\/?page_id=1602","og_site_name":"LRC50CLR","article_modified_time":"2017-04-04T20:54:28+00:00","twitter_card":"summary_large_image","twitter_misc":{"Est. reading time":"1 minute"},"schema":{"@context":"https:\/\/schema.org","@graph":[{"@type":"WebPage","@id":"http:\/\/www.lrc50clr.com\/?page_id=1602","url":"http:\/\/www.lrc50clr.com\/?page_id=1602","name":"Justin Lacroix Band - LRC50CLR","isPartOf":{"@id":"http:\/\/www.lrc50clr.com\/#website"},"datePublished":"2017-03-27T19:38:31+00:00","dateModified":"2017-04-04T20:54:28+00:00","breadcrumb":{"@id":"http:\/\/www.lrc50clr.com\/?page_id=1602#breadcrumb"},"inLanguage":"en-CA","potentialAction":[{"@type":"ReadAction","target":["http:\/\/www.lrc50clr.com\/?page_id=1602"]}]},{"@type":"BreadcrumbList","@id":"http:\/\/www.lrc50clr.com\/?page_id=1602#breadcrumb","itemListElement":[{"@type":"ListItem","position":1,"name":"Home","item":"http:\/\/www.lrc50clr.com\/?lang=en"},{"@type":"ListItem","position":2,"name":"Bo\u00eete \u00e0 Chansons","item":"http:\/\/www.lrc50clr.com\/?page_id=1525"},{"@type":"ListItem","position":3,"name":"Justin Lacroix Band"}]},{"@type":"WebSite","@id":"http:\/\/www.lrc50clr.com\/#website","url":"http:\/\/www.lrc50clr.com\/","name":"LRC50CLR","description":"Louis Riel Collegiate 50th\/e Coll\u00e8ge Louis Riel","potentialAction":[{"@type":"SearchAction","target":{"@type":"EntryPoint","urlTemplate":"http:\/\/www.lrc50clr.com\/?s={search_term_string}"},"query-input":{"@type":"PropertyValueSpecification","valueRequired":true,"valueName":"search_term_string"}}],"inLanguage":"en-CA"}]}},"_links":{"self":[{"href":"http:\/\/www.lrc50clr.com\/index.php?rest_route=\/wp\/v2\/pages\/1602","targetHints":{"allow":["GET"]}}],"collection":[{"href":"http:\/\/www.lrc50clr.com\/index.php?rest_route=\/wp\/v2\/pages"}],"about":[{"href":"http:\/\/www.lrc50clr.com\/index.php?rest_route=\/wp\/v2\/types\/page"}],"author":[{"embeddable":true,"href":"http:\/\/www.lrc50clr.com\/index.php?rest_route=\/wp\/v2\/users\/1"}],"replies":[{"embeddable":true,"href":"http:\/\/www.lrc50clr.com\/index.php?rest_route=%2Fwp%2Fv2%2Fcomments&post=1602"}],"version-history":[{"count":5,"href":"http:\/\/www.lrc50clr.com\/index.php?rest_route=\/wp\/v2\/pages\/1602\/revisions"}],"predecessor-version":[{"id":1670,"href":"http:\/\/www.lrc50clr.com\/index.php?rest_route=\/wp\/v2\/pages\/1602\/revisions\/1670"}],"up":[{"embeddable":true,"href":"http:\/\/www.lrc50clr.com\/index.php?rest_route=\/wp\/v2\/pages\/1525"}],"wp:attachment":[{"href":"http:\/\/www.lrc50clr.com\/index.php?rest_route=%2Fwp%2Fv2%2Fmedia&parent=1602"}],"curies":[{"name":"wp","href":"https:\/\/api.w.org\/{rel}","templated":true}]}}