{"id":1575,"date":"2017-03-23T14:28:02","date_gmt":"2017-03-23T19:28:02","guid":{"rendered":"http:\/\/localhost\/?page_id=1575"},"modified":"2023-07-31T17:34:11","modified_gmt":"2023-07-31T22:34:11","slug":"analytique","status":"publish","type":"page","link":"http:\/\/www.lrc50clr.com\/?page_id=1575","title":{"rendered":"Analytique"},"content":{"rendered":"<h1 id=\"tw-target-text\" class=\"tw-data-text tw-ta tw-text-large\" dir=\"ltr\" style=\"text-align: center;\" data-placeholder=\"Translation\">Et d&#8217;o\u00f9 viennent les participants?<\/h1>\n<h4 class=\"tw-data-text tw-ta tw-text-large\" dir=\"ltr\" style=\"text-align: center;\" data-placeholder=\"Translation\"><span id=\"Sp1.s2_o\" class=\"systran_seg\"><span id=\"token_7\" class=\"systran_token_punctuation\">(<\/span><span id=\"token_8\" class=\"systran_token_entity\">\u00e0 partir du 20 avril, 2017<\/span><span id=\"token_9\" class=\"systran_token_punctuation\">)<\/span><\/span><\/h4>\n<p><a href=\"http:\/\/www.lrc50clr.com\/wp-content\/uploads\/2017\/04\/By_Province_20170420_Sat.png\"><img loading=\"lazy\" decoding=\"async\" class=\"alignnone wp-image-1743 size-full\" src=\"http:\/\/www.lrc50clr.com\/wp-content\/uploads\/2017\/04\/By_Province_20170420_Sat.png\" alt=\"By_Province_20170420_Sat\" width=\"526\" height=\"297\" srcset=\"http:\/\/www.lrc50clr.com\/wp-content\/uploads\/2017\/04\/By_Province_20170420_Sat.png 526w, http:\/\/www.lrc50clr.com\/wp-content\/uploads\/2017\/04\/By_Province_20170420_Sat-300x169.png 300w\" sizes=\"auto, (max-width: 526px) 100vw, 526px\" \/><\/a><\/p>\n<p><strong>Nous pouvons \u00e9galement confirmer que quelques participants arrivent de Tha\u00eflande et d&#8217;Australie pour joindre aux festivit\u00e9s.<\/strong><\/p>\n<p><a href=\"http:\/\/www.lrc50clr.com\/wp-content\/uploads\/2017\/04\/By_Province_20170420_Sat_b.png\"><img loading=\"lazy\" decoding=\"async\" class=\"alignnone wp-image-1744 size-full\" src=\"http:\/\/www.lrc50clr.com\/wp-content\/uploads\/2017\/04\/By_Province_20170420_Sat_b.png\" alt=\"By_Province_20170420_Sat_b\" width=\"708\" height=\"437\" srcset=\"http:\/\/www.lrc50clr.com\/wp-content\/uploads\/2017\/04\/By_Province_20170420_Sat_b.png 708w, http:\/\/www.lrc50clr.com\/wp-content\/uploads\/2017\/04\/By_Province_20170420_Sat_b-300x185.png 300w\" sizes=\"auto, (max-width: 708px) 100vw, 708px\" \/><\/a><\/p>\n","protected":false},"excerpt":{"rendered":"<p>Et d&rsquo;o&ugrave; viennent les participants? (&agrave; partir du 20 avril, 2017) Nous pouvons &eacute;galement confirmer que quelques participants arrivent de Tha&iuml;lande et d&rsquo;Australie pour joindre aux festivit&eacute;s.<\/p>\n","protected":false},"author":1,"featured_media":0,"parent":851,"menu_order":0,"comment_status":"closed","ping_status":"closed","template":"","meta":{"footnotes":""},"class_list":["post-1575","page","type-page","status-publish","hentry"],"yoast_head":"<!-- This site is optimized with the Yoast SEO plugin v24.3 - https:\/\/yoast.com\/wordpress\/plugins\/seo\/ -->\r\n<title>Analytique - LRC50CLR<\/title>\r\n<meta name=\"robots\" content=\"noindex, follow, max-snippet:-1, max-image-preview:large, max-video-preview:-1\" \/>\r\n<meta property=\"og:locale\" content=\"en_US\" \/>\r\n<meta property=\"og:type\" content=\"article\" \/>\r\n<meta property=\"og:title\" content=\"Analytique - LRC50CLR\" \/>\r\n<meta property=\"og:description\" content=\"Et d&rsquo;o&ugrave; viennent les participants? (&agrave; partir du 20 avril, 2017) Nous pouvons &eacute;galement confirmer que quelques participants arrivent de Tha&iuml;lande et d&rsquo;Australie pour joindre aux festivit&eacute;s.\" \/>\r\n<meta property=\"og:url\" content=\"http:\/\/www.lrc50clr.com\/?page_id=1575\" \/>\r\n<meta property=\"og:site_name\" content=\"LRC50CLR\" \/>\r\n<meta property=\"article:modified_time\" content=\"2023-07-31T22:34:11+00:00\" \/>\r\n<meta property=\"og:image\" content=\"http:\/\/www.lrc50clr.com\/wp-content\/uploads\/2017\/04\/By_Province_20170420_Sat.png\" \/>\r\n<meta name=\"twitter:card\" content=\"summary_large_image\" \/>\r\n<meta name=\"twitter:label1\" content=\"Est. reading time\" \/>\n\t<meta name=\"twitter:data1\" content=\"1 minute\" \/>\r\n<script type=\"application\/ld+json\" class=\"yoast-schema-graph\">{\"@context\":\"https:\/\/schema.org\",\"@graph\":[{\"@type\":\"WebPage\",\"@id\":\"http:\/\/www.lrc50clr.com\/?page_id=1575\",\"url\":\"http:\/\/www.lrc50clr.com\/?page_id=1575\",\"name\":\"Analytique - LRC50CLR\",\"isPartOf\":{\"@id\":\"http:\/\/www.lrc50clr.com\/#website\"},\"primaryImageOfPage\":{\"@id\":\"http:\/\/www.lrc50clr.com\/?page_id=1575#primaryimage\"},\"image\":{\"@id\":\"http:\/\/www.lrc50clr.com\/?page_id=1575#primaryimage\"},\"thumbnailUrl\":\"http:\/\/www.lrc50clr.com\/wp-content\/uploads\/2017\/04\/By_Province_20170420_Sat.png\",\"datePublished\":\"2017-03-23T19:28:02+00:00\",\"dateModified\":\"2023-07-31T22:34:11+00:00\",\"breadcrumb\":{\"@id\":\"http:\/\/www.lrc50clr.com\/?page_id=1575#breadcrumb\"},\"inLanguage\":\"en-CA\",\"potentialAction\":[{\"@type\":\"ReadAction\",\"target\":[\"http:\/\/www.lrc50clr.com\/?page_id=1575\"]}]},{\"@type\":\"ImageObject\",\"inLanguage\":\"en-CA\",\"@id\":\"http:\/\/www.lrc50clr.com\/?page_id=1575#primaryimage\",\"url\":\"http:\/\/www.lrc50clr.com\/wp-content\/uploads\/2017\/04\/By_Province_20170420_Sat.png\",\"contentUrl\":\"http:\/\/www.lrc50clr.com\/wp-content\/uploads\/2017\/04\/By_Province_20170420_Sat.png\",\"width\":526,\"height\":297},{\"@type\":\"BreadcrumbList\",\"@id\":\"http:\/\/www.lrc50clr.com\/?page_id=1575#breadcrumb\",\"itemListElement\":[{\"@type\":\"ListItem\",\"position\":1,\"name\":\"Home\",\"item\":\"http:\/\/www.lrc50clr.com\/?lang=en\"},{\"@type\":\"ListItem\",\"position\":2,\"name\":\"\u00c0 Propos\",\"item\":\"http:\/\/www.lrc50clr.com\/?page_id=851\"},{\"@type\":\"ListItem\",\"position\":3,\"name\":\"Analytique\"}]},{\"@type\":\"WebSite\",\"@id\":\"http:\/\/www.lrc50clr.com\/#website\",\"url\":\"http:\/\/www.lrc50clr.com\/\",\"name\":\"LRC50CLR\",\"description\":\"Louis Riel Collegiate 50th\/e Coll\u00e8ge Louis Riel\",\"potentialAction\":[{\"@type\":\"SearchAction\",\"target\":{\"@type\":\"EntryPoint\",\"urlTemplate\":\"http:\/\/www.lrc50clr.com\/?s={search_term_string}\"},\"query-input\":{\"@type\":\"PropertyValueSpecification\",\"valueRequired\":true,\"valueName\":\"search_term_string\"}}],\"inLanguage\":\"en-CA\"}]}<\/script>\r\n<!-- \/ Yoast SEO plugin. -->","yoast_head_json":{"title":"Analytique - LRC50CLR","robots":{"index":"noindex","follow":"follow","max-snippet":"max-snippet:-1","max-image-preview":"max-image-preview:large","max-video-preview":"max-video-preview:-1"},"og_locale":"en_US","og_type":"article","og_title":"Analytique - LRC50CLR","og_description":"Et d&rsquo;o&ugrave; viennent les participants? (&agrave; partir du 20 avril, 2017) Nous pouvons &eacute;galement confirmer que quelques participants arrivent de Tha&iuml;lande et d&rsquo;Australie pour joindre aux festivit&eacute;s.","og_url":"http:\/\/www.lrc50clr.com\/?page_id=1575","og_site_name":"LRC50CLR","article_modified_time":"2023-07-31T22:34:11+00:00","og_image":[{"url":"http:\/\/www.lrc50clr.com\/wp-content\/uploads\/2017\/04\/By_Province_20170420_Sat.png","type":"","width":"","height":""}],"twitter_card":"summary_large_image","twitter_misc":{"Est. reading time":"1 minute"},"schema":{"@context":"https:\/\/schema.org","@graph":[{"@type":"WebPage","@id":"http:\/\/www.lrc50clr.com\/?page_id=1575","url":"http:\/\/www.lrc50clr.com\/?page_id=1575","name":"Analytique - LRC50CLR","isPartOf":{"@id":"http:\/\/www.lrc50clr.com\/#website"},"primaryImageOfPage":{"@id":"http:\/\/www.lrc50clr.com\/?page_id=1575#primaryimage"},"image":{"@id":"http:\/\/www.lrc50clr.com\/?page_id=1575#primaryimage"},"thumbnailUrl":"http:\/\/www.lrc50clr.com\/wp-content\/uploads\/2017\/04\/By_Province_20170420_Sat.png","datePublished":"2017-03-23T19:28:02+00:00","dateModified":"2023-07-31T22:34:11+00:00","breadcrumb":{"@id":"http:\/\/www.lrc50clr.com\/?page_id=1575#breadcrumb"},"inLanguage":"en-CA","potentialAction":[{"@type":"ReadAction","target":["http:\/\/www.lrc50clr.com\/?page_id=1575"]}]},{"@type":"ImageObject","inLanguage":"en-CA","@id":"http:\/\/www.lrc50clr.com\/?page_id=1575#primaryimage","url":"http:\/\/www.lrc50clr.com\/wp-content\/uploads\/2017\/04\/By_Province_20170420_Sat.png","contentUrl":"http:\/\/www.lrc50clr.com\/wp-content\/uploads\/2017\/04\/By_Province_20170420_Sat.png","width":526,"height":297},{"@type":"BreadcrumbList","@id":"http:\/\/www.lrc50clr.com\/?page_id=1575#breadcrumb","itemListElement":[{"@type":"ListItem","position":1,"name":"Home","item":"http:\/\/www.lrc50clr.com\/?lang=en"},{"@type":"ListItem","position":2,"name":"\u00c0 Propos","item":"http:\/\/www.lrc50clr.com\/?page_id=851"},{"@type":"ListItem","position":3,"name":"Analytique"}]},{"@type":"WebSite","@id":"http:\/\/www.lrc50clr.com\/#website","url":"http:\/\/www.lrc50clr.com\/","name":"LRC50CLR","description":"Louis Riel Collegiate 50th\/e Coll\u00e8ge Louis Riel","potentialAction":[{"@type":"SearchAction","target":{"@type":"EntryPoint","urlTemplate":"http:\/\/www.lrc50clr.com\/?s={search_term_string}"},"query-input":{"@type":"PropertyValueSpecification","valueRequired":true,"valueName":"search_term_string"}}],"inLanguage":"en-CA"}]}},"_links":{"self":[{"href":"http:\/\/www.lrc50clr.com\/index.php?rest_route=\/wp\/v2\/pages\/1575","targetHints":{"allow":["GET"]}}],"collection":[{"href":"http:\/\/www.lrc50clr.com\/index.php?rest_route=\/wp\/v2\/pages"}],"about":[{"href":"http:\/\/www.lrc50clr.com\/index.php?rest_route=\/wp\/v2\/types\/page"}],"author":[{"embeddable":true,"href":"http:\/\/www.lrc50clr.com\/index.php?rest_route=\/wp\/v2\/users\/1"}],"replies":[{"embeddable":true,"href":"http:\/\/www.lrc50clr.com\/index.php?rest_route=%2Fwp%2Fv2%2Fcomments&post=1575"}],"version-history":[{"count":5,"href":"http:\/\/www.lrc50clr.com\/index.php?rest_route=\/wp\/v2\/pages\/1575\/revisions"}],"predecessor-version":[{"id":1947,"href":"http:\/\/www.lrc50clr.com\/index.php?rest_route=\/wp\/v2\/pages\/1575\/revisions\/1947"}],"up":[{"embeddable":true,"href":"http:\/\/www.lrc50clr.com\/index.php?rest_route=\/wp\/v2\/pages\/851"}],"wp:attachment":[{"href":"http:\/\/www.lrc50clr.com\/index.php?rest_route=%2Fwp%2Fv2%2Fmedia&parent=1575"}],"curies":[{"name":"wp","href":"https:\/\/api.w.org\/{rel}","templated":true}]}}