{"id":1557,"date":"2017-03-22T16:25:17","date_gmt":"2017-03-22T21:25:17","guid":{"rendered":"http:\/\/localhost\/?page_id=1557"},"modified":"2017-04-04T16:02:11","modified_gmt":"2017-04-04T21:02:11","slug":"j-the-delicious-hounds","status":"publish","type":"page","link":"http:\/\/www.lrc50clr.com\/?page_id=1557","title":{"rendered":"J &#038; The Delicious Hounds"},"content":{"rendered":"<p style=\"text-align: center;\"><span style=\"font-family: comic sans ms,sans-serif; font-size: 18pt;\"><strong>J &amp; The Delicious Hounds<\/strong><\/span><\/p>\n<p><span style=\"font-family: comic sans ms,sans-serif; font-size: 14pt;\"><strong>Band<a href=\"http:\/\/www.lrc50clr.com\/wp-content\/uploads\/2017\/03\/J-and-The-Delicious-Hounds_01.jpg\"><img loading=\"lazy\" decoding=\"async\" class=\"size-medium wp-image-1561 alignright\" src=\"http:\/\/www.lrc50clr.com\/wp-content\/uploads\/2017\/03\/J-and-The-Delicious-Hounds_01-300x200.jpg\" alt=\"J and The Delicious Hounds_01\" width=\"300\" height=\"200\" srcset=\"http:\/\/www.lrc50clr.com\/wp-content\/uploads\/2017\/03\/J-and-The-Delicious-Hounds_01-300x200.jpg 300w, http:\/\/www.lrc50clr.com\/wp-content\/uploads\/2017\/03\/J-and-The-Delicious-Hounds_01-768x512.jpg 768w, http:\/\/www.lrc50clr.com\/wp-content\/uploads\/2017\/03\/J-and-The-Delicious-Hounds_01-1024x683.jpg 1024w, http:\/\/www.lrc50clr.com\/wp-content\/uploads\/2017\/03\/J-and-The-Delicious-Hounds_01.jpg 1500w\" sizes=\"auto, (max-width: 300px) 100vw, 300px\" \/><\/a> Members<\/strong>: J\u00e9r\u00e9mie Br\u00e9mault, Serge Gu\u00e9nette, Ryan Toupin, Nelson Sprout, Diego Guzman, Fred Warner<\/span><\/p>\n<p><span style=\"font-family: comic sans ms,sans-serif; font-size: 14pt;\">Put simply, J\u00e9r\u00e9mie &amp; The Delicious Hounds are new-age fosterers of soul music. They are, however, bringing it with a twist. The band is from the old French quarter of St Boniface, Winnipeg, the largest <a href=\"http:\/\/www.lrc50clr.com\/wp-content\/uploads\/2017\/03\/J-and-The-Delicious-Hounds_02.jpg\"><img loading=\"lazy\" decoding=\"async\" class=\"size-medium wp-image-1562 alignleft\" src=\"http:\/\/www.lrc50clr.com\/wp-content\/uploads\/2017\/03\/J-and-The-Delicious-Hounds_02-300x168.jpg\" alt=\"J and The Delicious Hounds_02\" width=\"300\" height=\"168\" srcset=\"http:\/\/www.lrc50clr.com\/wp-content\/uploads\/2017\/03\/J-and-The-Delicious-Hounds_02-300x168.jpg 300w, http:\/\/www.lrc50clr.com\/wp-content\/uploads\/2017\/03\/J-and-The-Delicious-Hounds_02-768x430.jpg 768w, http:\/\/www.lrc50clr.com\/wp-content\/uploads\/2017\/03\/J-and-The-Delicious-Hounds_02.jpg 960w\" sizes=\"auto, (max-width: 300px) 100vw, 300px\" \/><\/a>French speaking population in Western Canada, and they are cementing their identity as bi-lingual artists with a unique double EP release: the self-titled English 4-song EP, and another 4-songs on their French EP, TITLE. J\u00e9r\u00e9mie Br\u00e9mault\u2019s smooth, smoky voice, and earnest stage presence wrings that authentic soul sound into the group\u2019s wide-ranging style. They call it the \u201cdelicious sound\u201d \u2013 say it fast enough and you\u2019ll hear where these crafty musicians get their name.<\/span><\/p>\n<p><span style=\"font-family: comic sans ms,sans-serif; font-size: 14pt;\">Manitoba\u2019s French media have been following J\u00e9r\u00e9mie since his emergence onto the music scene. With no prior performing experience, he won \u201cSt. Boniface Idol\u201d in 2013. Gathering around Jeremie\u2019s natural talent, he was able to hand pick his favorite musicians from the scene, and they have been buzzing ever since. After being featured on French Radio (Radio-Canada, Envol) and French newspaper (La Libert\u00e9), in 2016 they performed live on Radio at the French language musical gala \u201cLes D\u00e9couvertes\u201d, where they won the public\u2019s choice and a headlining slot at the 2017 Festival du Voyageur, Western Canada\u2019s largest winter festival. They performed for TV on two occasions: live with Shaw TV, and were also featured on UnisTV\u2019s national French television program \u201cUnis par le chant\u201d.<\/span><\/p>\n<p><span style=\"font-family: comic sans ms,sans-serif; font-size: 14pt;\">2017 has already seen the band begin to expand further on the national scale. They performed a bilinqual set at the City of Victoria\u2019s New Year\u2019s Eve Canada 150 celebration in front of thousands. Victoria\u2019s French radio station has already caught on and started playing their English EP in anticipation of the official release, April 15th, 2017. They have 2 national performances planned to promote the release \u2013 \u201cFestival Folk et Guitares d\u2019Aylmer\u201d in Gatineau, Qu\u00e9bec in June, and \u201cLa F\u00eate Fransaskoise\u201d in Saskatchewan in July. Monteal\u2019s \u201cSoci\u00e9t\u00e9 pour l\u2019avancement de la chanson d\u2019expression fran\u00e7aise (SACEF)\u201d have awarded J\u00e9r\u00e9mie with a slot in their program, \u201cDu Haut des Airs\u201d, in September 2017. The Hounds are excited to work towards a successful release with more performances around Canada and Manitoba in progress.<\/span><br \/>\n<iframe loading=\"lazy\" src=\"https:\/\/drive.google.com\/file\/d\/0B6fdSuDp8kgNaG9KN2E4Rnp5aUE\/preview\" width=\"640\" height=\"480\"><\/iframe><\/p>\n<p>&nbsp;<\/p>\n","protected":false},"excerpt":{"rendered":"<p>J &amp; The Delicious Hounds Band Members: J&eacute;r&eacute;mie Br&eacute;mault, Serge Gu&eacute;nette, Ryan Toupin, Nelson Sprout, Diego Guzman, Fred Warner Put simply, J&eacute;r&eacute;mie &amp; The Delicious Hounds are new-age fosterers of soul music. They are, however, bringing it with a twist. The band is from the old French quarter of St Boniface, Winnipeg, the largest French &hellip; <a href=\"http:\/\/www.lrc50clr.com\/?page_id=1557\" class=\"more-link\">Continue reading <span class=\"screen-reader-text\">J &#038; The Delicious Hounds<\/span> <span class=\"meta-nav\">&rarr;<\/span><\/a><\/p>\n","protected":false},"author":1,"featured_media":0,"parent":1470,"menu_order":0,"comment_status":"closed","ping_status":"closed","template":"","meta":{"footnotes":""},"class_list":["post-1557","page","type-page","status-publish","hentry"],"yoast_head":"<!-- This site is optimized with the Yoast SEO plugin v24.3 - https:\/\/yoast.com\/wordpress\/plugins\/seo\/ -->\r\n<title>J &amp; The Delicious Hounds - LRC50CLR<\/title>\r\n<meta name=\"robots\" content=\"noindex, follow, max-snippet:-1, max-image-preview:large, max-video-preview:-1\" \/>\r\n<meta property=\"og:locale\" content=\"en_US\" \/>\r\n<meta property=\"og:type\" content=\"article\" \/>\r\n<meta property=\"og:title\" content=\"J &amp; The Delicious Hounds - LRC50CLR\" \/>\r\n<meta property=\"og:description\" content=\"J &amp; The Delicious Hounds Band Members: J&eacute;r&eacute;mie Br&eacute;mault, Serge Gu&eacute;nette, Ryan Toupin, Nelson Sprout, Diego Guzman, Fred Warner Put simply, J&eacute;r&eacute;mie &amp; The Delicious Hounds are new-age fosterers of soul music. They are, however, bringing it with a twist. The band is from the old French quarter of St Boniface, Winnipeg, the largest French &hellip; Continue reading J &#038; The Delicious Hounds &rarr;\" \/>\r\n<meta property=\"og:url\" content=\"http:\/\/www.lrc50clr.com\/?page_id=1557\" \/>\r\n<meta property=\"og:site_name\" content=\"LRC50CLR\" \/>\r\n<meta property=\"article:modified_time\" content=\"2017-04-04T21:02:11+00:00\" \/>\r\n<meta property=\"og:image\" content=\"http:\/\/www.lrc50clr.com\/wp-content\/uploads\/2017\/03\/J-and-The-Delicious-Hounds_01-300x200.jpg\" \/>\r\n<meta name=\"twitter:card\" content=\"summary_large_image\" \/>\r\n<meta name=\"twitter:label1\" content=\"Est. reading time\" \/>\n\t<meta name=\"twitter:data1\" content=\"2 minutes\" \/>\r\n<script type=\"application\/ld+json\" class=\"yoast-schema-graph\">{\"@context\":\"https:\/\/schema.org\",\"@graph\":[{\"@type\":\"WebPage\",\"@id\":\"http:\/\/www.lrc50clr.com\/?page_id=1557\",\"url\":\"http:\/\/www.lrc50clr.com\/?page_id=1557\",\"name\":\"J & The Delicious Hounds - LRC50CLR\",\"isPartOf\":{\"@id\":\"http:\/\/www.lrc50clr.com\/#website\"},\"primaryImageOfPage\":{\"@id\":\"http:\/\/www.lrc50clr.com\/?page_id=1557#primaryimage\"},\"image\":{\"@id\":\"http:\/\/www.lrc50clr.com\/?page_id=1557#primaryimage\"},\"thumbnailUrl\":\"http:\/\/www.lrc50clr.com\/wp-content\/uploads\/2017\/03\/J-and-The-Delicious-Hounds_01-300x200.jpg\",\"datePublished\":\"2017-03-22T21:25:17+00:00\",\"dateModified\":\"2017-04-04T21:02:11+00:00\",\"breadcrumb\":{\"@id\":\"http:\/\/www.lrc50clr.com\/?page_id=1557#breadcrumb\"},\"inLanguage\":\"en-CA\",\"potentialAction\":[{\"@type\":\"ReadAction\",\"target\":[\"http:\/\/www.lrc50clr.com\/?page_id=1557\"]}]},{\"@type\":\"ImageObject\",\"inLanguage\":\"en-CA\",\"@id\":\"http:\/\/www.lrc50clr.com\/?page_id=1557#primaryimage\",\"url\":\"http:\/\/www.lrc50clr.com\/wp-content\/uploads\/2017\/03\/J-and-The-Delicious-Hounds_01.jpg\",\"contentUrl\":\"http:\/\/www.lrc50clr.com\/wp-content\/uploads\/2017\/03\/J-and-The-Delicious-Hounds_01.jpg\",\"width\":1500,\"height\":1000},{\"@type\":\"BreadcrumbList\",\"@id\":\"http:\/\/www.lrc50clr.com\/?page_id=1557#breadcrumb\",\"itemListElement\":[{\"@type\":\"ListItem\",\"position\":1,\"name\":\"Home\",\"item\":\"http:\/\/www.lrc50clr.com\/?lang=en\"},{\"@type\":\"ListItem\",\"position\":2,\"name\":\"Variety Show\",\"item\":\"http:\/\/www.lrc50clr.com\/?page_id=1470\"},{\"@type\":\"ListItem\",\"position\":3,\"name\":\"J &#038; The Delicious Hounds\"}]},{\"@type\":\"WebSite\",\"@id\":\"http:\/\/www.lrc50clr.com\/#website\",\"url\":\"http:\/\/www.lrc50clr.com\/\",\"name\":\"LRC50CLR\",\"description\":\"Louis Riel Collegiate 50th\/e Coll\u00e8ge Louis Riel\",\"potentialAction\":[{\"@type\":\"SearchAction\",\"target\":{\"@type\":\"EntryPoint\",\"urlTemplate\":\"http:\/\/www.lrc50clr.com\/?s={search_term_string}\"},\"query-input\":{\"@type\":\"PropertyValueSpecification\",\"valueRequired\":true,\"valueName\":\"search_term_string\"}}],\"inLanguage\":\"en-CA\"}]}<\/script>\r\n<!-- \/ Yoast SEO plugin. -->","yoast_head_json":{"title":"J & The Delicious Hounds - LRC50CLR","robots":{"index":"noindex","follow":"follow","max-snippet":"max-snippet:-1","max-image-preview":"max-image-preview:large","max-video-preview":"max-video-preview:-1"},"og_locale":"en_US","og_type":"article","og_title":"J & The Delicious Hounds - LRC50CLR","og_description":"J &amp; The Delicious Hounds Band Members: J&eacute;r&eacute;mie Br&eacute;mault, Serge Gu&eacute;nette, Ryan Toupin, Nelson Sprout, Diego Guzman, Fred Warner Put simply, J&eacute;r&eacute;mie &amp; The Delicious Hounds are new-age fosterers of soul music. They are, however, bringing it with a twist. The band is from the old French quarter of St Boniface, Winnipeg, the largest French &hellip; Continue reading J &#038; The Delicious Hounds &rarr;","og_url":"http:\/\/www.lrc50clr.com\/?page_id=1557","og_site_name":"LRC50CLR","article_modified_time":"2017-04-04T21:02:11+00:00","og_image":[{"url":"http:\/\/www.lrc50clr.com\/wp-content\/uploads\/2017\/03\/J-and-The-Delicious-Hounds_01-300x200.jpg","type":"","width":"","height":""}],"twitter_card":"summary_large_image","twitter_misc":{"Est. reading time":"2 minutes"},"schema":{"@context":"https:\/\/schema.org","@graph":[{"@type":"WebPage","@id":"http:\/\/www.lrc50clr.com\/?page_id=1557","url":"http:\/\/www.lrc50clr.com\/?page_id=1557","name":"J & The Delicious Hounds - LRC50CLR","isPartOf":{"@id":"http:\/\/www.lrc50clr.com\/#website"},"primaryImageOfPage":{"@id":"http:\/\/www.lrc50clr.com\/?page_id=1557#primaryimage"},"image":{"@id":"http:\/\/www.lrc50clr.com\/?page_id=1557#primaryimage"},"thumbnailUrl":"http:\/\/www.lrc50clr.com\/wp-content\/uploads\/2017\/03\/J-and-The-Delicious-Hounds_01-300x200.jpg","datePublished":"2017-03-22T21:25:17+00:00","dateModified":"2017-04-04T21:02:11+00:00","breadcrumb":{"@id":"http:\/\/www.lrc50clr.com\/?page_id=1557#breadcrumb"},"inLanguage":"en-CA","potentialAction":[{"@type":"ReadAction","target":["http:\/\/www.lrc50clr.com\/?page_id=1557"]}]},{"@type":"ImageObject","inLanguage":"en-CA","@id":"http:\/\/www.lrc50clr.com\/?page_id=1557#primaryimage","url":"http:\/\/www.lrc50clr.com\/wp-content\/uploads\/2017\/03\/J-and-The-Delicious-Hounds_01.jpg","contentUrl":"http:\/\/www.lrc50clr.com\/wp-content\/uploads\/2017\/03\/J-and-The-Delicious-Hounds_01.jpg","width":1500,"height":1000},{"@type":"BreadcrumbList","@id":"http:\/\/www.lrc50clr.com\/?page_id=1557#breadcrumb","itemListElement":[{"@type":"ListItem","position":1,"name":"Home","item":"http:\/\/www.lrc50clr.com\/?lang=en"},{"@type":"ListItem","position":2,"name":"Variety Show","item":"http:\/\/www.lrc50clr.com\/?page_id=1470"},{"@type":"ListItem","position":3,"name":"J &#038; The Delicious Hounds"}]},{"@type":"WebSite","@id":"http:\/\/www.lrc50clr.com\/#website","url":"http:\/\/www.lrc50clr.com\/","name":"LRC50CLR","description":"Louis Riel Collegiate 50th\/e Coll\u00e8ge Louis Riel","potentialAction":[{"@type":"SearchAction","target":{"@type":"EntryPoint","urlTemplate":"http:\/\/www.lrc50clr.com\/?s={search_term_string}"},"query-input":{"@type":"PropertyValueSpecification","valueRequired":true,"valueName":"search_term_string"}}],"inLanguage":"en-CA"}]}},"_links":{"self":[{"href":"http:\/\/www.lrc50clr.com\/index.php?rest_route=\/wp\/v2\/pages\/1557","targetHints":{"allow":["GET"]}}],"collection":[{"href":"http:\/\/www.lrc50clr.com\/index.php?rest_route=\/wp\/v2\/pages"}],"about":[{"href":"http:\/\/www.lrc50clr.com\/index.php?rest_route=\/wp\/v2\/types\/page"}],"author":[{"embeddable":true,"href":"http:\/\/www.lrc50clr.com\/index.php?rest_route=\/wp\/v2\/users\/1"}],"replies":[{"embeddable":true,"href":"http:\/\/www.lrc50clr.com\/index.php?rest_route=%2Fwp%2Fv2%2Fcomments&post=1557"}],"version-history":[{"count":5,"href":"http:\/\/www.lrc50clr.com\/index.php?rest_route=\/wp\/v2\/pages\/1557\/revisions"}],"predecessor-version":[{"id":1672,"href":"http:\/\/www.lrc50clr.com\/index.php?rest_route=\/wp\/v2\/pages\/1557\/revisions\/1672"}],"up":[{"embeddable":true,"href":"http:\/\/www.lrc50clr.com\/index.php?rest_route=\/wp\/v2\/pages\/1470"}],"wp:attachment":[{"href":"http:\/\/www.lrc50clr.com\/index.php?rest_route=%2Fwp%2Fv2%2Fmedia&parent=1557"}],"curies":[{"name":"wp","href":"https:\/\/api.w.org\/{rel}","templated":true}]}}