{"id":1287,"date":"2016-12-27T14:16:53","date_gmt":"2016-12-27T20:16:53","guid":{"rendered":"http:\/\/localhost\/?page_id=1287"},"modified":"2017-03-24T16:37:11","modified_gmt":"2017-03-24T21:37:11","slug":"comite-danniversaire","status":"publish","type":"page","link":"http:\/\/www.lrc50clr.com\/?page_id=1287","title":{"rendered":"Comit\u00e9 d\u2019anniversaire"},"content":{"rendered":"<h2 style=\"text-align: center;\"><u>LRC\/CLR50\u00a0 Comit\u00e9 d\u2019anniversaire<br \/>\n<\/u><\/h2>\n<h5><u>Co-pr\u00e9sidents<\/u><\/h5>\n<h5 style=\"padding-left: 30px;\">Pierre Barnab\u00e9<\/h5>\n<h5 style=\"padding-left: 30px;\">Jean Petit<\/h5>\n<h5 style=\"padding-left: 30px;\">Conrad Wyrzykowski<\/h5>\n<h5><u>Tr\u00e9sori\u00e8re<\/u><\/h5>\n<h5 style=\"padding-left: 30px;\">Lynn Martin<\/h5>\n<h5><u>Soir\u00e9e rencontre du vendredi soir<\/u><\/h5>\n<h5 style=\"padding-left: 30px;\">Responsable \u2013 Gilles Ouellette<\/h5>\n<h5 style=\"padding-left: 30px;\">Ray Cloutier<\/h5>\n<h5 style=\"padding-left: 30px;\">L\u00e9o D\u00e9gagn\u00e9<\/h5>\n<h5 style=\"padding-left: 30px;\">Claudette Dorge<\/h5>\n<h5 style=\"padding-left: 30px;\">Maxine Gaudet<\/h5>\n<h5 style=\"padding-left: 30px;\">Joanne Gaborieau<\/h5>\n<h5 style=\"padding-left: 30px;\">Ken Woodley<\/h5>\n<h5><u>Soir\u00e9e sociale du samedi soir<\/u><\/h5>\n<h5 style=\"padding-left: 30px;\">Gis\u00e8le Petit<\/h5>\n<h5 style=\"padding-left: 30px;\">Suzanne Richard<\/h5>\n<h5 style=\"padding-left: 30px;\">Anita Ritchot<\/h5>\n<h5 style=\"padding-left: 30px;\">Anne-Marie Thibert<\/h5>\n<h5><u>Bo\u00eete \u00e0 chansons du samedi soir<\/u><\/h5>\n<h5 style=\"padding-left: 30px;\">Leader\/Responsable \u2013 Gerry Boh\u00e9mier<\/h5>\n<h5 style=\"padding-left: 30px;\">L\u00e9o Dufault<\/h5>\n<h5 style=\"padding-left: 30px;\">Joanne Cormier<\/h5>\n<h5><u>TI \/ Site Web<\/u><\/h5>\n<h5 style=\"padding-left: 30px;\">Leader\/Responsable \u2013 Guy Barnab\u00e9<\/h5>\n<h5 style=\"padding-left: 30px;\">Susan Barnab\u00e9<\/h5>\n<h5><u>Items-souvenirs<\/u><\/h5>\n<h5 style=\"padding-left: 30px;\">Responsable \u2013 Gerry Noonan<\/h5>\n<h5 style=\"padding-left: 30px;\">Lynne Ducharme (\u00c9tiquettes ID &amp; Contact t\u00e9l\u00e9phonique)<\/h5>\n<h5 style=\"padding-left: 30px;\">Murray Grafton<\/h5>\n<h5 style=\"padding-left: 30px;\">Jackey Labossi\u00e8re<\/h5>\n<h5 style=\"padding-left: 30px;\">No\u00ebl Martin (Affiche de comm\u00e9moration)<\/h5>\n<h5 style=\"padding-left: 30px;\">Shelly Noonan<\/h5>\n<h5 style=\"padding-left: 30px;\">Wendy Robinson<\/h5>\n<h5><u>Enregistrement<\/u><\/h5>\n<h5 style=\"padding-left: 30px;\">Mandy Barrott<\/h5>\n<h5 style=\"padding-left: 30px;\">Jean Petit<\/h5>\n<h5><u>R\u00e9pertoire de volontaires<\/u><\/h5>\n<h5 style=\"padding-left: 30px;\">Responsable \u2013 Roger Laurin<\/h5>\n<h5><u>Membres associ\u00e9s<\/u><\/h5>\n<h5 style=\"padding-left: 30px;\">Michel Marion<\/h5>\n<h5 style=\"padding-left: 30px;\">L\u00e9ona Troia (Phone contact\/Contact t\u00e9l\u00e9phonique)<\/h5>\n<h5><u>Current school principal\/Directeur d\u2019\u00e9cole actuel<\/u><\/h5>\n<h5 style=\"padding-left: 30px;\">Marc Roy<\/h5>\n<h5><u>Event\/Sponsorship Coordinator\/Coordinatrice des \u00e9v\u00e8nements et du parrainage <\/u><\/h5>\n<h5 style=\"padding-left: 30px;\">Brenda Bourns \u2013 Event Strategy Productions<\/h5>\n<h5><\/h5>\n<p>&nbsp;<\/p>\n","protected":false},"excerpt":{"rendered":"<p>LRC\/CLR50&nbsp; Comit&eacute; d&rsquo;anniversaire Co-pr&eacute;sidents Pierre Barnab&eacute; Jean Petit Conrad Wyrzykowski Tr&eacute;sori&egrave;re Lynn Martin Soir&eacute;e rencontre du vendredi soir Responsable &ndash; Gilles Ouellette Ray Cloutier L&eacute;o D&eacute;gagn&eacute; Claudette Dorge Maxine Gaudet Joanne Gaborieau Ken Woodley Soir&eacute;e sociale du samedi soir Gis&egrave;le Petit Suzanne Richard Anita Ritchot Anne-Marie Thibert Bo&icirc;te &agrave; chansons du samedi soir Leader\/Responsable &ndash; &hellip; <a href=\"http:\/\/www.lrc50clr.com\/?page_id=1287\" class=\"more-link\">Continue reading <span class=\"screen-reader-text\">Comit\u00e9 d\u2019anniversaire<\/span> <span class=\"meta-nav\">&rarr;<\/span><\/a><\/p>\n","protected":false},"author":1,"featured_media":0,"parent":851,"menu_order":50,"comment_status":"closed","ping_status":"closed","template":"","meta":{"footnotes":""},"class_list":["post-1287","page","type-page","status-publish","hentry"],"yoast_head":"<!-- This site is optimized with the Yoast SEO plugin v24.3 - https:\/\/yoast.com\/wordpress\/plugins\/seo\/ -->\r\n<title>Comit\u00e9 d\u2019anniversaire - LRC50CLR<\/title>\r\n<meta name=\"robots\" content=\"noindex, follow, max-snippet:-1, max-image-preview:large, max-video-preview:-1\" \/>\r\n<meta property=\"og:locale\" content=\"en_US\" \/>\r\n<meta property=\"og:type\" content=\"article\" \/>\r\n<meta property=\"og:title\" content=\"Comit\u00e9 d\u2019anniversaire - LRC50CLR\" \/>\r\n<meta property=\"og:description\" content=\"LRC\/CLR50&nbsp; Comit&eacute; d&rsquo;anniversaire Co-pr&eacute;sidents Pierre Barnab&eacute; Jean Petit Conrad Wyrzykowski Tr&eacute;sori&egrave;re Lynn Martin Soir&eacute;e rencontre du vendredi soir Responsable &ndash; Gilles Ouellette Ray Cloutier L&eacute;o D&eacute;gagn&eacute; Claudette Dorge Maxine Gaudet Joanne Gaborieau Ken Woodley Soir&eacute;e sociale du samedi soir Gis&egrave;le Petit Suzanne Richard Anita Ritchot Anne-Marie Thibert Bo&icirc;te &agrave; chansons du samedi soir Leader\/Responsable &ndash; &hellip; Continue reading Comit\u00e9 d\u2019anniversaire &rarr;\" \/>\r\n<meta property=\"og:url\" content=\"http:\/\/www.lrc50clr.com\/?page_id=1287\" \/>\r\n<meta property=\"og:site_name\" content=\"LRC50CLR\" \/>\r\n<meta property=\"article:modified_time\" content=\"2017-03-24T21:37:11+00:00\" \/>\r\n<meta name=\"twitter:card\" content=\"summary_large_image\" \/>\r\n<meta name=\"twitter:label1\" content=\"Est. reading time\" \/>\n\t<meta name=\"twitter:data1\" content=\"1 minute\" \/>\r\n<script type=\"application\/ld+json\" class=\"yoast-schema-graph\">{\"@context\":\"https:\/\/schema.org\",\"@graph\":[{\"@type\":\"WebPage\",\"@id\":\"http:\/\/www.lrc50clr.com\/?page_id=1287\",\"url\":\"http:\/\/www.lrc50clr.com\/?page_id=1287\",\"name\":\"Comit\u00e9 d\u2019anniversaire - LRC50CLR\",\"isPartOf\":{\"@id\":\"http:\/\/www.lrc50clr.com\/#website\"},\"datePublished\":\"2016-12-27T20:16:53+00:00\",\"dateModified\":\"2017-03-24T21:37:11+00:00\",\"breadcrumb\":{\"@id\":\"http:\/\/www.lrc50clr.com\/?page_id=1287#breadcrumb\"},\"inLanguage\":\"en-CA\",\"potentialAction\":[{\"@type\":\"ReadAction\",\"target\":[\"http:\/\/www.lrc50clr.com\/?page_id=1287\"]}]},{\"@type\":\"BreadcrumbList\",\"@id\":\"http:\/\/www.lrc50clr.com\/?page_id=1287#breadcrumb\",\"itemListElement\":[{\"@type\":\"ListItem\",\"position\":1,\"name\":\"Home\",\"item\":\"http:\/\/www.lrc50clr.com\/?lang=en\"},{\"@type\":\"ListItem\",\"position\":2,\"name\":\"\u00c0 Propos\",\"item\":\"http:\/\/www.lrc50clr.com\/?page_id=851\"},{\"@type\":\"ListItem\",\"position\":3,\"name\":\"Comit\u00e9 d\u2019anniversaire\"}]},{\"@type\":\"WebSite\",\"@id\":\"http:\/\/www.lrc50clr.com\/#website\",\"url\":\"http:\/\/www.lrc50clr.com\/\",\"name\":\"LRC50CLR\",\"description\":\"Louis Riel Collegiate 50th\/e Coll\u00e8ge Louis Riel\",\"potentialAction\":[{\"@type\":\"SearchAction\",\"target\":{\"@type\":\"EntryPoint\",\"urlTemplate\":\"http:\/\/www.lrc50clr.com\/?s={search_term_string}\"},\"query-input\":{\"@type\":\"PropertyValueSpecification\",\"valueRequired\":true,\"valueName\":\"search_term_string\"}}],\"inLanguage\":\"en-CA\"}]}<\/script>\r\n<!-- \/ Yoast SEO plugin. -->","yoast_head_json":{"title":"Comit\u00e9 d\u2019anniversaire - LRC50CLR","robots":{"index":"noindex","follow":"follow","max-snippet":"max-snippet:-1","max-image-preview":"max-image-preview:large","max-video-preview":"max-video-preview:-1"},"og_locale":"en_US","og_type":"article","og_title":"Comit\u00e9 d\u2019anniversaire - LRC50CLR","og_description":"LRC\/CLR50&nbsp; Comit&eacute; d&rsquo;anniversaire Co-pr&eacute;sidents Pierre Barnab&eacute; Jean Petit Conrad Wyrzykowski Tr&eacute;sori&egrave;re Lynn Martin Soir&eacute;e rencontre du vendredi soir Responsable &ndash; Gilles Ouellette Ray Cloutier L&eacute;o D&eacute;gagn&eacute; Claudette Dorge Maxine Gaudet Joanne Gaborieau Ken Woodley Soir&eacute;e sociale du samedi soir Gis&egrave;le Petit Suzanne Richard Anita Ritchot Anne-Marie Thibert Bo&icirc;te &agrave; chansons du samedi soir Leader\/Responsable &ndash; &hellip; Continue reading Comit\u00e9 d\u2019anniversaire &rarr;","og_url":"http:\/\/www.lrc50clr.com\/?page_id=1287","og_site_name":"LRC50CLR","article_modified_time":"2017-03-24T21:37:11+00:00","twitter_card":"summary_large_image","twitter_misc":{"Est. reading time":"1 minute"},"schema":{"@context":"https:\/\/schema.org","@graph":[{"@type":"WebPage","@id":"http:\/\/www.lrc50clr.com\/?page_id=1287","url":"http:\/\/www.lrc50clr.com\/?page_id=1287","name":"Comit\u00e9 d\u2019anniversaire - LRC50CLR","isPartOf":{"@id":"http:\/\/www.lrc50clr.com\/#website"},"datePublished":"2016-12-27T20:16:53+00:00","dateModified":"2017-03-24T21:37:11+00:00","breadcrumb":{"@id":"http:\/\/www.lrc50clr.com\/?page_id=1287#breadcrumb"},"inLanguage":"en-CA","potentialAction":[{"@type":"ReadAction","target":["http:\/\/www.lrc50clr.com\/?page_id=1287"]}]},{"@type":"BreadcrumbList","@id":"http:\/\/www.lrc50clr.com\/?page_id=1287#breadcrumb","itemListElement":[{"@type":"ListItem","position":1,"name":"Home","item":"http:\/\/www.lrc50clr.com\/?lang=en"},{"@type":"ListItem","position":2,"name":"\u00c0 Propos","item":"http:\/\/www.lrc50clr.com\/?page_id=851"},{"@type":"ListItem","position":3,"name":"Comit\u00e9 d\u2019anniversaire"}]},{"@type":"WebSite","@id":"http:\/\/www.lrc50clr.com\/#website","url":"http:\/\/www.lrc50clr.com\/","name":"LRC50CLR","description":"Louis Riel Collegiate 50th\/e Coll\u00e8ge Louis Riel","potentialAction":[{"@type":"SearchAction","target":{"@type":"EntryPoint","urlTemplate":"http:\/\/www.lrc50clr.com\/?s={search_term_string}"},"query-input":{"@type":"PropertyValueSpecification","valueRequired":true,"valueName":"search_term_string"}}],"inLanguage":"en-CA"}]}},"_links":{"self":[{"href":"http:\/\/www.lrc50clr.com\/index.php?rest_route=\/wp\/v2\/pages\/1287","targetHints":{"allow":["GET"]}}],"collection":[{"href":"http:\/\/www.lrc50clr.com\/index.php?rest_route=\/wp\/v2\/pages"}],"about":[{"href":"http:\/\/www.lrc50clr.com\/index.php?rest_route=\/wp\/v2\/types\/page"}],"author":[{"embeddable":true,"href":"http:\/\/www.lrc50clr.com\/index.php?rest_route=\/wp\/v2\/users\/1"}],"replies":[{"embeddable":true,"href":"http:\/\/www.lrc50clr.com\/index.php?rest_route=%2Fwp%2Fv2%2Fcomments&post=1287"}],"version-history":[{"count":4,"href":"http:\/\/www.lrc50clr.com\/index.php?rest_route=\/wp\/v2\/pages\/1287\/revisions"}],"predecessor-version":[{"id":1595,"href":"http:\/\/www.lrc50clr.com\/index.php?rest_route=\/wp\/v2\/pages\/1287\/revisions\/1595"}],"up":[{"embeddable":true,"href":"http:\/\/www.lrc50clr.com\/index.php?rest_route=\/wp\/v2\/pages\/851"}],"wp:attachment":[{"href":"http:\/\/www.lrc50clr.com\/index.php?rest_route=%2Fwp%2Fv2%2Fmedia&parent=1287"}],"curies":[{"name":"wp","href":"https:\/\/api.w.org\/{rel}","templated":true}]}}