{"id":1281,"date":"2016-12-27T13:57:16","date_gmt":"2016-12-27T19:57:16","guid":{"rendered":"http:\/\/localhost\/?page_id=1281"},"modified":"2017-03-24T16:36:40","modified_gmt":"2017-03-24T21:36:40","slug":"anniversary-committee","status":"publish","type":"page","link":"http:\/\/www.lrc50clr.com\/?page_id=1281","title":{"rendered":"Anniversary Committee"},"content":{"rendered":"<h2 style=\"text-align: center;\"><u>LRC\/CLR50\u00a0 Anniversary Committee<br \/>\n<\/u><\/h2>\n<h5><u>Co-Chairs<\/u><\/h5>\n<h5 style=\"padding-left: 30px;\">Pierre Barnab\u00e9<\/h5>\n<h5 style=\"padding-left: 30px;\">Jean Petit<\/h5>\n<h5 style=\"padding-left: 30px;\">Conrad Wyrzykowski<\/h5>\n<h5><u>Treasurer<\/u><\/h5>\n<h5 style=\"padding-left: 30px;\">Lynn Martin<\/h5>\n<h5><u>Friday Night Meet &amp; Greet<\/u><\/h5>\n<h5 style=\"padding-left: 30px;\">Leader \u2013 Gilles Ouellette<\/h5>\n<h5 style=\"padding-left: 30px;\">Ray Cloutier<\/h5>\n<h5 style=\"padding-left: 30px;\">L\u00e9o D\u00e9gagn\u00e9<\/h5>\n<h5 style=\"padding-left: 30px;\">Claudette Dorge<\/h5>\n<h5 style=\"padding-left: 30px;\">Maxine Gaudet<\/h5>\n<h5 style=\"padding-left: 30px;\">Joanne Gaborieau<\/h5>\n<h5 style=\"padding-left: 30px;\">Ken Woodley<\/h5>\n<h5><u>Saturday Social<\/u><\/h5>\n<h5 style=\"padding-left: 30px;\">Gis\u00e8le Petit<\/h5>\n<h5 style=\"padding-left: 30px;\">Suzanne Richard<\/h5>\n<h5 style=\"padding-left: 30px;\">Anita Ritchot<\/h5>\n<h5 style=\"padding-left: 30px;\">Anne-Marie Thibert<\/h5>\n<h5><u>Saturday Variety Show\/Bo\u00eete \u00e0 chansons du samedi soir<\/u><\/h5>\n<h5 style=\"padding-left: 30px;\">Leader\u2013 Gerry Boh\u00e9mier<\/h5>\n<h5 style=\"padding-left: 30px;\">L\u00e9o Dufault<\/h5>\n<h5 style=\"padding-left: 30px;\">Joanne Cormier<\/h5>\n<h5><u>IT \/ Website<\/u><\/h5>\n<h5 style=\"padding-left: 30px;\">Leader \u2013 Guy Barnab\u00e9<\/h5>\n<h5 style=\"padding-left: 30px;\">Susan Barnab\u00e9<\/h5>\n<h5><u>Memorabilia<\/u><u>\/Items-souvenirs<\/u><\/h5>\n<h5 style=\"padding-left: 30px;\">Leader\u2013 Gerry Noonan<\/h5>\n<h5 style=\"padding-left: 30px;\">Lynne Ducharme (ID tags &amp; Phone contact)<\/h5>\n<h5 style=\"padding-left: 30px;\">Murray Grafton<\/h5>\n<h5 style=\"padding-left: 30px;\">Jackey Labossi\u00e8re<\/h5>\n<h5 style=\"padding-left: 30px;\">No\u00ebl Martin (In Memoriam display)<\/h5>\n<h5 style=\"padding-left: 30px;\">Shelly Noonan<\/h5>\n<h5 style=\"padding-left: 30px;\">Wendy Robinson<\/h5>\n<h5><u>Registration<\/u><\/h5>\n<h5 style=\"padding-left: 30px;\">Mandy Barrott<\/h5>\n<h5 style=\"padding-left: 30px;\">Jean Petit<\/h5>\n<h5><u>Volunteer Bank<\/u><\/h5>\n<h5 style=\"padding-left: 30px;\">Leader\u2013 Roger Laurin<\/h5>\n<h5><u>Members at large<\/u><\/h5>\n<h5 style=\"padding-left: 30px;\">Michel Marion<\/h5>\n<h5 style=\"padding-left: 30px;\">L\u00e9ona Troia (Phone contact)<\/h5>\n<h5><u>Current school principal<\/u><\/h5>\n<h5 style=\"padding-left: 30px;\">Marc Roy<\/h5>\n<h5><u>Event\/Sponsorship Coordinator<\/u><\/h5>\n<h5 style=\"padding-left: 30px;\">Brenda Bourns \u2013 Event Strategy Productions<\/h5>\n<p>&nbsp;<\/p>\n","protected":false},"excerpt":{"rendered":"<p>LRC\/CLR50&nbsp; Anniversary Committee Co-Chairs Pierre Barnab&eacute; Jean Petit Conrad Wyrzykowski Treasurer Lynn Martin Friday Night Meet &amp; Greet Leader &ndash; Gilles Ouellette Ray Cloutier L&eacute;o D&eacute;gagn&eacute; Claudette Dorge Maxine Gaudet Joanne Gaborieau Ken Woodley Saturday Social Gis&egrave;le Petit Suzanne Richard Anita Ritchot Anne-Marie Thibert Saturday Variety Show\/Bo&icirc;te &agrave; chansons du samedi soir Leader&ndash; Gerry Boh&eacute;mier &hellip; <a href=\"http:\/\/www.lrc50clr.com\/?page_id=1281\" class=\"more-link\">Continue reading <span class=\"screen-reader-text\">Anniversary Committee<\/span> <span class=\"meta-nav\">&rarr;<\/span><\/a><\/p>\n","protected":false},"author":1,"featured_media":0,"parent":63,"menu_order":50,"comment_status":"closed","ping_status":"closed","template":"","meta":{"footnotes":""},"class_list":["post-1281","page","type-page","status-publish","hentry"],"yoast_head":"<!-- This site is optimized with the Yoast SEO plugin v24.3 - https:\/\/yoast.com\/wordpress\/plugins\/seo\/ -->\r\n<title>Anniversary Committee - LRC50CLR<\/title>\r\n<meta name=\"robots\" content=\"noindex, follow, max-snippet:-1, max-image-preview:large, max-video-preview:-1\" \/>\r\n<meta property=\"og:locale\" content=\"en_US\" \/>\r\n<meta property=\"og:type\" content=\"article\" \/>\r\n<meta property=\"og:title\" content=\"Anniversary Committee - LRC50CLR\" \/>\r\n<meta property=\"og:description\" content=\"LRC\/CLR50&nbsp; Anniversary Committee Co-Chairs Pierre Barnab&eacute; Jean Petit Conrad Wyrzykowski Treasurer Lynn Martin Friday Night Meet &amp; Greet Leader &ndash; Gilles Ouellette Ray Cloutier L&eacute;o D&eacute;gagn&eacute; Claudette Dorge Maxine Gaudet Joanne Gaborieau Ken Woodley Saturday Social Gis&egrave;le Petit Suzanne Richard Anita Ritchot Anne-Marie Thibert Saturday Variety Show\/Bo&icirc;te &agrave; chansons du samedi soir Leader&ndash; Gerry Boh&eacute;mier &hellip; Continue reading Anniversary Committee &rarr;\" \/>\r\n<meta property=\"og:url\" content=\"http:\/\/www.lrc50clr.com\/?page_id=1281\" \/>\r\n<meta property=\"og:site_name\" content=\"LRC50CLR\" \/>\r\n<meta property=\"article:modified_time\" content=\"2017-03-24T21:36:40+00:00\" \/>\r\n<meta name=\"twitter:card\" content=\"summary_large_image\" \/>\r\n<meta name=\"twitter:label1\" content=\"Est. reading time\" \/>\n\t<meta name=\"twitter:data1\" content=\"1 minute\" \/>\r\n<script type=\"application\/ld+json\" class=\"yoast-schema-graph\">{\"@context\":\"https:\/\/schema.org\",\"@graph\":[{\"@type\":\"WebPage\",\"@id\":\"http:\/\/www.lrc50clr.com\/?page_id=1281\",\"url\":\"http:\/\/www.lrc50clr.com\/?page_id=1281\",\"name\":\"Anniversary Committee - LRC50CLR\",\"isPartOf\":{\"@id\":\"http:\/\/www.lrc50clr.com\/#website\"},\"datePublished\":\"2016-12-27T19:57:16+00:00\",\"dateModified\":\"2017-03-24T21:36:40+00:00\",\"breadcrumb\":{\"@id\":\"http:\/\/www.lrc50clr.com\/?page_id=1281#breadcrumb\"},\"inLanguage\":\"en-CA\",\"potentialAction\":[{\"@type\":\"ReadAction\",\"target\":[\"http:\/\/www.lrc50clr.com\/?page_id=1281\"]}]},{\"@type\":\"BreadcrumbList\",\"@id\":\"http:\/\/www.lrc50clr.com\/?page_id=1281#breadcrumb\",\"itemListElement\":[{\"@type\":\"ListItem\",\"position\":1,\"name\":\"Home\",\"item\":\"http:\/\/www.lrc50clr.com\/?lang=en\"},{\"@type\":\"ListItem\",\"position\":2,\"name\":\"About\",\"item\":\"http:\/\/www.lrc50clr.com\/?page_id=63\"},{\"@type\":\"ListItem\",\"position\":3,\"name\":\"Anniversary Committee\"}]},{\"@type\":\"WebSite\",\"@id\":\"http:\/\/www.lrc50clr.com\/#website\",\"url\":\"http:\/\/www.lrc50clr.com\/\",\"name\":\"LRC50CLR\",\"description\":\"Louis Riel Collegiate 50th\/e Coll\u00e8ge Louis Riel\",\"potentialAction\":[{\"@type\":\"SearchAction\",\"target\":{\"@type\":\"EntryPoint\",\"urlTemplate\":\"http:\/\/www.lrc50clr.com\/?s={search_term_string}\"},\"query-input\":{\"@type\":\"PropertyValueSpecification\",\"valueRequired\":true,\"valueName\":\"search_term_string\"}}],\"inLanguage\":\"en-CA\"}]}<\/script>\r\n<!-- \/ Yoast SEO plugin. -->","yoast_head_json":{"title":"Anniversary Committee - LRC50CLR","robots":{"index":"noindex","follow":"follow","max-snippet":"max-snippet:-1","max-image-preview":"max-image-preview:large","max-video-preview":"max-video-preview:-1"},"og_locale":"en_US","og_type":"article","og_title":"Anniversary Committee - LRC50CLR","og_description":"LRC\/CLR50&nbsp; Anniversary Committee Co-Chairs Pierre Barnab&eacute; Jean Petit Conrad Wyrzykowski Treasurer Lynn Martin Friday Night Meet &amp; Greet Leader &ndash; Gilles Ouellette Ray Cloutier L&eacute;o D&eacute;gagn&eacute; Claudette Dorge Maxine Gaudet Joanne Gaborieau Ken Woodley Saturday Social Gis&egrave;le Petit Suzanne Richard Anita Ritchot Anne-Marie Thibert Saturday Variety Show\/Bo&icirc;te &agrave; chansons du samedi soir Leader&ndash; Gerry Boh&eacute;mier &hellip; Continue reading Anniversary Committee &rarr;","og_url":"http:\/\/www.lrc50clr.com\/?page_id=1281","og_site_name":"LRC50CLR","article_modified_time":"2017-03-24T21:36:40+00:00","twitter_card":"summary_large_image","twitter_misc":{"Est. reading time":"1 minute"},"schema":{"@context":"https:\/\/schema.org","@graph":[{"@type":"WebPage","@id":"http:\/\/www.lrc50clr.com\/?page_id=1281","url":"http:\/\/www.lrc50clr.com\/?page_id=1281","name":"Anniversary Committee - LRC50CLR","isPartOf":{"@id":"http:\/\/www.lrc50clr.com\/#website"},"datePublished":"2016-12-27T19:57:16+00:00","dateModified":"2017-03-24T21:36:40+00:00","breadcrumb":{"@id":"http:\/\/www.lrc50clr.com\/?page_id=1281#breadcrumb"},"inLanguage":"en-CA","potentialAction":[{"@type":"ReadAction","target":["http:\/\/www.lrc50clr.com\/?page_id=1281"]}]},{"@type":"BreadcrumbList","@id":"http:\/\/www.lrc50clr.com\/?page_id=1281#breadcrumb","itemListElement":[{"@type":"ListItem","position":1,"name":"Home","item":"http:\/\/www.lrc50clr.com\/?lang=en"},{"@type":"ListItem","position":2,"name":"About","item":"http:\/\/www.lrc50clr.com\/?page_id=63"},{"@type":"ListItem","position":3,"name":"Anniversary Committee"}]},{"@type":"WebSite","@id":"http:\/\/www.lrc50clr.com\/#website","url":"http:\/\/www.lrc50clr.com\/","name":"LRC50CLR","description":"Louis Riel Collegiate 50th\/e Coll\u00e8ge Louis Riel","potentialAction":[{"@type":"SearchAction","target":{"@type":"EntryPoint","urlTemplate":"http:\/\/www.lrc50clr.com\/?s={search_term_string}"},"query-input":{"@type":"PropertyValueSpecification","valueRequired":true,"valueName":"search_term_string"}}],"inLanguage":"en-CA"}]}},"_links":{"self":[{"href":"http:\/\/www.lrc50clr.com\/index.php?rest_route=\/wp\/v2\/pages\/1281","targetHints":{"allow":["GET"]}}],"collection":[{"href":"http:\/\/www.lrc50clr.com\/index.php?rest_route=\/wp\/v2\/pages"}],"about":[{"href":"http:\/\/www.lrc50clr.com\/index.php?rest_route=\/wp\/v2\/types\/page"}],"author":[{"embeddable":true,"href":"http:\/\/www.lrc50clr.com\/index.php?rest_route=\/wp\/v2\/users\/1"}],"replies":[{"embeddable":true,"href":"http:\/\/www.lrc50clr.com\/index.php?rest_route=%2Fwp%2Fv2%2Fcomments&post=1281"}],"version-history":[{"count":6,"href":"http:\/\/www.lrc50clr.com\/index.php?rest_route=\/wp\/v2\/pages\/1281\/revisions"}],"predecessor-version":[{"id":1594,"href":"http:\/\/www.lrc50clr.com\/index.php?rest_route=\/wp\/v2\/pages\/1281\/revisions\/1594"}],"up":[{"embeddable":true,"href":"http:\/\/www.lrc50clr.com\/index.php?rest_route=\/wp\/v2\/pages\/63"}],"wp:attachment":[{"href":"http:\/\/www.lrc50clr.com\/index.php?rest_route=%2Fwp%2Fv2%2Fmedia&parent=1281"}],"curies":[{"name":"wp","href":"https:\/\/api.w.org\/{rel}","templated":true}]}}