{"id":1262,"date":"2016-12-18T10:23:08","date_gmt":"2016-12-18T16:23:08","guid":{"rendered":"http:\/\/localhost\/?page_id=1262"},"modified":"2016-12-18T10:24:06","modified_gmt":"2016-12-18T16:24:06","slug":"contexte","status":"publish","type":"page","link":"http:\/\/www.lrc50clr.com\/?page_id=1262","title":{"rendered":"Contexte"},"content":{"rendered":"<h2 style=\"text-align: center;\">1967 &#8211; 2017<\/h2>\n<h2 style=\"text-align: center;\">2017 May 12+13 Mai 2017<\/h2>\n<h4>Une fin de semaine, <a href=\"http:\/\/www.lrc50clr.com\/wp-content\/uploads\/2015\/01\/Thinking_v01.jpg\"><img loading=\"lazy\" decoding=\"async\" class=\"wp-image-971 alignright\" src=\"http:\/\/www.lrc50clr.com\/wp-content\/uploads\/2015\/01\/Thinking_v01-141x300.jpg\" alt=\"Thinking_v01\" width=\"70\" height=\"149\" srcset=\"http:\/\/www.lrc50clr.com\/wp-content\/uploads\/2015\/01\/Thinking_v01-141x300.jpg 141w, http:\/\/www.lrc50clr.com\/wp-content\/uploads\/2015\/01\/Thinking_v01.jpg 150w\" sizes=\"auto, (max-width: 70px) 100vw, 70px\" \/><\/a>J.P. r\u00eavassait du temps o\u00f9 il\u00a0avait planifi\u00e9 la r\u00e9union du 25e anniversaire de son ann\u00e9e de graduation.\u00a0 Il d\u00e9cida que, puisqu\u2019il et tous les autres ont appr\u00e9ci\u00e9 le temps pass\u00e9 \u00e0 refaire connaissance avec d\u2019anciens camarades de classe, il allait organiser un comit\u00e9 de planification pour se pencher sur la r\u00e9union pour le 50e anniversaire de l\u2019\u00e9cole.<\/h4>\n<h4>Ainsi, il a appel\u00e9 sa famille et ses amis, et ils ont appel\u00e9 leurs familles et amis, et voil\u00e0, nous avons maintenant un temps officiel pour c\u00e9l\u00e9brer.<\/h4>\n<h4>C\u2019est les 12 et 13 mai 2017.<\/h4>\n<h4>S\u2019il vous pla\u00eet mettez ce lien sur votre page Facebook et passez le autour \u00e0 toutes les personnes que vous connaissez qui sont all\u00e9es \u00e0 notre \u00e9cole.<\/h4>\n","protected":false},"excerpt":{"rendered":"<p>1967 &ndash; 2017 2017 May 12+13 Mai 2017 Une fin de semaine, J.P. r&ecirc;vassait du temps o&ugrave; il&nbsp;avait planifi&eacute; la r&eacute;union du 25e anniversaire de son ann&eacute;e de graduation.&nbsp; Il d&eacute;cida que, puisqu&rsquo;il et tous les autres ont appr&eacute;ci&eacute; le temps pass&eacute; &agrave; refaire connaissance avec d&rsquo;anciens camarades de classe, il allait organiser un comit&eacute; &hellip; <a href=\"http:\/\/www.lrc50clr.com\/?page_id=1262\" class=\"more-link\">Continue reading <span class=\"screen-reader-text\">Contexte<\/span> <span class=\"meta-nav\">&rarr;<\/span><\/a><\/p>\n","protected":false},"author":1,"featured_media":0,"parent":851,"menu_order":10,"comment_status":"closed","ping_status":"closed","template":"","meta":{"footnotes":""},"class_list":["post-1262","page","type-page","status-publish","hentry"],"yoast_head":"<!-- This site is optimized with the Yoast SEO plugin v24.3 - https:\/\/yoast.com\/wordpress\/plugins\/seo\/ -->\r\n<title>Contexte - LRC50CLR<\/title>\r\n<meta name=\"robots\" content=\"noindex, follow, max-snippet:-1, max-image-preview:large, max-video-preview:-1\" \/>\r\n<meta property=\"og:locale\" content=\"en_US\" \/>\r\n<meta property=\"og:type\" content=\"article\" \/>\r\n<meta property=\"og:title\" content=\"Contexte - LRC50CLR\" \/>\r\n<meta property=\"og:description\" content=\"1967 &ndash; 2017 2017 May 12+13 Mai 2017 Une fin de semaine, J.P. r&ecirc;vassait du temps o&ugrave; il&nbsp;avait planifi&eacute; la r&eacute;union du 25e anniversaire de son ann&eacute;e de graduation.&nbsp; Il d&eacute;cida que, puisqu&rsquo;il et tous les autres ont appr&eacute;ci&eacute; le temps pass&eacute; &agrave; refaire connaissance avec d&rsquo;anciens camarades de classe, il allait organiser un comit&eacute; &hellip; Continue reading Contexte &rarr;\" \/>\r\n<meta property=\"og:url\" content=\"http:\/\/www.lrc50clr.com\/?page_id=1262\" \/>\r\n<meta property=\"og:site_name\" content=\"LRC50CLR\" \/>\r\n<meta property=\"article:modified_time\" content=\"2016-12-18T16:24:06+00:00\" \/>\r\n<meta property=\"og:image\" content=\"http:\/\/www.lrc50clr.com\/wp-content\/uploads\/2015\/01\/Thinking_v01-141x300.jpg\" \/>\r\n<meta name=\"twitter:card\" content=\"summary_large_image\" \/>\r\n<meta name=\"twitter:label1\" content=\"Est. reading time\" \/>\n\t<meta name=\"twitter:data1\" content=\"1 minute\" \/>\r\n<script type=\"application\/ld+json\" class=\"yoast-schema-graph\">{\"@context\":\"https:\/\/schema.org\",\"@graph\":[{\"@type\":\"WebPage\",\"@id\":\"http:\/\/www.lrc50clr.com\/?page_id=1262\",\"url\":\"http:\/\/www.lrc50clr.com\/?page_id=1262\",\"name\":\"Contexte - LRC50CLR\",\"isPartOf\":{\"@id\":\"http:\/\/www.lrc50clr.com\/#website\"},\"primaryImageOfPage\":{\"@id\":\"http:\/\/www.lrc50clr.com\/?page_id=1262#primaryimage\"},\"image\":{\"@id\":\"http:\/\/www.lrc50clr.com\/?page_id=1262#primaryimage\"},\"thumbnailUrl\":\"http:\/\/www.lrc50clr.com\/wp-content\/uploads\/2015\/01\/Thinking_v01-141x300.jpg\",\"datePublished\":\"2016-12-18T16:23:08+00:00\",\"dateModified\":\"2016-12-18T16:24:06+00:00\",\"breadcrumb\":{\"@id\":\"http:\/\/www.lrc50clr.com\/?page_id=1262#breadcrumb\"},\"inLanguage\":\"en-CA\",\"potentialAction\":[{\"@type\":\"ReadAction\",\"target\":[\"http:\/\/www.lrc50clr.com\/?page_id=1262\"]}]},{\"@type\":\"ImageObject\",\"inLanguage\":\"en-CA\",\"@id\":\"http:\/\/www.lrc50clr.com\/?page_id=1262#primaryimage\",\"url\":\"http:\/\/www.lrc50clr.com\/wp-content\/uploads\/2015\/01\/Thinking_v01.jpg\",\"contentUrl\":\"http:\/\/www.lrc50clr.com\/wp-content\/uploads\/2015\/01\/Thinking_v01.jpg\",\"width\":150,\"height\":320},{\"@type\":\"BreadcrumbList\",\"@id\":\"http:\/\/www.lrc50clr.com\/?page_id=1262#breadcrumb\",\"itemListElement\":[{\"@type\":\"ListItem\",\"position\":1,\"name\":\"Home\",\"item\":\"http:\/\/www.lrc50clr.com\/?lang=en\"},{\"@type\":\"ListItem\",\"position\":2,\"name\":\"\u00c0 Propos\",\"item\":\"http:\/\/www.lrc50clr.com\/?page_id=851\"},{\"@type\":\"ListItem\",\"position\":3,\"name\":\"Contexte\"}]},{\"@type\":\"WebSite\",\"@id\":\"http:\/\/www.lrc50clr.com\/#website\",\"url\":\"http:\/\/www.lrc50clr.com\/\",\"name\":\"LRC50CLR\",\"description\":\"Louis Riel Collegiate 50th\/e Coll\u00e8ge Louis Riel\",\"potentialAction\":[{\"@type\":\"SearchAction\",\"target\":{\"@type\":\"EntryPoint\",\"urlTemplate\":\"http:\/\/www.lrc50clr.com\/?s={search_term_string}\"},\"query-input\":{\"@type\":\"PropertyValueSpecification\",\"valueRequired\":true,\"valueName\":\"search_term_string\"}}],\"inLanguage\":\"en-CA\"}]}<\/script>\r\n<!-- \/ Yoast SEO plugin. -->","yoast_head_json":{"title":"Contexte - LRC50CLR","robots":{"index":"noindex","follow":"follow","max-snippet":"max-snippet:-1","max-image-preview":"max-image-preview:large","max-video-preview":"max-video-preview:-1"},"og_locale":"en_US","og_type":"article","og_title":"Contexte - LRC50CLR","og_description":"1967 &ndash; 2017 2017 May 12+13 Mai 2017 Une fin de semaine, J.P. r&ecirc;vassait du temps o&ugrave; il&nbsp;avait planifi&eacute; la r&eacute;union du 25e anniversaire de son ann&eacute;e de graduation.&nbsp; Il d&eacute;cida que, puisqu&rsquo;il et tous les autres ont appr&eacute;ci&eacute; le temps pass&eacute; &agrave; refaire connaissance avec d&rsquo;anciens camarades de classe, il allait organiser un comit&eacute; &hellip; Continue reading Contexte &rarr;","og_url":"http:\/\/www.lrc50clr.com\/?page_id=1262","og_site_name":"LRC50CLR","article_modified_time":"2016-12-18T16:24:06+00:00","og_image":[{"url":"http:\/\/www.lrc50clr.com\/wp-content\/uploads\/2015\/01\/Thinking_v01-141x300.jpg","type":"","width":"","height":""}],"twitter_card":"summary_large_image","twitter_misc":{"Est. reading time":"1 minute"},"schema":{"@context":"https:\/\/schema.org","@graph":[{"@type":"WebPage","@id":"http:\/\/www.lrc50clr.com\/?page_id=1262","url":"http:\/\/www.lrc50clr.com\/?page_id=1262","name":"Contexte - LRC50CLR","isPartOf":{"@id":"http:\/\/www.lrc50clr.com\/#website"},"primaryImageOfPage":{"@id":"http:\/\/www.lrc50clr.com\/?page_id=1262#primaryimage"},"image":{"@id":"http:\/\/www.lrc50clr.com\/?page_id=1262#primaryimage"},"thumbnailUrl":"http:\/\/www.lrc50clr.com\/wp-content\/uploads\/2015\/01\/Thinking_v01-141x300.jpg","datePublished":"2016-12-18T16:23:08+00:00","dateModified":"2016-12-18T16:24:06+00:00","breadcrumb":{"@id":"http:\/\/www.lrc50clr.com\/?page_id=1262#breadcrumb"},"inLanguage":"en-CA","potentialAction":[{"@type":"ReadAction","target":["http:\/\/www.lrc50clr.com\/?page_id=1262"]}]},{"@type":"ImageObject","inLanguage":"en-CA","@id":"http:\/\/www.lrc50clr.com\/?page_id=1262#primaryimage","url":"http:\/\/www.lrc50clr.com\/wp-content\/uploads\/2015\/01\/Thinking_v01.jpg","contentUrl":"http:\/\/www.lrc50clr.com\/wp-content\/uploads\/2015\/01\/Thinking_v01.jpg","width":150,"height":320},{"@type":"BreadcrumbList","@id":"http:\/\/www.lrc50clr.com\/?page_id=1262#breadcrumb","itemListElement":[{"@type":"ListItem","position":1,"name":"Home","item":"http:\/\/www.lrc50clr.com\/?lang=en"},{"@type":"ListItem","position":2,"name":"\u00c0 Propos","item":"http:\/\/www.lrc50clr.com\/?page_id=851"},{"@type":"ListItem","position":3,"name":"Contexte"}]},{"@type":"WebSite","@id":"http:\/\/www.lrc50clr.com\/#website","url":"http:\/\/www.lrc50clr.com\/","name":"LRC50CLR","description":"Louis Riel Collegiate 50th\/e Coll\u00e8ge Louis Riel","potentialAction":[{"@type":"SearchAction","target":{"@type":"EntryPoint","urlTemplate":"http:\/\/www.lrc50clr.com\/?s={search_term_string}"},"query-input":{"@type":"PropertyValueSpecification","valueRequired":true,"valueName":"search_term_string"}}],"inLanguage":"en-CA"}]}},"_links":{"self":[{"href":"http:\/\/www.lrc50clr.com\/index.php?rest_route=\/wp\/v2\/pages\/1262","targetHints":{"allow":["GET"]}}],"collection":[{"href":"http:\/\/www.lrc50clr.com\/index.php?rest_route=\/wp\/v2\/pages"}],"about":[{"href":"http:\/\/www.lrc50clr.com\/index.php?rest_route=\/wp\/v2\/types\/page"}],"author":[{"embeddable":true,"href":"http:\/\/www.lrc50clr.com\/index.php?rest_route=\/wp\/v2\/users\/1"}],"replies":[{"embeddable":true,"href":"http:\/\/www.lrc50clr.com\/index.php?rest_route=%2Fwp%2Fv2%2Fcomments&post=1262"}],"version-history":[{"count":2,"href":"http:\/\/www.lrc50clr.com\/index.php?rest_route=\/wp\/v2\/pages\/1262\/revisions"}],"predecessor-version":[{"id":1264,"href":"http:\/\/www.lrc50clr.com\/index.php?rest_route=\/wp\/v2\/pages\/1262\/revisions\/1264"}],"up":[{"embeddable":true,"href":"http:\/\/www.lrc50clr.com\/index.php?rest_route=\/wp\/v2\/pages\/851"}],"wp:attachment":[{"href":"http:\/\/www.lrc50clr.com\/index.php?rest_route=%2Fwp%2Fv2%2Fmedia&parent=1262"}],"curies":[{"name":"wp","href":"https:\/\/api.w.org\/{rel}","templated":true}]}}